{"id":31277,"date":"2020-09-03T11:38:22","date_gmt":"2020-09-03T09:38:22","guid":{"rendered":"https:\/\/grillette.ch\/weintourismus\/"},"modified":"2023-02-18T10:23:19","modified_gmt":"2023-02-18T09:23:19","slug":"weintourismus","status":"publish","type":"page","link":"https:\/\/grillette.ch\/de\/weintourismus\/","title":{"rendered":"Weintourismus"},"content":{"rendered":"<p>[vc_row row_content_width=&#8220;grid&#8220; css=&#8220;.vc_custom_1569414181451{padding-top: 125px !important;padding-bottom: 14px !important;}&#8220;][vc_column]<div class=\"qodef-shortcode qodef-m  qodef-section-title qodef-alignment--center \">\n\t\t<h3 class=\"qodef-m-title\" >\n\t\tKommen Sie und entdecken Sie unser Wissen durch die verschiedenen unten angebotenen Aktivit\u00e4ten.\t\t<\/h3>\n\t\t<\/div>[\/vc_column][\/vc_row][vc_row content_placement=&#8220;middle&#8220; content_text_alignment=&#8220;center&#8220; css=&#8220;.vc_custom_1566984417967{padding-top: 50px !important;}&#8220;][vc_column][\/vc_column][\/vc_row][vc_row row_content_width=&#8220;grid&#8220;][vc_column css=&#8220;.vc_custom_1595506179826{padding-right: 16px !important;padding-left: 0px !important;}&#8220; offset=&#8220;vc_col-lg-6 vc_col-md-6&#8243; column_responsive_padding_680=&#8220;0 15px 0 15px&#8220; column_responsive_padding_1024=&#8220;0 16px 0 0&#8243; column_responsive_padding_768=&#8220;0 15px 0 15px&#8220;][vc_empty_space height=&#8220;64px&#8220;]<div class=\"qodef-shortcode qodef-m  qodef-section-title qodef-alignment--left \">\n\t\t<h3 class=\"qodef-m-title\" >\n\t\tDie Verkostungen\t\t<\/h3>\n\t\t<\/div>[vc_column_text]\u00d6ffnen Sie die T\u00fcren unseres Weinguts und geniessen Sie einen Moment der Freude und Entdeckung, indem Sie unsere Weine verkosten. Entdecken Sie die Weine, welche sich durch Leidenschaft, Innovation und Pr\u00e4zision hervorheben. Unsere T\u00fcren sind von Donnerstagnachmittag bis Samstagmorgen zur Verkostung und zum Verkauf ge\u00f6ffnet.<\/p>\n<p>&nbsp;<\/p>\n<p>Package Weinprobe: CHF 20.- \/ Person (bei Direktkauf gratis).<\/p>\n<p>Die Package beinhaltet die Verkostung von 6 Weinen nach Wahl. M\u00f6glichkeit, die Weinprobe mit einer kalten Platte zu begleiten f\u00fcr CHF 15.- pro Person (Bestellung mindestens 48 Stunden im Voraus und ab 2 Personen).<\/p>\n<p>Dauer ca. 1,5 Stunden.[\/vc_column_text][vc_empty_space]<p class=\"qodef-shortcode qodef-m  qodef-custom-font qodef-custom-font-6741 qodef-layout--simple\" style=\"color: #e22895;font-family: Dawning of a New Day;font-size: 35px;line-height: 56px\">Au\u00dferhalb dieser Zeiten k\u00f6nnen Sie sich gerne mit uns in Verbindung setzen, um einen Termin zu vereinbaren.<\/p>[\/vc_column][vc_column css=&#8220;.vc_custom_1595506193203{padding-right: 0px !important;padding-left: 16px !important;}&#8220; offset=&#8220;vc_col-lg-6 vc_col-md-6&#8243; column_responsive_padding_680=&#8220;30px 15px 0 15px&#8220; column_responsive_padding_1024=&#8220;0px 0 0 16px&#8220; column_responsive_padding_768=&#8220;30px 15px 0 15px&#8220;][vc_empty_space height=&#8220;64px&#8220;]<div class=\"qodef-shortcode qodef-m  qodef-image-with-text qodef-layout--text-below\">\n\t<div class=\"qodef-m-image\">\n\t\t\t\t<img loading=\"lazy\" decoding=\"async\" width=\"2560\" height=\"1705\" src=\"https:\/\/grillette.ch\/wp-content\/uploads\/2023\/02\/52029928694_fda01d8502_o-scaled.jpg\" class=\"attachment-full size-full\" alt=\"\" srcset=\"https:\/\/grillette.ch\/wp-content\/uploads\/2023\/02\/52029928694_fda01d8502_o-scaled.jpg 2560w, https:\/\/grillette.ch\/wp-content\/uploads\/2023\/02\/52029928694_fda01d8502_o-300x200.jpg 300w, https:\/\/grillette.ch\/wp-content\/uploads\/2023\/02\/52029928694_fda01d8502_o-1024x682.jpg 1024w, https:\/\/grillette.ch\/wp-content\/uploads\/2023\/02\/52029928694_fda01d8502_o-768x512.jpg 768w, https:\/\/grillette.ch\/wp-content\/uploads\/2023\/02\/52029928694_fda01d8502_o-1536x1023.jpg 1536w, https:\/\/grillette.ch\/wp-content\/uploads\/2023\/02\/52029928694_fda01d8502_o-2048x1364.jpg 2048w, https:\/\/grillette.ch\/wp-content\/uploads\/2023\/02\/52029928694_fda01d8502_o-800x533.jpg 800w\" sizes=\"(max-width: 2560px) 100vw, 2560px\" \/>\t\t\t<\/div>\t<div class=\"qodef-m-content\">\n\t\t\t\t\t<\/div>\n<\/div>[\/vc_column][\/vc_row][vc_row content_placement=&#8220;middle&#8220; content_text_alignment=&#8220;center&#8220; css=&#8220;.vc_custom_1566984417967{padding-top: 50px !important;}&#8220;][vc_column][vc_empty_space height=&#8220;64px&#8220;][\/vc_column][\/vc_row][vc_row row_content_width=&#8220;grid&#8220;][vc_column css=&#8220;.vc_custom_1595506219001{padding-right: 16px !important;padding-left: 0% !important;}&#8220; offset=&#8220;vc_col-lg-6 vc_col-md-6&#8243; column_responsive_padding_680=&#8220;0 15px 0 15px&#8220; column_responsive_padding_1024=&#8220;0 16px 0 0&#8243; column_responsive_padding_768=&#8220;0 15px 0 15px&#8220;][vc_empty_space height=&#8220;64px&#8220;]<div class=\"qodef-shortcode qodef-m  qodef-image-with-text qodef-layout--text-below\">\n\t<div class=\"qodef-m-image\">\n\t\t\t\t<img loading=\"lazy\" decoding=\"async\" width=\"1920\" height=\"1281\" src=\"https:\/\/grillette.ch\/wp-content\/uploads\/2020\/07\/Barriques-4.jpg\" class=\"attachment-full size-full\" alt=\"\" srcset=\"https:\/\/grillette.ch\/wp-content\/uploads\/2020\/07\/Barriques-4.jpg 1920w, https:\/\/grillette.ch\/wp-content\/uploads\/2020\/07\/Barriques-4-800x534.jpg 800w, https:\/\/grillette.ch\/wp-content\/uploads\/2020\/07\/Barriques-4-300x200.jpg 300w, https:\/\/grillette.ch\/wp-content\/uploads\/2020\/07\/Barriques-4-1024x683.jpg 1024w, https:\/\/grillette.ch\/wp-content\/uploads\/2020\/07\/Barriques-4-768x512.jpg 768w, https:\/\/grillette.ch\/wp-content\/uploads\/2020\/07\/Barriques-4-1536x1025.jpg 1536w, https:\/\/grillette.ch\/wp-content\/uploads\/2020\/07\/Barriques-4-272x182.jpg 272w\" sizes=\"(max-width: 1920px) 100vw, 1920px\" \/>\t\t\t<\/div>\t<div class=\"qodef-m-content\">\n\t\t\t\t\t<\/div>\n<\/div>[\/vc_column][vc_column css=&#8220;.vc_custom_1595506229989{padding-right: 0px !important;padding-left: 16px !important;}&#8220; offset=&#8220;vc_col-lg-6 vc_col-md-6&#8243; column_responsive_padding_680=&#8220;30px 15px 0 15px&#8220; column_responsive_padding_1024=&#8220;0px 0 0 16px&#8220; column_responsive_padding_768=&#8220;30px 15px 0 15px&#8220;][vc_empty_space height=&#8220;64px&#8220;]<div class=\"qodef-shortcode qodef-m  qodef-section-title qodef-alignment--left \">\n\t\t<h3 class=\"qodef-m-title\" >\n\t\tDie Kellerbesuche\t\t<\/h3>\n\t\t<\/div>[vc_column_text]Besuchen Sie als Paar, mit Familie oder Freunden, unseren Keller und geniessen Sie eine private Verkostung.<\/p>\n<p>&nbsp;<\/p>\n<p>Pauschale f\u00fcr Besuch und Verkostung: CHF 30.00 pro Person (bei Direktkauf gratis).<\/p>\n<p>Die Pauschale beinhaltet einen Willkommensdrink, die Besichtigung des Weinkellers, die Verkostung von 6 Weinen nach Wahl, Fl\u00f6ten. Es besteht die M\u00f6glichkeit, die Weinprobe mit einer kalten Platte f\u00fcr CHF 15.00 pro Person zu begleiten (Bestellung mindestens 48 Stunden im Voraus).<\/p>\n<p>Dauer ca. 2.00 Uhr.<\/p>\n<p>Minimum 4 Personen.<\/p>\n<p>[\/vc_column_text][vc_empty_space]<p class=\"qodef-shortcode qodef-m  qodef-custom-font qodef-custom-font-821 qodef-layout--simple\" style=\"color: #e22895;font-family: Dawning of a New Day;font-size: 35px;line-height: 56px\">Besichtigung nur nach Vereinbarung.<\/p>[\/vc_column][\/vc_row][vc_row content_placement=&#8220;middle&#8220; content_text_alignment=&#8220;center&#8220; css=&#8220;.vc_custom_1566984417967{padding-top: 50px !important;}&#8220;][vc_column][vc_empty_space height=&#8220;64px&#8220;][\/vc_column][\/vc_row][vc_row row_content_width=&#8220;grid&#8220;][vc_column css=&#8220;.vc_custom_1595506247569{padding-right: 16px !important;padding-left: 0px !important;}&#8220; offset=&#8220;vc_col-lg-6 vc_col-md-6&#8243; column_responsive_padding_680=&#8220;0 15px 0 15px&#8220; column_responsive_padding_1024=&#8220;0 16px 0 0&#8243; column_responsive_padding_768=&#8220;0 15px 0 15px&#8220;][vc_empty_space height=&#8220;64px&#8220;]<div class=\"qodef-shortcode qodef-m  qodef-section-title qodef-alignment--left \">\n\t\t<h3 class=\"qodef-m-title\" >\n\t\tLa d\u00e9couverte du vignoble\t\t<\/h3>\n\t\t<\/div>[vc_column_text]VIP-Erlebnis im Herzen der Weinberge.<\/p>\n<p>Wir zeigen Ihnen an Bord eines alten Land Rovers aus den 1960er Jahren unseren Weinberg und seine Vielfalt. Geniessen Sie eine F\u00fchrung durch unser Terroir inklusive einer aussergew\u00f6hnlichen Degustation im Herzen unserer Parzellen. Erleben Sie diesen Moment mit einer atemberaubenden Aussicht.<\/p>\n<p>Aussergew\u00f6hnlicher Ausflug, Dauer ca. 1,5 \u2013 2 Stunden, CHF 79.\u2013 pro Person (maximal 6 Personen).<\/p>\n<p>Es besteht die M\u00f6glichkeit das Angebot \u00abKellerbesuch\u00bb inkl. Degustation zu einem Aufpreis von CHF 30.\u2013 pro Person anzuh\u00e4ngen.[\/vc_column_text][vc_empty_space]<p class=\"qodef-shortcode qodef-m  qodef-custom-font qodef-custom-font-9397 qodef-layout--simple\" style=\"color: #e22895;font-family: Dawning of a New Day;font-size: 35px;line-height: 56px\">Ein unvergessliches Erlebnis \u00ab im Herzen der Weinberge \u00bb. Reservierung erforderlich.<\/p>[\/vc_column][vc_column css=&#8220;.vc_custom_1595506258144{padding-right: 0px !important;padding-left: 16px !important;}&#8220; offset=&#8220;vc_col-lg-6 vc_col-md-6&#8243; column_responsive_padding_680=&#8220;30px 15px 0 15px&#8220; column_responsive_padding_1024=&#8220;0px 0 0 16px&#8220; column_responsive_padding_768=&#8220;30px 15px 0 15px&#8220;][vc_empty_space height=&#8220;64px&#8220;]<div class=\"qodef-shortcode qodef-m  qodef-image-with-text qodef-layout--text-below\">\n\t<div class=\"qodef-m-image\">\n\t\t\t\t<img loading=\"lazy\" decoding=\"async\" width=\"1920\" height=\"1281\" src=\"https:\/\/grillette.ch\/wp-content\/uploads\/2020\/07\/Vignes-11.jpg\" class=\"attachment-full size-full\" alt=\"\" srcset=\"https:\/\/grillette.ch\/wp-content\/uploads\/2020\/07\/Vignes-11.jpg 1920w, https:\/\/grillette.ch\/wp-content\/uploads\/2020\/07\/Vignes-11-800x534.jpg 800w, https:\/\/grillette.ch\/wp-content\/uploads\/2020\/07\/Vignes-11-300x200.jpg 300w, https:\/\/grillette.ch\/wp-content\/uploads\/2020\/07\/Vignes-11-1024x683.jpg 1024w, https:\/\/grillette.ch\/wp-content\/uploads\/2020\/07\/Vignes-11-768x512.jpg 768w, https:\/\/grillette.ch\/wp-content\/uploads\/2020\/07\/Vignes-11-1536x1025.jpg 1536w, https:\/\/grillette.ch\/wp-content\/uploads\/2020\/07\/Vignes-11-272x182.jpg 272w\" sizes=\"(max-width: 1920px) 100vw, 1920px\" \/>\t\t\t<\/div>\t<div class=\"qodef-m-content\">\n\t\t\t\t\t<\/div>\n<\/div>[\/vc_column][\/vc_row][vc_row content_placement=&#8220;middle&#8220; content_text_alignment=&#8220;center&#8220; css=&#8220;.vc_custom_1566984417967{padding-top: 50px !important;}&#8220;][vc_column][vc_empty_space height=&#8220;64px&#8220;][\/vc_column][\/vc_row][vc_row row_content_width=&#8220;grid&#8220;][vc_column css=&#8220;.vc_custom_1595506272439{padding-right: 16px !important;padding-left: 0px !important;}&#8220; offset=&#8220;vc_col-lg-6 vc_col-md-6&#8243; column_responsive_padding_680=&#8220;0 15px 0 15px&#8220; column_responsive_padding_1024=&#8220;0 16px 0 0&#8243; column_responsive_padding_768=&#8220;0 15px 0 15px&#8220;][vc_empty_space height=&#8220;64px&#8220;]<div class=\"qodef-shortcode qodef-m  qodef-image-with-text qodef-layout--text-below\">\n\t<div class=\"qodef-m-image\">\n\t\t\t\t<img loading=\"lazy\" decoding=\"async\" width=\"1920\" height=\"1169\" src=\"https:\/\/grillette.ch\/wp-content\/uploads\/2020\/07\/Event-2.jpg\" class=\"attachment-full size-full\" alt=\"\" srcset=\"https:\/\/grillette.ch\/wp-content\/uploads\/2020\/07\/Event-2.jpg 1920w, https:\/\/grillette.ch\/wp-content\/uploads\/2020\/07\/Event-2-800x487.jpg 800w, https:\/\/grillette.ch\/wp-content\/uploads\/2020\/07\/Event-2-300x183.jpg 300w, https:\/\/grillette.ch\/wp-content\/uploads\/2020\/07\/Event-2-1024x623.jpg 1024w, https:\/\/grillette.ch\/wp-content\/uploads\/2020\/07\/Event-2-768x468.jpg 768w, https:\/\/grillette.ch\/wp-content\/uploads\/2020\/07\/Event-2-1536x935.jpg 1536w\" sizes=\"(max-width: 1920px) 100vw, 1920px\" \/>\t\t\t<\/div>\t<div class=\"qodef-m-content\">\n\t\t\t\t\t<\/div>\n<\/div>[\/vc_column][vc_column css=&#8220;.vc_custom_1595506286755{padding-right: 0px !important;padding-left: 16px !important;}&#8220; offset=&#8220;vc_col-lg-6 vc_col-md-6&#8243; column_responsive_padding_680=&#8220;30px 15px 0 15px&#8220; column_responsive_padding_1024=&#8220;0px 0 0 16px&#8220; column_responsive_padding_768=&#8220;30px 15px 0 15px&#8220;][vc_empty_space height=&#8220;64px&#8220;]<div class=\"qodef-shortcode qodef-m  qodef-section-title qodef-alignment--left \">\n\t\t<h3 class=\"qodef-m-title\" >\n\t\tPrivate Events\t\t<\/h3>\n\t\t<\/div>[vc_column_text]Auf Anfrage organisieren wir Ihre private Veranstaltung im Herzen unseres Degustationskellers oder in unserem alten \u00abBurgundergarten\u00bb.<\/p>\n<p>Wir arbeiten mit verschiedenen Catering-Partnern zusammen. Gerne organisieren wir den Anlass nach Ihren W\u00fcnschen und Vorstellungen.[\/vc_column_text][vc_empty_space]<p class=\"qodef-shortcode qodef-m  qodef-custom-font qodef-custom-font-7832 qodef-layout--simple\" style=\"color: #e22895;font-family: Dawning of a New Day;font-size: 35px;line-height: 56px\">Z\u00f6gern Sie nicht, uns Ihr Anliegen mitzuteilen.<\/p>[\/vc_column][\/vc_row]<\/p>\n","protected":false},"excerpt":{"rendered":"<p>[vc_row row_content_width=&#8220;grid&#8220; css=&#8220;.vc_custom_1569414181451{padding-top: 125px !important;padding-bottom: 14px !important;}&#8220;][vc_column][\/vc_column][\/vc_row][vc_row content_placement=&#8220;middle&#8220; content_text_alignment=&#8220;center&#8220; css=&#8220;.vc_custom_1566984417967{padding-top: 50px !important;}&#8220;][vc_column][\/vc_column][\/vc_row][vc_row row_content_width=&#8220;grid&#8220;][vc_column css=&#8220;.vc_custom_1595506179826{padding-right: 16px !important;padding-left: 0px !important;}&#8220; offset=&#8220;vc_col-lg-6 vc_col-md-6&#8243; column_responsive_padding_680=&#8220;0 15px 0 15px&#8220; column_responsive_padding_1024=&#8220;0 16px 0 0&#8243; column_responsive_padding_768=&#8220;0 15px 0 15px&#8220;][vc_empty_space height=&#8220;64px&#8220;][vc_column_text]\u00d6ffnen Sie die T\u00fcren unseres Weinguts und geniessen Sie einen Moment der Freude und Entdeckung, indem Sie unsere Weine verkosten. Entdecken Sie die [&hellip;]<\/p>\n","protected":false},"author":1,"featured_media":0,"parent":0,"menu_order":0,"comment_status":"closed","ping_status":"closed","template":"page-full-width.php","meta":{"footnotes":""},"class_list":["post-31277","page","type-page","status-publish","hentry"],"yoast_head":"<!-- This site is optimized with the Yoast SEO plugin v24.3 - https:\/\/yoast.com\/wordpress\/plugins\/seo\/ -->\n<title>Weintourismus - Grillette Domaine De Cressier<\/title>\n<meta name=\"robots\" content=\"index, follow, max-snippet:-1, max-image-preview:large, max-video-preview:-1\" \/>\n<link rel=\"canonical\" href=\"https:\/\/grillette.ch\/de\/weintourismus\/\" \/>\n<meta property=\"og:locale\" content=\"de_DE\" \/>\n<meta property=\"og:type\" content=\"article\" \/>\n<meta property=\"og:title\" content=\"Weintourismus - Grillette Domaine De Cressier\" \/>\n<meta property=\"og:description\" content=\"[vc_row row_content_width=&#8220;grid&#8220; css=&#8220;.vc_custom_1569414181451{padding-top: 125px !important;padding-bottom: 14px !important;}&#8220;][vc_column][\/vc_column][\/vc_row][vc_row content_placement=&#8220;middle&#8220; content_text_alignment=&#8220;center&#8220; css=&#8220;.vc_custom_1566984417967{padding-top: 50px !important;}&#8220;][vc_column][\/vc_column][\/vc_row][vc_row row_content_width=&#8220;grid&#8220;][vc_column css=&#8220;.vc_custom_1595506179826{padding-right: 16px !important;padding-left: 0px !important;}&#8220; offset=&#8220;vc_col-lg-6 vc_col-md-6&#8243; column_responsive_padding_680=&#8220;0 15px 0 15px&#8220; column_responsive_padding_1024=&#8220;0 16px 0 0&#8243; column_responsive_padding_768=&#8220;0 15px 0 15px&#8220;][vc_empty_space height=&#8220;64px&#8220;][vc_column_text]\u00d6ffnen Sie die T\u00fcren unseres Weinguts und geniessen Sie einen Moment der Freude und Entdeckung, indem Sie unsere Weine verkosten. Entdecken Sie die [&hellip;]\" \/>\n<meta property=\"og:url\" content=\"https:\/\/grillette.ch\/de\/weintourismus\/\" \/>\n<meta property=\"og:site_name\" content=\"Grillette Domaine De Cressier\" \/>\n<meta property=\"article:modified_time\" content=\"2023-02-18T09:23:19+00:00\" \/>\n<meta name=\"twitter:card\" content=\"summary_large_image\" \/>\n<meta name=\"twitter:label1\" content=\"Gesch\u00e4tzte Lesezeit\" \/>\n\t<meta name=\"twitter:data1\" content=\"5\u00a0Minuten\" \/>\n<script type=\"application\/ld+json\" class=\"yoast-schema-graph\">{\"@context\":\"https:\/\/schema.org\",\"@graph\":[{\"@type\":\"WebPage\",\"@id\":\"https:\/\/grillette.ch\/de\/weintourismus\/\",\"url\":\"https:\/\/grillette.ch\/de\/weintourismus\/\",\"name\":\"Weintourismus - Grillette Domaine De Cressier\",\"isPartOf\":{\"@id\":\"https:\/\/grillette.ch\/#website\"},\"datePublished\":\"2020-09-03T09:38:22+00:00\",\"dateModified\":\"2023-02-18T09:23:19+00:00\",\"breadcrumb\":{\"@id\":\"https:\/\/grillette.ch\/de\/weintourismus\/#breadcrumb\"},\"inLanguage\":\"de\",\"potentialAction\":[{\"@type\":\"ReadAction\",\"target\":[\"https:\/\/grillette.ch\/de\/weintourismus\/\"]}]},{\"@type\":\"BreadcrumbList\",\"@id\":\"https:\/\/grillette.ch\/de\/weintourismus\/#breadcrumb\",\"itemListElement\":[{\"@type\":\"ListItem\",\"position\":1,\"name\":\"Accueil\",\"item\":\"https:\/\/grillette.ch\/de\/startseite\/\"},{\"@type\":\"ListItem\",\"position\":2,\"name\":\"Weintourismus\"}]},{\"@type\":\"WebSite\",\"@id\":\"https:\/\/grillette.ch\/#website\",\"url\":\"https:\/\/grillette.ch\/\",\"name\":\"Grillette Domaine De Cressier\",\"description\":\"Les horlogers du vin\",\"publisher\":{\"@id\":\"https:\/\/grillette.ch\/#organization\"},\"potentialAction\":[{\"@type\":\"SearchAction\",\"target\":{\"@type\":\"EntryPoint\",\"urlTemplate\":\"https:\/\/grillette.ch\/?s={search_term_string}\"},\"query-input\":{\"@type\":\"PropertyValueSpecification\",\"valueRequired\":true,\"valueName\":\"search_term_string\"}}],\"inLanguage\":\"de\"},{\"@type\":\"Organization\",\"@id\":\"https:\/\/grillette.ch\/#organization\",\"name\":\"Grillette Domaine De Cressier\",\"url\":\"https:\/\/grillette.ch\/\",\"logo\":{\"@type\":\"ImageObject\",\"inLanguage\":\"de\",\"@id\":\"https:\/\/grillette.ch\/#\/schema\/logo\/image\/\",\"url\":\"https:\/\/grillette.ch\/wp-content\/uploads\/2020\/02\/cropped-Grillette-Horlogers-positif_R-2.jpg\",\"contentUrl\":\"https:\/\/grillette.ch\/wp-content\/uploads\/2020\/02\/cropped-Grillette-Horlogers-positif_R-2.jpg\",\"width\":1325,\"height\":415,\"caption\":\"Grillette Domaine De Cressier\"},\"image\":{\"@id\":\"https:\/\/grillette.ch\/#\/schema\/logo\/image\/\"},\"sameAs\":[\"https:\/\/www.instagram.com\/lagrillette\"]}]}<\/script>\n<!-- \/ Yoast SEO plugin. -->","yoast_head_json":{"title":"Weintourismus - Grillette Domaine De Cressier","robots":{"index":"index","follow":"follow","max-snippet":"max-snippet:-1","max-image-preview":"max-image-preview:large","max-video-preview":"max-video-preview:-1"},"canonical":"https:\/\/grillette.ch\/de\/weintourismus\/","og_locale":"de_DE","og_type":"article","og_title":"Weintourismus - Grillette Domaine De Cressier","og_description":"[vc_row row_content_width=&#8220;grid&#8220; css=&#8220;.vc_custom_1569414181451{padding-top: 125px !important;padding-bottom: 14px !important;}&#8220;][vc_column][\/vc_column][\/vc_row][vc_row content_placement=&#8220;middle&#8220; content_text_alignment=&#8220;center&#8220; css=&#8220;.vc_custom_1566984417967{padding-top: 50px !important;}&#8220;][vc_column][\/vc_column][\/vc_row][vc_row row_content_width=&#8220;grid&#8220;][vc_column css=&#8220;.vc_custom_1595506179826{padding-right: 16px !important;padding-left: 0px !important;}&#8220; offset=&#8220;vc_col-lg-6 vc_col-md-6&#8243; column_responsive_padding_680=&#8220;0 15px 0 15px&#8220; column_responsive_padding_1024=&#8220;0 16px 0 0&#8243; column_responsive_padding_768=&#8220;0 15px 0 15px&#8220;][vc_empty_space height=&#8220;64px&#8220;][vc_column_text]\u00d6ffnen Sie die T\u00fcren unseres Weinguts und geniessen Sie einen Moment der Freude und Entdeckung, indem Sie unsere Weine verkosten. Entdecken Sie die [&hellip;]","og_url":"https:\/\/grillette.ch\/de\/weintourismus\/","og_site_name":"Grillette Domaine De Cressier","article_modified_time":"2023-02-18T09:23:19+00:00","twitter_card":"summary_large_image","twitter_misc":{"Gesch\u00e4tzte Lesezeit":"5\u00a0Minuten"},"schema":{"@context":"https:\/\/schema.org","@graph":[{"@type":"WebPage","@id":"https:\/\/grillette.ch\/de\/weintourismus\/","url":"https:\/\/grillette.ch\/de\/weintourismus\/","name":"Weintourismus - Grillette Domaine De Cressier","isPartOf":{"@id":"https:\/\/grillette.ch\/#website"},"datePublished":"2020-09-03T09:38:22+00:00","dateModified":"2023-02-18T09:23:19+00:00","breadcrumb":{"@id":"https:\/\/grillette.ch\/de\/weintourismus\/#breadcrumb"},"inLanguage":"de","potentialAction":[{"@type":"ReadAction","target":["https:\/\/grillette.ch\/de\/weintourismus\/"]}]},{"@type":"BreadcrumbList","@id":"https:\/\/grillette.ch\/de\/weintourismus\/#breadcrumb","itemListElement":[{"@type":"ListItem","position":1,"name":"Accueil","item":"https:\/\/grillette.ch\/de\/startseite\/"},{"@type":"ListItem","position":2,"name":"Weintourismus"}]},{"@type":"WebSite","@id":"https:\/\/grillette.ch\/#website","url":"https:\/\/grillette.ch\/","name":"Grillette Domaine De Cressier","description":"Les horlogers du vin","publisher":{"@id":"https:\/\/grillette.ch\/#organization"},"potentialAction":[{"@type":"SearchAction","target":{"@type":"EntryPoint","urlTemplate":"https:\/\/grillette.ch\/?s={search_term_string}"},"query-input":{"@type":"PropertyValueSpecification","valueRequired":true,"valueName":"search_term_string"}}],"inLanguage":"de"},{"@type":"Organization","@id":"https:\/\/grillette.ch\/#organization","name":"Grillette Domaine De Cressier","url":"https:\/\/grillette.ch\/","logo":{"@type":"ImageObject","inLanguage":"de","@id":"https:\/\/grillette.ch\/#\/schema\/logo\/image\/","url":"https:\/\/grillette.ch\/wp-content\/uploads\/2020\/02\/cropped-Grillette-Horlogers-positif_R-2.jpg","contentUrl":"https:\/\/grillette.ch\/wp-content\/uploads\/2020\/02\/cropped-Grillette-Horlogers-positif_R-2.jpg","width":1325,"height":415,"caption":"Grillette Domaine De Cressier"},"image":{"@id":"https:\/\/grillette.ch\/#\/schema\/logo\/image\/"},"sameAs":["https:\/\/www.instagram.com\/lagrillette"]}]}},"jetpack_sharing_enabled":true,"_links":{"self":[{"href":"https:\/\/grillette.ch\/de\/wp-json\/wp\/v2\/pages\/31277"}],"collection":[{"href":"https:\/\/grillette.ch\/de\/wp-json\/wp\/v2\/pages"}],"about":[{"href":"https:\/\/grillette.ch\/de\/wp-json\/wp\/v2\/types\/page"}],"author":[{"embeddable":true,"href":"https:\/\/grillette.ch\/de\/wp-json\/wp\/v2\/users\/1"}],"replies":[{"embeddable":true,"href":"https:\/\/grillette.ch\/de\/wp-json\/wp\/v2\/comments?post=31277"}],"version-history":[{"count":17,"href":"https:\/\/grillette.ch\/de\/wp-json\/wp\/v2\/pages\/31277\/revisions"}],"predecessor-version":[{"id":33213,"href":"https:\/\/grillette.ch\/de\/wp-json\/wp\/v2\/pages\/31277\/revisions\/33213"}],"wp:attachment":[{"href":"https:\/\/grillette.ch\/de\/wp-json\/wp\/v2\/media?parent=31277"}],"curies":[{"name":"wp","href":"https:\/\/api.w.org\/{rel}","templated":true}]}}