{"id":31317,"date":"2020-09-03T11:49:42","date_gmt":"2020-09-03T09:49:42","guid":{"rendered":"https:\/\/grillette.ch\/aktuelles-vom-grillette\/"},"modified":"2020-09-11T16:52:14","modified_gmt":"2020-09-11T14:52:14","slug":"aktuelles-vom-grillette","status":"publish","type":"page","link":"https:\/\/grillette.ch\/de\/aktuelles-vom-grillette\/","title":{"rendered":"Aktuelles vom Grillette"},"content":{"rendered":"<p>[vc_row row_content_width=&#8220;grid&#8220;][vc_column]<div class=\"qodef-shortcode qodef-m  qodef-section-title qodef-alignment--left \">\n\t\t<h2 class=\"qodef-m-title\" >\n\t\tDie neuesten Nachrichten aus dem Domaine\t\t<\/h2>\n\t\t<\/div>[vc_empty_space height=&#8220;50px&#8220;][vc_separator][vc_empty_space height=&#8220;50px&#8220;]<div class=\"qodef-shortcode qodef-m  qodef-blog qodef--list qodef-item-layout--standard qodef-grid qodef-layout--columns  qodef-gutter--medium qodef-col-num--1 qodef-item-layout--standard qodef-item-skin--light qodef-filter--on qodef-pagination--on qodef-pagination-type--load-more qodef-responsive--predefined\" data-options=\"{&quot;plugin&quot;:&quot;aperitif_core&quot;,&quot;module&quot;:&quot;blog\\\/shortcodes&quot;,&quot;shortcode&quot;:&quot;blog-list&quot;,&quot;post_type&quot;:&quot;post&quot;,&quot;next_page&quot;:&quot;2&quot;,&quot;max_pages_num&quot;:4,&quot;behavior&quot;:&quot;columns&quot;,&quot;images_proportion&quot;:&quot;full&quot;,&quot;columns&quot;:&quot;1&quot;,&quot;space&quot;:&quot;medium&quot;,&quot;columns_responsive&quot;:&quot;predefined&quot;,&quot;columns_1440&quot;:&quot;3&quot;,&quot;columns_1366&quot;:&quot;3&quot;,&quot;columns_1024&quot;:&quot;3&quot;,&quot;columns_768&quot;:&quot;3&quot;,&quot;columns_680&quot;:&quot;3&quot;,&quot;columns_480&quot;:&quot;3&quot;,&quot;posts_per_page&quot;:&quot;5&quot;,&quot;orderby&quot;:&quot;date&quot;,&quot;order&quot;:&quot;DESC&quot;,&quot;additional_params&quot;:&quot;tax&quot;,&quot;tax&quot;:&quot;category&quot;,&quot;layout&quot;:&quot;standard&quot;,&quot;title_tag&quot;:&quot;h3&quot;,&quot;skin&quot;:&quot;light&quot;,&quot;enable_filter&quot;:&quot;no&quot;,&quot;pagination_type&quot;:&quot;load-more&quot;,&quot;object_class_name&quot;:&quot;AperitifCoreBlogListShortcode&quot;,&quot;taxonomy_filter&quot;:&quot;category&quot;,&quot;space_value&quot;:20}\">\n\t\t<div class=\"qodef-grid-inner clear\">\n\t\t<article class=\"qodef-e qodef-grid-item qodef-item--full post-34458 post type-post status-publish format-standard hentry category-die-neuesten-nachrichten-aus-dem-domaine\">\n\t<div class=\"qodef-e-inner\">\n\t\t<div class=\"qodef-e-media\">\n\t<\/div>\t\t<div class=\"qodef-e-content\">\n\t\t\t<div class=\"qodef-e-info qodef-info--top\">\n\t\t\t\t<div itemprop=\"dateCreated\" class=\"qodef-e-info-item qodef-e-info-date entry-date \">\n\t<a itemprop=\"url\" href=\"https:\/\/grillette.ch\/de\/2025\/11\/\">14. November 2025<\/a>\n\t<meta itemprop=\"interactionCount\" content=\"UserComments: 0\"\/>\n<\/div><div class=\"qodef-e-info-item qodef-e-info-author\">\n\t<span class=\"qodef-e-info-author-label\">By<\/span>\n\t<a itemprop=\"author\" class=\"qodef-e-info-author-link\"\n\t   href=\"https:\/\/grillette.ch\/de\/author\/infogrillette-ch\/\">\n\t\tRisse Marilyn\t<\/a>\n<\/div><div class=\"qodef-e-info-item qodef-e-info-category\">\n\t<a href=\"https:\/\/grillette.ch\/de\/category\/die-neuesten-nachrichten-aus-dem-domaine\/\" rel=\"category tag\">Die neuesten Nachrichten aus dem Domaine.<\/a><\/div>\t\t\t<\/div>\n\t\t\t<div class=\"qodef-e-text\">\n\t\t\t\t<h3 itemprop=\"name\" class=\"qodef-e-title entry-title\">\n<a itemprop=\"url\" class=\"qodef-e-title-link\" href=\"https:\/\/grillette.ch\/de\/die-primeurs-2025-sind-da\/\" title=\"Die Primeurs 2025 sind da!\">\n\t\tDie Primeurs 2025 sind da!\t<\/a>\n<\/h3>\t\t<p itemprop=\"description\" class=\"qodef-e-excerpt\">\n\t\t\t\ud83c\udf77 Die Primeurs 2025 sind da! In diesem Jahr freuen wir uns, gro\u00dfe Neuigkeiten zu pr\u00e4sentieren: F\u00fcr den Jahrgang 2025 bringen wir drei unterschiedliche Primeurs auf den Markt,\t\t<\/p>\n\t\t\t\t<\/div>\n\t\t\t<div class=\"qodef-e-info qodef-info--bottom\">\n\t\t\t\t<div class=\"qodef-e-info-left\">\n\t\t\t\t\t\t\t\t\t<\/div>\n\t\t\t\t\t\t\t\t\t<div class=\"qodef-e-info-right\">\n\t\t\t\t\t\t<div class=\"qodef-shortcode qodef-m  qodef-social-share clear qodef-layout--dropdown qodef-dropdown--left\">\t<a class=\"qodef-social-share-dropdown-opener\" href=\"javascript:void(0)\">\t\t<i class=\"qodef-social-share-icon icon-basic-share\"><\/i>\t<\/a>\t<div class=\"qodef-social-share-dropdown\">\t\t<ul class=\"qodef-shortcode-list\">\t\t\t\t\t<\/ul>\t<\/div><\/div>\t\t\t\t\t<\/div>\n\t\t\t\t\t\t\t<\/div>\n\t\t<\/div>\n\t<\/div>\n<\/article><article class=\"qodef-e qodef-grid-item qodef-item--full post-34434 post type-post status-publish format-standard hentry category-die-neuesten-nachrichten-aus-dem-domaine category-veranstaltung\">\n\t<div class=\"qodef-e-inner\">\n\t\t<div class=\"qodef-e-media\">\n\t<\/div>\t\t<div class=\"qodef-e-content\">\n\t\t\t<div class=\"qodef-e-info qodef-info--top\">\n\t\t\t\t<div itemprop=\"dateCreated\" class=\"qodef-e-info-item qodef-e-info-date entry-date \">\n\t<a itemprop=\"url\" href=\"https:\/\/grillette.ch\/de\/2025\/11\/\">6. November 2025<\/a>\n\t<meta itemprop=\"interactionCount\" content=\"UserComments: 0\"\/>\n<\/div><div class=\"qodef-e-info-item qodef-e-info-author\">\n\t<span class=\"qodef-e-info-author-label\">By<\/span>\n\t<a itemprop=\"author\" class=\"qodef-e-info-author-link\"\n\t   href=\"https:\/\/grillette.ch\/de\/author\/infogrillette-ch\/\">\n\t\tRisse Marilyn\t<\/a>\n<\/div><div class=\"qodef-e-info-item qodef-e-info-category\">\n\t<a href=\"https:\/\/grillette.ch\/de\/category\/die-neuesten-nachrichten-aus-dem-domaine\/\" rel=\"category tag\">Die neuesten Nachrichten aus dem Domaine.<\/a>, <a href=\"https:\/\/grillette.ch\/de\/category\/veranstaltung\/\" rel=\"category tag\">Veranstaltung<\/a><\/div>\t\t\t<\/div>\n\t\t\t<div class=\"qodef-e-text\">\n\t\t\t\t<h3 itemprop=\"name\" class=\"qodef-e-title entry-title\">\n<a itemprop=\"url\" class=\"qodef-e-title-link\" href=\"https:\/\/grillette.ch\/de\/herbstdegustation\/\" title=\"Herbstdegustation\">\n\t\tHerbstdegustation\t<\/a>\n<\/h3>\t\t<p itemprop=\"description\" class=\"qodef-e-excerpt\">\n\t\t\t\ud83c\udf42 Herbstdegustation \u2013 28. &amp; 29. November Der Herbst ist da\u2026 und mit ihm die Lust auf genussvolle Momente! Wir freuen uns sehr, Sie zu unserer Herbstdegustation einzulade\t\t<\/p>\n\t\t\t\t<\/div>\n\t\t\t<div class=\"qodef-e-info qodef-info--bottom\">\n\t\t\t\t<div class=\"qodef-e-info-left\">\n\t\t\t\t\t\t\t\t\t<\/div>\n\t\t\t\t\t\t\t\t\t<div class=\"qodef-e-info-right\">\n\t\t\t\t\t\t<div class=\"qodef-shortcode qodef-m  qodef-social-share clear qodef-layout--dropdown qodef-dropdown--left\">\t<a class=\"qodef-social-share-dropdown-opener\" href=\"javascript:void(0)\">\t\t<i class=\"qodef-social-share-icon icon-basic-share\"><\/i>\t<\/a>\t<div class=\"qodef-social-share-dropdown\">\t\t<ul class=\"qodef-shortcode-list\">\t\t\t\t\t<\/ul>\t<\/div><\/div>\t\t\t\t\t<\/div>\n\t\t\t\t\t\t\t<\/div>\n\t\t<\/div>\n\t<\/div>\n<\/article><article class=\"qodef-e qodef-grid-item qodef-item--full post-34379 post type-post status-publish format-standard hentry category-die-neuesten-nachrichten-aus-dem-domaine category-presse\">\n\t<div class=\"qodef-e-inner\">\n\t\t<div class=\"qodef-e-media\">\n\t<\/div>\t\t<div class=\"qodef-e-content\">\n\t\t\t<div class=\"qodef-e-info qodef-info--top\">\n\t\t\t\t<div itemprop=\"dateCreated\" class=\"qodef-e-info-item qodef-e-info-date entry-date \">\n\t<a itemprop=\"url\" href=\"https:\/\/grillette.ch\/de\/2025\/09\/\">5. September 2025<\/a>\n\t<meta itemprop=\"interactionCount\" content=\"UserComments: 0\"\/>\n<\/div><div class=\"qodef-e-info-item qodef-e-info-author\">\n\t<span class=\"qodef-e-info-author-label\">By<\/span>\n\t<a itemprop=\"author\" class=\"qodef-e-info-author-link\"\n\t   href=\"https:\/\/grillette.ch\/de\/author\/infogrillette-ch\/\">\n\t\tRisse Marilyn\t<\/a>\n<\/div><div class=\"qodef-e-info-item qodef-e-info-category\">\n\t<a href=\"https:\/\/grillette.ch\/de\/category\/die-neuesten-nachrichten-aus-dem-domaine\/\" rel=\"category tag\">Die neuesten Nachrichten aus dem Domaine.<\/a>, <a href=\"https:\/\/grillette.ch\/de\/category\/presse\/\" rel=\"category tag\">Presse<\/a><\/div>\t\t\t<\/div>\n\t\t\t<div class=\"qodef-e-text\">\n\t\t\t\t<h3 itemprop=\"name\" class=\"qodef-e-title entry-title\">\n<a itemprop=\"url\" class=\"qodef-e-title-link\" href=\"https:\/\/grillette.ch\/de\/zwei-neue-medaillen-am-grand-prix-du-vin-suisse\/\" title=\"Zwei neue Medaillen am Grand Prix du Vin Suisse\">\n\t\tZwei neue Medaillen am Grand Prix du Vin Suisse\t<\/a>\n<\/h3>\t\t<p itemprop=\"description\" class=\"qodef-e-excerpt\">\n\t\t\tMit grosser Freude d\u00fcrfen wir eine hervorragende Neuigkeit verk\u00fcnden: Unsere Weine haben bei der Ausgabe 2025 des Grand Prix du Vin Suisse, einem der renommiertesten Weinwettbewe\t\t<\/p>\n\t\t\t\t<\/div>\n\t\t\t<div class=\"qodef-e-info qodef-info--bottom\">\n\t\t\t\t<div class=\"qodef-e-info-left\">\n\t\t\t\t\t\t\t\t\t<\/div>\n\t\t\t\t\t\t\t\t\t<div class=\"qodef-e-info-right\">\n\t\t\t\t\t\t<div class=\"qodef-shortcode qodef-m  qodef-social-share clear qodef-layout--dropdown qodef-dropdown--left\">\t<a class=\"qodef-social-share-dropdown-opener\" href=\"javascript:void(0)\">\t\t<i class=\"qodef-social-share-icon icon-basic-share\"><\/i>\t<\/a>\t<div class=\"qodef-social-share-dropdown\">\t\t<ul class=\"qodef-shortcode-list\">\t\t\t\t\t<\/ul>\t<\/div><\/div>\t\t\t\t\t<\/div>\n\t\t\t\t\t\t\t<\/div>\n\t\t<\/div>\n\t<\/div>\n<\/article><article class=\"qodef-e qodef-grid-item qodef-item--full post-34347 post type-post status-publish format-standard hentry category-die-neuesten-nachrichten-aus-dem-domaine\">\n\t<div class=\"qodef-e-inner\">\n\t\t<div class=\"qodef-e-media\">\n\t<\/div>\t\t<div class=\"qodef-e-content\">\n\t\t\t<div class=\"qodef-e-info qodef-info--top\">\n\t\t\t\t<div itemprop=\"dateCreated\" class=\"qodef-e-info-item qodef-e-info-date entry-date \">\n\t<a itemprop=\"url\" href=\"https:\/\/grillette.ch\/de\/2025\/08\/\">8. August 2025<\/a>\n\t<meta itemprop=\"interactionCount\" content=\"UserComments: 0\"\/>\n<\/div><div class=\"qodef-e-info-item qodef-e-info-author\">\n\t<span class=\"qodef-e-info-author-label\">By<\/span>\n\t<a itemprop=\"author\" class=\"qodef-e-info-author-link\"\n\t   href=\"https:\/\/grillette.ch\/de\/author\/infogrillette-ch\/\">\n\t\tRisse Marilyn\t<\/a>\n<\/div><div class=\"qodef-e-info-item qodef-e-info-category\">\n\t<a href=\"https:\/\/grillette.ch\/de\/category\/die-neuesten-nachrichten-aus-dem-domaine\/\" rel=\"category tag\">Die neuesten Nachrichten aus dem Domaine.<\/a><\/div>\t\t\t<\/div>\n\t\t\t<div class=\"qodef-e-text\">\n\t\t\t\t<h3 itemprop=\"name\" class=\"qodef-e-title entry-title\">\n<a itemprop=\"url\" class=\"qodef-e-title-link\" href=\"https:\/\/grillette.ch\/de\/afterwork-grillette-x-sncn\/\" title=\"Afterwork Grillette x SNCN\">\n\t\tAfterwork Grillette x SNCN\t<\/a>\n<\/h3>\t\t<p itemprop=\"description\" class=\"qodef-e-excerpt\">\n\t\t\tAfterwork Grillette x SNCN, Freitag, 15. August 2025, im Ski Nautique Club Neuch\u00e2tel M\u00f6chtest du den Tag verl\u00e4ngern und das Wochenende gem\u00fctlich beginnen? Komm zu unserem After\t\t<\/p>\n\t\t\t\t<\/div>\n\t\t\t<div class=\"qodef-e-info qodef-info--bottom\">\n\t\t\t\t<div class=\"qodef-e-info-left\">\n\t\t\t\t\t\t\t\t\t<\/div>\n\t\t\t\t\t\t\t\t\t<div class=\"qodef-e-info-right\">\n\t\t\t\t\t\t<div class=\"qodef-shortcode qodef-m  qodef-social-share clear qodef-layout--dropdown qodef-dropdown--left\">\t<a class=\"qodef-social-share-dropdown-opener\" href=\"javascript:void(0)\">\t\t<i class=\"qodef-social-share-icon icon-basic-share\"><\/i>\t<\/a>\t<div class=\"qodef-social-share-dropdown\">\t\t<ul class=\"qodef-shortcode-list\">\t\t\t\t\t<\/ul>\t<\/div><\/div>\t\t\t\t\t<\/div>\n\t\t\t\t\t\t\t<\/div>\n\t\t<\/div>\n\t<\/div>\n<\/article><article class=\"qodef-e qodef-grid-item qodef-item--full post-34320 post type-post status-publish format-standard hentry category-die-neuesten-nachrichten-aus-dem-domaine category-presse\">\n\t<div class=\"qodef-e-inner\">\n\t\t<div class=\"qodef-e-media\">\n\t<\/div>\t\t<div class=\"qodef-e-content\">\n\t\t\t<div class=\"qodef-e-info qodef-info--top\">\n\t\t\t\t<div itemprop=\"dateCreated\" class=\"qodef-e-info-item qodef-e-info-date entry-date \">\n\t<a itemprop=\"url\" href=\"https:\/\/grillette.ch\/de\/2025\/06\/\">3. Juni 2025<\/a>\n\t<meta itemprop=\"interactionCount\" content=\"UserComments: 0\"\/>\n<\/div><div class=\"qodef-e-info-item qodef-e-info-author\">\n\t<span class=\"qodef-e-info-author-label\">By<\/span>\n\t<a itemprop=\"author\" class=\"qodef-e-info-author-link\"\n\t   href=\"https:\/\/grillette.ch\/de\/author\/infogrillette-ch\/\">\n\t\tRisse Marilyn\t<\/a>\n<\/div><div class=\"qodef-e-info-item qodef-e-info-category\">\n\t<a href=\"https:\/\/grillette.ch\/de\/category\/die-neuesten-nachrichten-aus-dem-domaine\/\" rel=\"category tag\">Die neuesten Nachrichten aus dem Domaine.<\/a>, <a href=\"https:\/\/grillette.ch\/de\/category\/presse\/\" rel=\"category tag\">Presse<\/a><\/div>\t\t\t<\/div>\n\t\t\t<div class=\"qodef-e-text\">\n\t\t\t\t<h3 itemprop=\"name\" class=\"qodef-e-title entry-title\">\n<a itemprop=\"url\" class=\"qodef-e-title-link\" href=\"https:\/\/grillette.ch\/de\/unser-malbec-vernissage-2022-erhaelt-top-bewertung-im-vinum-magazin\/\" title=\"Unser Malbec Vernissage 2022 erh\u00e4lt Top-Bewertung im VINUM-Magazin\">\n\t\tUnser Malbec Vernissage 2022 erh\u00e4lt Top-Bewertung im VINUM-Magazin\t<\/a>\n<\/h3>\t\t<p itemprop=\"description\" class=\"qodef-e-excerpt\">\n\t\t\tUnser Malbec Vernissage 2022 erh\u00e4lt Top-Bewertung im VINUM-Magazin Wir freuen uns, gro\u00dfartige Neuigkeiten mit Ihnen zu teilen: Bei der j\u00fcngsten Verkostung des Magazins VINUM, di\t\t<\/p>\n\t\t\t\t<\/div>\n\t\t\t<div class=\"qodef-e-info qodef-info--bottom\">\n\t\t\t\t<div class=\"qodef-e-info-left\">\n\t\t\t\t\t\t\t\t\t<\/div>\n\t\t\t\t\t\t\t\t\t<div class=\"qodef-e-info-right\">\n\t\t\t\t\t\t<div class=\"qodef-shortcode qodef-m  qodef-social-share clear qodef-layout--dropdown qodef-dropdown--left\">\t<a class=\"qodef-social-share-dropdown-opener\" href=\"javascript:void(0)\">\t\t<i class=\"qodef-social-share-icon icon-basic-share\"><\/i>\t<\/a>\t<div class=\"qodef-social-share-dropdown\">\t\t<ul class=\"qodef-shortcode-list\">\t\t\t\t\t<\/ul>\t<\/div><\/div>\t\t\t\t\t<\/div>\n\t\t\t\t\t\t\t<\/div>\n\t\t<\/div>\n\t<\/div>\n<\/article>\t<\/div>\n\t\t<div class=\"qodef-m-pagination qodef--load-more\" >\n\t\t<div class=\"qodef-m-pagination-inner\">\n\t\t\t<a class=\"qodef-shortcode qodef-m qodef-load-more-button qodef-button qodef-layout--filled  qodef-html--link\" href=\"#\" target=\"_self\"  ><span class=\"qodef-m-text\">Load More<\/span><\/a>\t\t<\/div>\n\t<\/div>\n\t<span class=\"qodef-icon-font-awesome qodef-loading-spinner fa fa-spinner fa-spin\" ><\/span><\/div>[\/vc_column][\/vc_row]<\/p>\n","protected":false},"excerpt":{"rendered":"<p>[vc_row row_content_width=&#8220;grid&#8220;][vc_column][vc_empty_space height=&#8220;50px&#8220;][vc_separator][vc_empty_space height=&#8220;50px&#8220;][\/vc_column][\/vc_row]<\/p>\n","protected":false},"author":1,"featured_media":0,"parent":0,"menu_order":0,"comment_status":"closed","ping_status":"closed","template":"","meta":{"footnotes":""},"class_list":["post-31317","page","type-page","status-publish","hentry"],"yoast_head":"<!-- This site is optimized with the Yoast SEO plugin v24.3 - https:\/\/yoast.com\/wordpress\/plugins\/seo\/ -->\n<title>Aktuelles vom Grillette - Grillette Domaine De Cressier<\/title>\n<meta name=\"robots\" content=\"index, follow, max-snippet:-1, max-image-preview:large, max-video-preview:-1\" \/>\n<link rel=\"canonical\" href=\"https:\/\/grillette.ch\/de\/aktuelles-vom-grillette\/\" \/>\n<meta property=\"og:locale\" content=\"de_DE\" \/>\n<meta property=\"og:type\" content=\"article\" \/>\n<meta property=\"og:title\" content=\"Aktuelles vom Grillette - Grillette Domaine De Cressier\" \/>\n<meta property=\"og:description\" content=\"[vc_row row_content_width=&#8220;grid&#8220;][vc_column][vc_empty_space height=&#8220;50px&#8220;][vc_separator][vc_empty_space height=&#8220;50px&#8220;][\/vc_column][\/vc_row]\" \/>\n<meta property=\"og:url\" content=\"https:\/\/grillette.ch\/de\/aktuelles-vom-grillette\/\" \/>\n<meta property=\"og:site_name\" content=\"Grillette Domaine De Cressier\" \/>\n<meta property=\"article:modified_time\" content=\"2020-09-11T14:52:14+00:00\" \/>\n<meta name=\"twitter:card\" content=\"summary_large_image\" \/>\n<script type=\"application\/ld+json\" class=\"yoast-schema-graph\">{\"@context\":\"https:\/\/schema.org\",\"@graph\":[{\"@type\":\"WebPage\",\"@id\":\"https:\/\/grillette.ch\/de\/aktuelles-vom-grillette\/\",\"url\":\"https:\/\/grillette.ch\/de\/aktuelles-vom-grillette\/\",\"name\":\"Aktuelles vom Grillette - Grillette Domaine De Cressier\",\"isPartOf\":{\"@id\":\"https:\/\/grillette.ch\/#website\"},\"datePublished\":\"2020-09-03T09:49:42+00:00\",\"dateModified\":\"2020-09-11T14:52:14+00:00\",\"breadcrumb\":{\"@id\":\"https:\/\/grillette.ch\/de\/aktuelles-vom-grillette\/#breadcrumb\"},\"inLanguage\":\"de\",\"potentialAction\":[{\"@type\":\"ReadAction\",\"target\":[\"https:\/\/grillette.ch\/de\/aktuelles-vom-grillette\/\"]}]},{\"@type\":\"BreadcrumbList\",\"@id\":\"https:\/\/grillette.ch\/de\/aktuelles-vom-grillette\/#breadcrumb\",\"itemListElement\":[{\"@type\":\"ListItem\",\"position\":1,\"name\":\"Accueil\",\"item\":\"https:\/\/grillette.ch\/de\/startseite\/\"},{\"@type\":\"ListItem\",\"position\":2,\"name\":\"Aktuelles vom Grillette\"}]},{\"@type\":\"WebSite\",\"@id\":\"https:\/\/grillette.ch\/#website\",\"url\":\"https:\/\/grillette.ch\/\",\"name\":\"Grillette Domaine De Cressier\",\"description\":\"Les horlogers du vin\",\"publisher\":{\"@id\":\"https:\/\/grillette.ch\/#organization\"},\"potentialAction\":[{\"@type\":\"SearchAction\",\"target\":{\"@type\":\"EntryPoint\",\"urlTemplate\":\"https:\/\/grillette.ch\/?s={search_term_string}\"},\"query-input\":{\"@type\":\"PropertyValueSpecification\",\"valueRequired\":true,\"valueName\":\"search_term_string\"}}],\"inLanguage\":\"de\"},{\"@type\":\"Organization\",\"@id\":\"https:\/\/grillette.ch\/#organization\",\"name\":\"Grillette Domaine De Cressier\",\"url\":\"https:\/\/grillette.ch\/\",\"logo\":{\"@type\":\"ImageObject\",\"inLanguage\":\"de\",\"@id\":\"https:\/\/grillette.ch\/#\/schema\/logo\/image\/\",\"url\":\"https:\/\/grillette.ch\/wp-content\/uploads\/2020\/02\/cropped-Grillette-Horlogers-positif_R-2.jpg\",\"contentUrl\":\"https:\/\/grillette.ch\/wp-content\/uploads\/2020\/02\/cropped-Grillette-Horlogers-positif_R-2.jpg\",\"width\":1325,\"height\":415,\"caption\":\"Grillette Domaine De Cressier\"},\"image\":{\"@id\":\"https:\/\/grillette.ch\/#\/schema\/logo\/image\/\"},\"sameAs\":[\"https:\/\/www.instagram.com\/lagrillette\"]}]}<\/script>\n<!-- \/ Yoast SEO plugin. -->","yoast_head_json":{"title":"Aktuelles vom Grillette - Grillette Domaine De Cressier","robots":{"index":"index","follow":"follow","max-snippet":"max-snippet:-1","max-image-preview":"max-image-preview:large","max-video-preview":"max-video-preview:-1"},"canonical":"https:\/\/grillette.ch\/de\/aktuelles-vom-grillette\/","og_locale":"de_DE","og_type":"article","og_title":"Aktuelles vom Grillette - Grillette Domaine De Cressier","og_description":"[vc_row row_content_width=&#8220;grid&#8220;][vc_column][vc_empty_space height=&#8220;50px&#8220;][vc_separator][vc_empty_space height=&#8220;50px&#8220;][\/vc_column][\/vc_row]","og_url":"https:\/\/grillette.ch\/de\/aktuelles-vom-grillette\/","og_site_name":"Grillette Domaine De Cressier","article_modified_time":"2020-09-11T14:52:14+00:00","twitter_card":"summary_large_image","schema":{"@context":"https:\/\/schema.org","@graph":[{"@type":"WebPage","@id":"https:\/\/grillette.ch\/de\/aktuelles-vom-grillette\/","url":"https:\/\/grillette.ch\/de\/aktuelles-vom-grillette\/","name":"Aktuelles vom Grillette - Grillette Domaine De Cressier","isPartOf":{"@id":"https:\/\/grillette.ch\/#website"},"datePublished":"2020-09-03T09:49:42+00:00","dateModified":"2020-09-11T14:52:14+00:00","breadcrumb":{"@id":"https:\/\/grillette.ch\/de\/aktuelles-vom-grillette\/#breadcrumb"},"inLanguage":"de","potentialAction":[{"@type":"ReadAction","target":["https:\/\/grillette.ch\/de\/aktuelles-vom-grillette\/"]}]},{"@type":"BreadcrumbList","@id":"https:\/\/grillette.ch\/de\/aktuelles-vom-grillette\/#breadcrumb","itemListElement":[{"@type":"ListItem","position":1,"name":"Accueil","item":"https:\/\/grillette.ch\/de\/startseite\/"},{"@type":"ListItem","position":2,"name":"Aktuelles vom Grillette"}]},{"@type":"WebSite","@id":"https:\/\/grillette.ch\/#website","url":"https:\/\/grillette.ch\/","name":"Grillette Domaine De Cressier","description":"Les horlogers du vin","publisher":{"@id":"https:\/\/grillette.ch\/#organization"},"potentialAction":[{"@type":"SearchAction","target":{"@type":"EntryPoint","urlTemplate":"https:\/\/grillette.ch\/?s={search_term_string}"},"query-input":{"@type":"PropertyValueSpecification","valueRequired":true,"valueName":"search_term_string"}}],"inLanguage":"de"},{"@type":"Organization","@id":"https:\/\/grillette.ch\/#organization","name":"Grillette Domaine De Cressier","url":"https:\/\/grillette.ch\/","logo":{"@type":"ImageObject","inLanguage":"de","@id":"https:\/\/grillette.ch\/#\/schema\/logo\/image\/","url":"https:\/\/grillette.ch\/wp-content\/uploads\/2020\/02\/cropped-Grillette-Horlogers-positif_R-2.jpg","contentUrl":"https:\/\/grillette.ch\/wp-content\/uploads\/2020\/02\/cropped-Grillette-Horlogers-positif_R-2.jpg","width":1325,"height":415,"caption":"Grillette Domaine De Cressier"},"image":{"@id":"https:\/\/grillette.ch\/#\/schema\/logo\/image\/"},"sameAs":["https:\/\/www.instagram.com\/lagrillette"]}]}},"jetpack_sharing_enabled":true,"_links":{"self":[{"href":"https:\/\/grillette.ch\/de\/wp-json\/wp\/v2\/pages\/31317"}],"collection":[{"href":"https:\/\/grillette.ch\/de\/wp-json\/wp\/v2\/pages"}],"about":[{"href":"https:\/\/grillette.ch\/de\/wp-json\/wp\/v2\/types\/page"}],"author":[{"embeddable":true,"href":"https:\/\/grillette.ch\/de\/wp-json\/wp\/v2\/users\/1"}],"replies":[{"embeddable":true,"href":"https:\/\/grillette.ch\/de\/wp-json\/wp\/v2\/comments?post=31317"}],"version-history":[{"count":10,"href":"https:\/\/grillette.ch\/de\/wp-json\/wp\/v2\/pages\/31317\/revisions"}],"predecessor-version":[{"id":31588,"href":"https:\/\/grillette.ch\/de\/wp-json\/wp\/v2\/pages\/31317\/revisions\/31588"}],"wp:attachment":[{"href":"https:\/\/grillette.ch\/de\/wp-json\/wp\/v2\/media?parent=31317"}],"curies":[{"name":"wp","href":"https:\/\/api.w.org\/{rel}","templated":true}]}}