{"id":31361,"date":"2020-09-03T13:30:54","date_gmt":"2020-09-03T11:30:54","guid":{"rendered":"https:\/\/grillette.ch\/die-domaine\/"},"modified":"2020-11-03T11:04:00","modified_gmt":"2020-11-03T10:04:00","slug":"die-domaine","status":"publish","type":"page","link":"https:\/\/grillette.ch\/de\/die-domaine\/","title":{"rendered":"Die Domaine"},"content":{"rendered":"<p>[vc_row css=&#8220;.vc_custom_1570450046277{background-image: url(https:\/\/aperitif.qodeinteractive.com\/wp-content\/uploads\/2019\/09\/about-us-background-2.jpg?id=876) !important;background-position: center !important;background-repeat: no-repeat !important;background-size: cover !important;}&#8220; el_class=&#8220;extra-z-index&#8220;][vc_column css=&#8220;.vc_custom_1567673434359{padding-top: 0px !important;}&#8220;][vc_row_inner row_content_width=&#8220;grid&#8220;][vc_column_inner width=&#8220;1\/3&#8243;][vc_empty_space height=&#8220;120px&#8220;]<div class=\"qodef-shortcode qodef-m  qodef-counter qodef-layout--simple\" data-end-digit=\"20\">\n\t<div class=\"qodef-m-digit-wrapper\">\n\t\t<span class=\"qodef-m-digit\" ><\/span>\t<\/div>\n\t<div class=\"qodef-m-content\">\n\t\t\t<h5 class=\"qodef-m-title\" style=\"color: #e22895\">\n\t\tHektaren\t\t<\/h5>\n\t\t\t<\/div>\n<\/div>[vc_empty_space height=&#8220;120px&#8220;][\/vc_column_inner][vc_column_inner width=&#8220;1\/3&#8243;][vc_empty_space height=&#8220;120px&#8220;]<div class=\"qodef-shortcode qodef-m  qodef-counter qodef-layout--simple\" data-end-digit=\"14\">\n\t<div class=\"qodef-m-digit-wrapper\">\n\t\t<span class=\"qodef-m-digit\" ><\/span>\t<\/div>\n\t<div class=\"qodef-m-content\">\n\t\t\t<h5 class=\"qodef-m-title\" style=\"color: #e22895\">\n\t\tRebsorten\t\t<\/h5>\n\t\t\t<\/div>\n<\/div>[vc_empty_space height=&#8220;120px&#8220;][\/vc_column_inner][vc_column_inner width=&#8220;1\/3&#8243;][vc_empty_space height=&#8220;120px&#8220;]<div class=\"qodef-shortcode qodef-m  qodef-counter qodef-layout--simple\" data-end-digit=\"120000\" data-step-digit=\"10000\">\n\t<div class=\"qodef-m-digit-wrapper\">\n\t\t<span class=\"qodef-m-digit\" ><\/span>\t<\/div>\n\t<div class=\"qodef-m-content\">\n\t\t\t<h5 class=\"qodef-m-title\" style=\"color: #e22895\">\n\t\tFlaschen\t\t<\/h5>\n\t\t\t<\/div>\n<\/div>[vc_empty_space height=&#8220;120px&#8220;][\/vc_column_inner][\/vc_row_inner][vc_separator border_width=&#8220;4&#8243; el_width=&#8220;50&#8243;][vc_row_inner row_content_width=&#8220;grid&#8220;][vc_column_inner width=&#8220;2\/3&#8243; css=&#8220;.vc_custom_1570451152921{padding-top: 175px !important;padding-right: 8.5% !important;padding-bottom: 126px !important;padding-left: 22px !important;}&#8220; offset=&#8220;vc_col-lg-6&#8243; column_responsive_padding_1366=&#8220;175px 11.5% 126px 0&#8243; column_responsive_padding_1440=&#8220;175px 11.5% 126 px&#8220; column_responsive_padding_1024=&#8220;125px 6.5% 126px&#8220; column_responsive_padding_768=&#8220;125px 6.5% 126px&#8220; column_responsive_padding_680=&#8220;125px 6.5% 0px&#8220;]<div class=\"qodef-shortcode qodef-m  qodef-section-title qodef-alignment--left \">\n\t\t<h3 class=\"qodef-m-title\" >\n\t\tDie Geschichte\t\t<\/h3>\n\t\t<p class=\"qodef-m-subtitle\" style=\"color: #c8693a\">Die Weinmaster<\/p>\n\t<\/div>[vc_column_text css=&#8220;.vc_custom_1593603935604{margin-top: -7px !important;}&#8220;]Bereits 1964 pflanzten wir von Grillette \u2013 als eines der ersten Weing\u00fcter der Schweiz \u2013 die Chardonnay-Traube an. Wir wollten damit als Pioniere vorangehen. Dem Chardonnay folgten schon bald Sauvignon Blanc, Viognier, Malbec, Merlot und Cabernet Franc.<\/p>\n<p>Als Wegbereiter f\u00fcr hochwertige authentische Weine und als Verfechter von steter \u00dcberwachung, haben wir von Anfang an eine Mentalit\u00e4t entwickelt, welche f\u00fcr grossartige Produkte unumg\u00e4nglich ist. Mit dem Jahrgang 2005 setzen wir unsere Suche nach Authentizit\u00e4t fort, indem wir exklusiv einen sortenreinen Lagenwein einer Grillette Parzelle pr\u00e4sentieren.<\/p>\n<p>Das Hauptziel der Grillette Domaine De Cressier ist die Herstellung von Spitzenweinen aus weltbekannten Rebsorten. Wir wollen beweisen, dass Schweizer Weine auch international einen Ehrenplatz verdienen.<\/p>\n<p>Unser Ziel ist es, Feinschmeckern, Kennern und Weinliebhabern unsere diversen Grillette-Weine f\u00fcr den puren Genuss anzubieten.[\/vc_column_text][\/vc_column_inner][vc_column_inner width=&#8220;1\/3&#8243; css=&#8220;.vc_custom_1570451172199{padding-top: 190px !important;padding-right: 8px !important;padding-bottom: 126px !important;padding-left: 4.5% !important;}&#8220; offset=&#8220;vc_col-lg-6&#8243; column_responsive_padding_1024=&#8220;0px 6.5% 100px&#8220; column_responsive_padding_680=&#8220;100px 6.5% 90px&#8220; column_responsive_padding_768=&#8220;0px 6.5% 100px&#8220;][vc_empty_space height=&#8220;200px&#8220;]<div class=\"qodef-shortcode qodef-m  qodef-image-with-text qodef-layout--text-over\">\n\t<div class=\"qodef-m-image\">\n\t\t\t\t<img loading=\"lazy\" decoding=\"async\" width=\"850\" height=\"345\" src=\"https:\/\/grillette.ch\/wp-content\/uploads\/2020\/07\/Vignes-histoire.jpg\" class=\"attachment-large size-large\" alt=\"\" srcset=\"https:\/\/grillette.ch\/wp-content\/uploads\/2020\/07\/Vignes-histoire.jpg 850w, https:\/\/grillette.ch\/wp-content\/uploads\/2020\/07\/Vignes-histoire-800x325.jpg 800w, https:\/\/grillette.ch\/wp-content\/uploads\/2020\/07\/Vignes-histoire-300x122.jpg 300w, https:\/\/grillette.ch\/wp-content\/uploads\/2020\/07\/Vignes-histoire-768x312.jpg 768w\" sizes=\"(max-width: 850px) 100vw, 850px\" \/>\t\t\t<\/div>\t<div class=\"qodef-m-title-holder\">\n\t\t\t<h2 class=\"qodef-m-title\" style=\"color: #2b2824\">\n\t\t1884\t\t<\/h2>\n\t<\/div>\n\t<div class=\"qodef-m-content\">\n\t\t\t<\/div>\n<\/div>[\/vc_column_inner][\/vc_row_inner][vc_row_inner row_content_width=&#8220;grid&#8220;][vc_column_inner width=&#8220;2\/3&#8243; css=&#8220;.vc_custom_1570451152921{padding-top: 175px !important;padding-right: 8.5% !important;padding-bottom: 126px !important;padding-left: 22px !important;}&#8220; offset=&#8220;vc_col-lg-6&#8243; column_responsive_padding_1366=&#8220;175px 11.5% 126px 0&#8243; column_responsive_padding_1440=&#8220;175px 11.5% 126 px&#8220; column_responsive_padding_1024=&#8220;125px 6.5% 126px&#8220; column_responsive_padding_768=&#8220;125px 6.5% 126px&#8220; column_responsive_padding_680=&#8220;125px 6.5% 0px&#8220;][vc_empty_space height=&#8220;120px&#8220;]<div class=\"qodef-shortcode qodef-m  qodef-image-with-text qodef-layout--text-over\">\n\t<div class=\"qodef-m-image\">\n\t\t\t\t<img loading=\"lazy\" decoding=\"async\" width=\"850\" height=\"345\" src=\"https:\/\/grillette.ch\/wp-content\/uploads\/2020\/07\/Domaine-Grillette-1.jpg\" class=\"attachment-full size-full\" alt=\"\" srcset=\"https:\/\/grillette.ch\/wp-content\/uploads\/2020\/07\/Domaine-Grillette-1.jpg 850w, https:\/\/grillette.ch\/wp-content\/uploads\/2020\/07\/Domaine-Grillette-1-800x325.jpg 800w, https:\/\/grillette.ch\/wp-content\/uploads\/2020\/07\/Domaine-Grillette-1-300x122.jpg 300w, https:\/\/grillette.ch\/wp-content\/uploads\/2020\/07\/Domaine-Grillette-1-768x312.jpg 768w\" sizes=\"(max-width: 850px) 100vw, 850px\" \/>\t\t\t<\/div>\t<div class=\"qodef-m-title-holder\">\n\t\t\t<\/div>\n\t<div class=\"qodef-m-content\">\n\t\t\t<\/div>\n<\/div>[\/vc_column_inner][vc_column_inner width=&#8220;1\/3&#8243; css=&#8220;.vc_custom_1570451172199{padding-top: 190px !important;padding-right: 8px !important;padding-bottom: 126px !important;padding-left: 4.5% !important;}&#8220; offset=&#8220;vc_col-lg-6&#8243; column_responsive_padding_1024=&#8220;0px 6.5% 100px&#8220; column_responsive_padding_680=&#8220;100px 6.5% 90px&#8220; column_responsive_padding_768=&#8220;0px 6.5% 100px&#8220;]<div class=\"qodef-shortcode qodef-m  qodef-section-title qodef-alignment--left \">\n\t\t<h3 class=\"qodef-m-title\" >\n\t\tDer Weinbaubetrieb\t\t<\/h3>\n\t\t<p class=\"qodef-m-subtitle\" style=\"color: #c8693a\">Grillette Domaine De Cressier<\/p>\n\t<\/div>[vc_column_text css=&#8220;.vc_custom_1593608283581{margin-top: -7px !important;}&#8220;]Grillette liegt im Herzen der Region Entre-deux-Lacs im Zentrum des Dorfes Cressier. Die 20 Hektar Rebfl\u00e4che erstrecken sich \u00fcber die sanften H\u00e4nge am Fusse des s\u00fcdlichen Jura und profitieren von einem aussergew\u00f6hnlichen Reichtum und einer Vielfalt an Terroirs, deren B\u00f6den aus komplexem Kalkstein, Sand, Mor\u00e4ne und Marmorkiesel bestehen.<\/p>\n<p>In den \u00fcber 100 Jahre alten Kellern der Domaine werden nur unsere eigenen Trauben unter der Bezugnahme des Terroirs vinifiziert.<\/p>\n<p>Wir kultivieren 14 verschiedene Rebsorten auf 17 unterschiedlichen Lagen.<\/p>\n<p>Die Weinbereitung wird heute vom Duo, Matthias Tobler und Annie Rossi, bestritten. So werden die St\u00e4rken zweier Generationen, zweier Kulturen und die Kombination m\u00e4nnlicher und weiblicher Sensibilit\u00e4t miteinander verbunden.[\/vc_column_text][\/vc_column_inner][\/vc_row_inner][vc_row_inner row_content_width=&#8220;grid&#8220;][vc_column_inner width=&#8220;2\/3&#8243; css=&#8220;.vc_custom_1570451152921{padding-top: 175px !important;padding-right: 8.5% !important;padding-bottom: 126px !important;padding-left: 22px !important;}&#8220; offset=&#8220;vc_col-lg-6&#8243; column_responsive_padding_1366=&#8220;175px 11.5% 126px 0&#8243; column_responsive_padding_1440=&#8220;175px 11.5% 126 px&#8220; column_responsive_padding_1024=&#8220;125px 6.5% 126px&#8220; column_responsive_padding_768=&#8220;125px 6.5% 126px&#8220; column_responsive_padding_680=&#8220;125px 6.5% 0px&#8220;]<div class=\"qodef-shortcode qodef-m  qodef-section-title qodef-alignment--left \">\n\t\t<h3 class=\"qodef-m-title\" >\n\t\tPhilosophie\t\t<\/h3>\n\t\t<p class=\"qodef-m-subtitle\" >Unsere Werte &amp; \u00dcberzeugungen<\/p>\n\t<\/div>[vc_column_text css=&#8220;.vc_custom_1593608295030{margin-top: -7px !important;}&#8220;]Unter dem Motto von Antoine de Saint-Exup\u00e9ry \u00abWir erben das Land nicht von unseren Vorfahren, wir leihen es von unseren Kindern.\u00bb, hat die Grillette eine Rebparzelle nach der anderen in den nachhaltigen Anbau umgestellt. Dies erfolgte mit einem zutiefst nachhaltigen und umweltfreundlichen Ansatz, um \u00f6kologischen Weinbau mit der Herstellung von Qualit\u00e4tswein zu verbinden.<\/p>\n<p>Wir betrachten unsere Domaine als ein einzigartiges und autonomes \u00d6kosystem, einen lebenden Organismus, in dem wir den Einsatz und die Behandlungen durch synthetische Fungizide, D\u00fcngemittel, Herbizide und Pestizide aus unserem \u00abUniversum\u00bb verbannt haben. Wir sind von der nat\u00fcrlichen Bewirtschaftung \u00fcberzeugt. Sie hat ihre Basis in den einheimischen Pflanzen, in Kombination von Mist, Hornkiesels\u00e4ure und verschiedenen Nebenprodukten der lokalen Landwirtschaft.<\/p>\n<p>Wir arbeiten sowohl in den Reben als auch im Keller nach dem Rhythmus des Mondkalenders, um die Wirkung nat\u00fcrlicher Behandlungen und den Ausdruck unserer Weine zu optimieren. Diese Praktiken erm\u00f6glichen es uns, gesunde und umweltfreundlich gepflegte Weinberge zu bewirtschaften. Dmit werden diese f\u00fcr zuk\u00fcnftige Generationen bewahrt.[\/vc_column_text][\/vc_column_inner][vc_column_inner width=&#8220;1\/3&#8243; css=&#8220;.vc_custom_1570451172199{padding-top: 190px !important;padding-right: 8px !important;padding-bottom: 126px !important;padding-left: 4.5% !important;}&#8220; offset=&#8220;vc_col-lg-6&#8243; column_responsive_padding_1024=&#8220;0px 6.5% 100px&#8220; column_responsive_padding_680=&#8220;100px 6.5% 90px&#8220; column_responsive_padding_768=&#8220;0px 6.5% 100px&#8220;][vc_empty_space height=&#8220;85px&#8220;]<div class=\"qodef-shortcode qodef-m  qodef-image-with-text qodef-layout--text-over\">\n\t<div class=\"qodef-m-image\">\n\t\t\t\t<img loading=\"lazy\" decoding=\"async\" width=\"700\" height=\"500\" src=\"https:\/\/grillette.ch\/wp-content\/uploads\/2020\/07\/Carillon-2-1.jpg\" class=\"attachment-full size-full\" alt=\"\" srcset=\"https:\/\/grillette.ch\/wp-content\/uploads\/2020\/07\/Carillon-2-1.jpg 700w, https:\/\/grillette.ch\/wp-content\/uploads\/2020\/07\/Carillon-2-1-300x214.jpg 300w\" sizes=\"(max-width: 700px) 100vw, 700px\" \/>\t\t\t<\/div>\t<div class=\"qodef-m-title-holder\">\n\t\t\t<\/div>\n\t<div class=\"qodef-m-content\">\n\t\t\t<\/div>\n<\/div>[\/vc_column_inner][\/vc_row_inner][\/vc_column][\/vc_row]<\/p>\n","protected":false},"excerpt":{"rendered":"<p>[vc_row css=&#8220;.vc_custom_1570450046277{background-image: url(https:\/\/aperitif.qodeinteractive.com\/wp-content\/uploads\/2019\/09\/about-us-background-2.jpg?id=876) !important;background-position: center !important;background-repeat: no-repeat !important;background-size: cover !important;}&#8220; el_class=&#8220;extra-z-index&#8220;][vc_column css=&#8220;.vc_custom_1567673434359{padding-top: 0px !important;}&#8220;][vc_row_inner row_content_width=&#8220;grid&#8220;][vc_column_inner width=&#8220;1\/3&#8243;][vc_empty_space height=&#8220;120px&#8220;][vc_empty_space height=&#8220;120px&#8220;][\/vc_column_inner][vc_column_inner width=&#8220;1\/3&#8243;][vc_empty_space height=&#8220;120px&#8220;][vc_empty_space height=&#8220;120px&#8220;][\/vc_column_inner][vc_column_inner width=&#8220;1\/3&#8243;][vc_empty_space height=&#8220;120px&#8220;][vc_empty_space height=&#8220;120px&#8220;][\/vc_column_inner][\/vc_row_inner][vc_separator border_width=&#8220;4&#8243; el_width=&#8220;50&#8243;][vc_row_inner row_content_width=&#8220;grid&#8220;][vc_column_inner width=&#8220;2\/3&#8243; css=&#8220;.vc_custom_1570451152921{padding-top: 175px !important;padding-right: 8.5% !important;padding-bottom: 126px !important;padding-left: 22px !important;}&#8220; offset=&#8220;vc_col-lg-6&#8243; column_responsive_padding_1366=&#8220;175px 11.5% 126px 0&#8243; column_responsive_padding_1440=&#8220;175px 11.5% 126 px&#8220; column_responsive_padding_1024=&#8220;125px 6.5% 126px&#8220; column_responsive_padding_768=&#8220;125px 6.5% 126px&#8220; column_responsive_padding_680=&#8220;125px 6.5% 0px&#8220;][vc_column_text [&hellip;]<\/p>\n","protected":false},"author":1,"featured_media":0,"parent":0,"menu_order":0,"comment_status":"closed","ping_status":"closed","template":"page-full-width.php","meta":{"footnotes":""},"class_list":["post-31361","page","type-page","status-publish","hentry"],"yoast_head":"<!-- This site is optimized with the Yoast SEO plugin v24.3 - https:\/\/yoast.com\/wordpress\/plugins\/seo\/ -->\n<title>Die Domaine - Grillette Domaine De Cressier<\/title>\n<meta name=\"robots\" content=\"index, follow, max-snippet:-1, max-image-preview:large, max-video-preview:-1\" \/>\n<link rel=\"canonical\" href=\"https:\/\/grillette.ch\/de\/die-domaine\/\" \/>\n<meta property=\"og:locale\" content=\"de_DE\" \/>\n<meta property=\"og:type\" content=\"article\" \/>\n<meta property=\"og:title\" content=\"Die Domaine - Grillette Domaine De Cressier\" \/>\n<meta property=\"og:description\" content=\"[vc_row css=&#8220;.vc_custom_1570450046277{background-image: url(https:\/\/aperitif.qodeinteractive.com\/wp-content\/uploads\/2019\/09\/about-us-background-2.jpg?id=876) !important;background-position: center !important;background-repeat: no-repeat !important;background-size: cover !important;}&#8220; el_class=&#8220;extra-z-index&#8220;][vc_column css=&#8220;.vc_custom_1567673434359{padding-top: 0px !important;}&#8220;][vc_row_inner row_content_width=&#8220;grid&#8220;][vc_column_inner width=&#8220;1\/3&#8243;][vc_empty_space height=&#8220;120px&#8220;][vc_empty_space height=&#8220;120px&#8220;][\/vc_column_inner][vc_column_inner width=&#8220;1\/3&#8243;][vc_empty_space height=&#8220;120px&#8220;][vc_empty_space height=&#8220;120px&#8220;][\/vc_column_inner][vc_column_inner width=&#8220;1\/3&#8243;][vc_empty_space height=&#8220;120px&#8220;][vc_empty_space height=&#8220;120px&#8220;][\/vc_column_inner][\/vc_row_inner][vc_separator border_width=&#8220;4&#8243; el_width=&#8220;50&#8243;][vc_row_inner row_content_width=&#8220;grid&#8220;][vc_column_inner width=&#8220;2\/3&#8243; css=&#8220;.vc_custom_1570451152921{padding-top: 175px !important;padding-right: 8.5% !important;padding-bottom: 126px !important;padding-left: 22px !important;}&#8220; offset=&#8220;vc_col-lg-6&#8243; column_responsive_padding_1366=&#8220;175px 11.5% 126px 0&#8243; column_responsive_padding_1440=&#8220;175px 11.5% 126 px&#8220; column_responsive_padding_1024=&#8220;125px 6.5% 126px&#8220; column_responsive_padding_768=&#8220;125px 6.5% 126px&#8220; column_responsive_padding_680=&#8220;125px 6.5% 0px&#8220;][vc_column_text [&hellip;]\" \/>\n<meta property=\"og:url\" content=\"https:\/\/grillette.ch\/de\/die-domaine\/\" \/>\n<meta property=\"og:site_name\" content=\"Grillette Domaine De Cressier\" \/>\n<meta property=\"article:modified_time\" content=\"2020-11-03T10:04:00+00:00\" \/>\n<meta name=\"twitter:card\" content=\"summary_large_image\" \/>\n<meta name=\"twitter:label1\" content=\"Gesch\u00e4tzte Lesezeit\" \/>\n\t<meta name=\"twitter:data1\" content=\"5\u00a0Minuten\" \/>\n<script type=\"application\/ld+json\" class=\"yoast-schema-graph\">{\"@context\":\"https:\/\/schema.org\",\"@graph\":[{\"@type\":\"WebPage\",\"@id\":\"https:\/\/grillette.ch\/de\/die-domaine\/\",\"url\":\"https:\/\/grillette.ch\/de\/die-domaine\/\",\"name\":\"Die Domaine - Grillette Domaine De Cressier\",\"isPartOf\":{\"@id\":\"https:\/\/grillette.ch\/#website\"},\"datePublished\":\"2020-09-03T11:30:54+00:00\",\"dateModified\":\"2020-11-03T10:04:00+00:00\",\"breadcrumb\":{\"@id\":\"https:\/\/grillette.ch\/de\/die-domaine\/#breadcrumb\"},\"inLanguage\":\"de\",\"potentialAction\":[{\"@type\":\"ReadAction\",\"target\":[\"https:\/\/grillette.ch\/de\/die-domaine\/\"]}]},{\"@type\":\"BreadcrumbList\",\"@id\":\"https:\/\/grillette.ch\/de\/die-domaine\/#breadcrumb\",\"itemListElement\":[{\"@type\":\"ListItem\",\"position\":1,\"name\":\"Accueil\",\"item\":\"https:\/\/grillette.ch\/de\/startseite\/\"},{\"@type\":\"ListItem\",\"position\":2,\"name\":\"Die Domaine\"}]},{\"@type\":\"WebSite\",\"@id\":\"https:\/\/grillette.ch\/#website\",\"url\":\"https:\/\/grillette.ch\/\",\"name\":\"Grillette Domaine De Cressier\",\"description\":\"Les horlogers du vin\",\"publisher\":{\"@id\":\"https:\/\/grillette.ch\/#organization\"},\"potentialAction\":[{\"@type\":\"SearchAction\",\"target\":{\"@type\":\"EntryPoint\",\"urlTemplate\":\"https:\/\/grillette.ch\/?s={search_term_string}\"},\"query-input\":{\"@type\":\"PropertyValueSpecification\",\"valueRequired\":true,\"valueName\":\"search_term_string\"}}],\"inLanguage\":\"de\"},{\"@type\":\"Organization\",\"@id\":\"https:\/\/grillette.ch\/#organization\",\"name\":\"Grillette Domaine De Cressier\",\"url\":\"https:\/\/grillette.ch\/\",\"logo\":{\"@type\":\"ImageObject\",\"inLanguage\":\"de\",\"@id\":\"https:\/\/grillette.ch\/#\/schema\/logo\/image\/\",\"url\":\"https:\/\/grillette.ch\/wp-content\/uploads\/2020\/02\/cropped-Grillette-Horlogers-positif_R-2.jpg\",\"contentUrl\":\"https:\/\/grillette.ch\/wp-content\/uploads\/2020\/02\/cropped-Grillette-Horlogers-positif_R-2.jpg\",\"width\":1325,\"height\":415,\"caption\":\"Grillette Domaine De Cressier\"},\"image\":{\"@id\":\"https:\/\/grillette.ch\/#\/schema\/logo\/image\/\"},\"sameAs\":[\"https:\/\/www.instagram.com\/lagrillette\"]}]}<\/script>\n<!-- \/ Yoast SEO plugin. -->","yoast_head_json":{"title":"Die Domaine - Grillette Domaine De Cressier","robots":{"index":"index","follow":"follow","max-snippet":"max-snippet:-1","max-image-preview":"max-image-preview:large","max-video-preview":"max-video-preview:-1"},"canonical":"https:\/\/grillette.ch\/de\/die-domaine\/","og_locale":"de_DE","og_type":"article","og_title":"Die Domaine - Grillette Domaine De Cressier","og_description":"[vc_row css=&#8220;.vc_custom_1570450046277{background-image: url(https:\/\/aperitif.qodeinteractive.com\/wp-content\/uploads\/2019\/09\/about-us-background-2.jpg?id=876) !important;background-position: center !important;background-repeat: no-repeat !important;background-size: cover !important;}&#8220; el_class=&#8220;extra-z-index&#8220;][vc_column css=&#8220;.vc_custom_1567673434359{padding-top: 0px !important;}&#8220;][vc_row_inner row_content_width=&#8220;grid&#8220;][vc_column_inner width=&#8220;1\/3&#8243;][vc_empty_space height=&#8220;120px&#8220;][vc_empty_space height=&#8220;120px&#8220;][\/vc_column_inner][vc_column_inner width=&#8220;1\/3&#8243;][vc_empty_space height=&#8220;120px&#8220;][vc_empty_space height=&#8220;120px&#8220;][\/vc_column_inner][vc_column_inner width=&#8220;1\/3&#8243;][vc_empty_space height=&#8220;120px&#8220;][vc_empty_space height=&#8220;120px&#8220;][\/vc_column_inner][\/vc_row_inner][vc_separator border_width=&#8220;4&#8243; el_width=&#8220;50&#8243;][vc_row_inner row_content_width=&#8220;grid&#8220;][vc_column_inner width=&#8220;2\/3&#8243; css=&#8220;.vc_custom_1570451152921{padding-top: 175px !important;padding-right: 8.5% !important;padding-bottom: 126px !important;padding-left: 22px !important;}&#8220; offset=&#8220;vc_col-lg-6&#8243; column_responsive_padding_1366=&#8220;175px 11.5% 126px 0&#8243; column_responsive_padding_1440=&#8220;175px 11.5% 126 px&#8220; column_responsive_padding_1024=&#8220;125px 6.5% 126px&#8220; column_responsive_padding_768=&#8220;125px 6.5% 126px&#8220; column_responsive_padding_680=&#8220;125px 6.5% 0px&#8220;][vc_column_text [&hellip;]","og_url":"https:\/\/grillette.ch\/de\/die-domaine\/","og_site_name":"Grillette Domaine De Cressier","article_modified_time":"2020-11-03T10:04:00+00:00","twitter_card":"summary_large_image","twitter_misc":{"Gesch\u00e4tzte Lesezeit":"5\u00a0Minuten"},"schema":{"@context":"https:\/\/schema.org","@graph":[{"@type":"WebPage","@id":"https:\/\/grillette.ch\/de\/die-domaine\/","url":"https:\/\/grillette.ch\/de\/die-domaine\/","name":"Die Domaine - Grillette Domaine De Cressier","isPartOf":{"@id":"https:\/\/grillette.ch\/#website"},"datePublished":"2020-09-03T11:30:54+00:00","dateModified":"2020-11-03T10:04:00+00:00","breadcrumb":{"@id":"https:\/\/grillette.ch\/de\/die-domaine\/#breadcrumb"},"inLanguage":"de","potentialAction":[{"@type":"ReadAction","target":["https:\/\/grillette.ch\/de\/die-domaine\/"]}]},{"@type":"BreadcrumbList","@id":"https:\/\/grillette.ch\/de\/die-domaine\/#breadcrumb","itemListElement":[{"@type":"ListItem","position":1,"name":"Accueil","item":"https:\/\/grillette.ch\/de\/startseite\/"},{"@type":"ListItem","position":2,"name":"Die Domaine"}]},{"@type":"WebSite","@id":"https:\/\/grillette.ch\/#website","url":"https:\/\/grillette.ch\/","name":"Grillette Domaine De Cressier","description":"Les horlogers du vin","publisher":{"@id":"https:\/\/grillette.ch\/#organization"},"potentialAction":[{"@type":"SearchAction","target":{"@type":"EntryPoint","urlTemplate":"https:\/\/grillette.ch\/?s={search_term_string}"},"query-input":{"@type":"PropertyValueSpecification","valueRequired":true,"valueName":"search_term_string"}}],"inLanguage":"de"},{"@type":"Organization","@id":"https:\/\/grillette.ch\/#organization","name":"Grillette Domaine De Cressier","url":"https:\/\/grillette.ch\/","logo":{"@type":"ImageObject","inLanguage":"de","@id":"https:\/\/grillette.ch\/#\/schema\/logo\/image\/","url":"https:\/\/grillette.ch\/wp-content\/uploads\/2020\/02\/cropped-Grillette-Horlogers-positif_R-2.jpg","contentUrl":"https:\/\/grillette.ch\/wp-content\/uploads\/2020\/02\/cropped-Grillette-Horlogers-positif_R-2.jpg","width":1325,"height":415,"caption":"Grillette Domaine De Cressier"},"image":{"@id":"https:\/\/grillette.ch\/#\/schema\/logo\/image\/"},"sameAs":["https:\/\/www.instagram.com\/lagrillette"]}]}},"jetpack_sharing_enabled":true,"_links":{"self":[{"href":"https:\/\/grillette.ch\/de\/wp-json\/wp\/v2\/pages\/31361"}],"collection":[{"href":"https:\/\/grillette.ch\/de\/wp-json\/wp\/v2\/pages"}],"about":[{"href":"https:\/\/grillette.ch\/de\/wp-json\/wp\/v2\/types\/page"}],"author":[{"embeddable":true,"href":"https:\/\/grillette.ch\/de\/wp-json\/wp\/v2\/users\/1"}],"replies":[{"embeddable":true,"href":"https:\/\/grillette.ch\/de\/wp-json\/wp\/v2\/comments?post=31361"}],"version-history":[{"count":11,"href":"https:\/\/grillette.ch\/de\/wp-json\/wp\/v2\/pages\/31361\/revisions"}],"predecessor-version":[{"id":31888,"href":"https:\/\/grillette.ch\/de\/wp-json\/wp\/v2\/pages\/31361\/revisions\/31888"}],"wp:attachment":[{"href":"https:\/\/grillette.ch\/de\/wp-json\/wp\/v2\/media?parent=31361"}],"curies":[{"name":"wp","href":"https:\/\/api.w.org\/{rel}","templated":true}]}}