{"id":31405,"date":"2020-09-03T14:11:17","date_gmt":"2020-09-03T12:11:17","guid":{"rendered":"https:\/\/grillette.ch\/allgemeine-geschaeftsbedingung\/"},"modified":"2020-09-17T14:48:47","modified_gmt":"2020-09-17T12:48:47","slug":"allgemeine-geschaeftsbedingung-datenschutz","status":"publish","type":"page","link":"https:\/\/grillette.ch\/de\/allgemeine-geschaeftsbedingung-datenschutz\/","title":{"rendered":"Allgemeine Gesch\u00e4ftsbedingung &#038; Datenschutz"},"content":{"rendered":"<h2><strong>Allgemeine Gesch\u00e4ftsbedingungen \/ Datenschutz<\/strong><\/h2>\n<p>&nbsp;<\/p>\n<ol>\n<li><strong><u> Allgemeines<\/u><\/strong><\/li>\n<\/ol>\n<ul>\n<li><strong>Angebote und Bestellungen<\/strong><\/li>\n<\/ul>\n<p>Alle unsere Angebote erfolgen unter Vorbehalt und freibleibend.<\/p>\n<p>Bestellungen sind f\u00fcr uns nur verbindlich, wenn wir sie angenommen haben; Die Annahme erfolgt durch Lieferung, Rechnungsstellung oder schriftliche Best\u00e4tigung der Bestellung.<\/p>\n<p>&nbsp;<\/p>\n<ul>\n<li><strong>Preis, MwSt<\/strong><\/li>\n<\/ul>\n<p>Die in den Angeboten und Preislisten genannten Preise sind immer aktuelle Preise.<\/p>\n<p>Alle angegebenen Preise verstehen sich pro Einheit inklusive Mehrwertsteuer.<\/p>\n<p>&nbsp;<\/p>\n<ul>\n<li><strong>Zahlungsbedingungen<\/strong><\/li>\n<\/ul>\n<p>Unsere Rechnungen sind innerhalb von 30 Tagen netto zahlbar.<\/p>\n<p>Im Falle einer Verz\u00f6gerung behalten wir uns das Recht vor, Zinsen zu berechnen.<\/p>\n<p>Im Falle einer Mahnung werden Ihnen der administrative Aufwand in H\u00f6he von CHF 10. \u2013 in Rechnung gestellt.<\/p>\n<p>&nbsp;<\/p>\n<ul>\n<li><strong>Eigentumsvorbehalt<\/strong><\/li>\n<\/ul>\n<p>Alle Waren bleiben bis zur vollst\u00e4ndigen Bezahlung der Rechnung Eigentum der Grillette Domaine de Cressier SA.<\/p>\n<p>Die Grillette Domaine de Cressier SA ist berechtigt, gegebenenfalls die Eintragung in das Eigentumsvorbehaltsregister zu verlangen.<\/p>\n<p>&nbsp;<\/p>\n<p>&nbsp;<\/p>\n<ol start=\"2\">\n<li><strong><u> Transport und Lieferung<\/u><\/strong><\/li>\n<\/ol>\n<ul>\n<li><strong>Versandkosten<\/strong><\/li>\n<\/ul>\n<p>Unsere Lieferungen erfolgen ab einem Mindestbetrag von CHF 600. &#8211; oder einer Mindestbestellung von 24 Flaschen franko.<\/p>\n<p>Bei Lieferung geringerer Mengen werden die effektiven Transportkosten in Rechnung gestellt.<\/p>\n<p>&nbsp;<\/p>\n<ul>\n<li><strong>Transportrisiken<\/strong><\/li>\n<\/ul>\n<p>Die Waren reisen auf Risiko des Kunden. Vorbeh\u00e4ltlich des Regressrechtes gegen den Spediteur.<\/p>\n<p>&nbsp;<\/p>\n<p>&nbsp;<\/p>\n<ol start=\"3\">\n<li><strong><u> M\u00e4ngel und Reklamationen<\/u><\/strong><\/li>\n<\/ol>\n<ul>\n<li><strong>Reklamationen<\/strong><\/li>\n<\/ul>\n<p>Reklamationen jeglicher Art m\u00fcssen sp\u00e4testens 5 Tage nach Erhalt der Ware versandt werden.<\/p>\n<p>Im Falle von M\u00e4ngeln oder aussergew\u00f6hnlichem Manko ist der K\u00e4ufer verpflichtet, den Fahrer in Kenntnis zu setzen.<\/p>\n<p><strong>\u00a0<\/strong><\/p>\n<ul>\n<li><strong>R\u00fcckgabe von Flaschen mit M\u00e4ngeln, z. B. Korkgeschmack<\/strong><\/li>\n<\/ul>\n<p>Im Fehlerfall werden die von Grillette Domaine de Cressier SA verkauften Weine, ab Lieferdatum, ein Jahr lang ersetzt oder gutgeschrieben.<\/p>\n<p>&nbsp;<\/p>\n<ul>\n<li><strong>Ausschluss der Garantie f\u00fcr Sch\u00e4den aufgrund von M\u00e4ngeln<\/strong><\/li>\n<\/ul>\n<p>Der Kunde kann unter keinen Umst\u00e4nden Schadensersatz f\u00fcr M\u00e4ngel verlangen, die nicht aus der Ware selbst entstehen.<\/p>\n<p>&nbsp;<\/p>\n<p>&nbsp;<\/p>\n<ol start=\"4\">\n<li><strong><u> Datenschutz<\/u><\/strong><\/li>\n<\/ol>\n<p>Ihre Daten werden f\u00fcr kommerzielle Zwecke (Versand von Einladungen, Mailings usw.) nur f\u00fcr eigene Aktivit\u00e4ten der Firma Grillette Domaine de Cressier SA in Cressier gespeichert und verwendet.<\/p>\n<p>&nbsp;<\/p>\n<p>&nbsp;<\/p>\n<p>5. <strong><u>Wahl des Gerichtsortes<\/u><\/strong><\/p>\n<p>Der zwischen dem Kunden und der Grillette Domaine de Cressier SA geschlossene Vertrag basiert in jedem Fall und ausschliesslich auf schweizerischem Recht, das allein anwendbar ist.<\/p>\n<p>&nbsp;<\/p>\n<p><strong>F\u00fcr alle Streitigkeiten ist ausschliesslich der Gerischtsstand des Firmensitzes der<\/strong> <strong>Grillette, Domaine De Cressier SA, in Cressier NE ausschlaggebend<\/strong><\/p>\n<p><strong>\u00a0<\/strong><\/p>\n<p><strong>Diese aktuelle Version ersetzt alle vorherigen. Verf\u00fcgbarkeit, Preis\u00e4nderungen und Jahrg\u00e4nge bleiben vorbehalten.<\/strong><\/p>\n<p>&nbsp;<\/p>\n<p>6. <strong><span style=\"text-decoration: underline;\">Firmenadresse:<\/span><\/strong><\/p>\n<p>Grillette Domaine de Cressier SA, Rue Molondin 2, 2088 Cressier (NE), Schweiz<\/p>\n<p>032 758 85 29, info@grillette.ch<\/p>\n<p>&nbsp;<\/p>\n<p style=\"text-align: right;\">1. Januar 2018 &#8211; Grillette Domaine de Cressier SA<\/p>\n","protected":false},"excerpt":{"rendered":"<p>Allgemeine Gesch\u00e4ftsbedingungen \/ Datenschutz &nbsp; Allgemeines Angebote und Bestellungen Alle unsere Angebote erfolgen unter Vorbehalt und freibleibend. Bestellungen sind f\u00fcr uns nur verbindlich, wenn wir sie angenommen haben; Die Annahme erfolgt durch Lieferung, Rechnungsstellung oder schriftliche Best\u00e4tigung der Bestellung. &nbsp; Preis, MwSt Die in den Angeboten und Preislisten genannten Preise sind immer aktuelle Preise. Alle [&hellip;]<\/p>\n","protected":false},"author":1,"featured_media":0,"parent":0,"menu_order":0,"comment_status":"closed","ping_status":"closed","template":"","meta":{"footnotes":""},"class_list":["post-31405","page","type-page","status-publish","hentry"],"yoast_head":"<!-- This site is optimized with the Yoast SEO plugin v24.3 - https:\/\/yoast.com\/wordpress\/plugins\/seo\/ -->\n<title>Allgemeine Gesch\u00e4ftsbedingung &amp; Datenschutz - Grillette Domaine De Cressier<\/title>\n<meta name=\"robots\" content=\"index, follow, max-snippet:-1, max-image-preview:large, max-video-preview:-1\" \/>\n<link rel=\"canonical\" href=\"https:\/\/grillette.ch\/de\/allgemeine-geschaeftsbedingung-datenschutz\/\" \/>\n<meta property=\"og:locale\" content=\"de_DE\" \/>\n<meta property=\"og:type\" content=\"article\" \/>\n<meta property=\"og:title\" content=\"Allgemeine Gesch\u00e4ftsbedingung &amp; Datenschutz - Grillette Domaine De Cressier\" \/>\n<meta property=\"og:description\" content=\"Allgemeine Gesch\u00e4ftsbedingungen \/ Datenschutz &nbsp; Allgemeines Angebote und Bestellungen Alle unsere Angebote erfolgen unter Vorbehalt und freibleibend. Bestellungen sind f\u00fcr uns nur verbindlich, wenn wir sie angenommen haben; Die Annahme erfolgt durch Lieferung, Rechnungsstellung oder schriftliche Best\u00e4tigung der Bestellung. &nbsp; Preis, MwSt Die in den Angeboten und Preislisten genannten Preise sind immer aktuelle Preise. Alle [&hellip;]\" \/>\n<meta property=\"og:url\" content=\"https:\/\/grillette.ch\/de\/allgemeine-geschaeftsbedingung-datenschutz\/\" \/>\n<meta property=\"og:site_name\" content=\"Grillette Domaine De Cressier\" \/>\n<meta property=\"article:modified_time\" content=\"2020-09-17T12:48:47+00:00\" \/>\n<meta name=\"twitter:card\" content=\"summary_large_image\" \/>\n<meta name=\"twitter:label1\" content=\"Gesch\u00e4tzte Lesezeit\" \/>\n\t<meta name=\"twitter:data1\" content=\"2\u00a0Minuten\" \/>\n<script type=\"application\/ld+json\" class=\"yoast-schema-graph\">{\"@context\":\"https:\/\/schema.org\",\"@graph\":[{\"@type\":\"WebPage\",\"@id\":\"https:\/\/grillette.ch\/de\/allgemeine-geschaeftsbedingung-datenschutz\/\",\"url\":\"https:\/\/grillette.ch\/de\/allgemeine-geschaeftsbedingung-datenschutz\/\",\"name\":\"Allgemeine Gesch\u00e4ftsbedingung & Datenschutz - Grillette Domaine De Cressier\",\"isPartOf\":{\"@id\":\"https:\/\/grillette.ch\/#website\"},\"datePublished\":\"2020-09-03T12:11:17+00:00\",\"dateModified\":\"2020-09-17T12:48:47+00:00\",\"breadcrumb\":{\"@id\":\"https:\/\/grillette.ch\/de\/allgemeine-geschaeftsbedingung-datenschutz\/#breadcrumb\"},\"inLanguage\":\"de\",\"potentialAction\":[{\"@type\":\"ReadAction\",\"target\":[\"https:\/\/grillette.ch\/de\/allgemeine-geschaeftsbedingung-datenschutz\/\"]}]},{\"@type\":\"BreadcrumbList\",\"@id\":\"https:\/\/grillette.ch\/de\/allgemeine-geschaeftsbedingung-datenschutz\/#breadcrumb\",\"itemListElement\":[{\"@type\":\"ListItem\",\"position\":1,\"name\":\"Accueil\",\"item\":\"https:\/\/grillette.ch\/de\/startseite\/\"},{\"@type\":\"ListItem\",\"position\":2,\"name\":\"Allgemeine Gesch\u00e4ftsbedingung &#038; Datenschutz\"}]},{\"@type\":\"WebSite\",\"@id\":\"https:\/\/grillette.ch\/#website\",\"url\":\"https:\/\/grillette.ch\/\",\"name\":\"Grillette Domaine De Cressier\",\"description\":\"Les horlogers du vin\",\"publisher\":{\"@id\":\"https:\/\/grillette.ch\/#organization\"},\"potentialAction\":[{\"@type\":\"SearchAction\",\"target\":{\"@type\":\"EntryPoint\",\"urlTemplate\":\"https:\/\/grillette.ch\/?s={search_term_string}\"},\"query-input\":{\"@type\":\"PropertyValueSpecification\",\"valueRequired\":true,\"valueName\":\"search_term_string\"}}],\"inLanguage\":\"de\"},{\"@type\":\"Organization\",\"@id\":\"https:\/\/grillette.ch\/#organization\",\"name\":\"Grillette Domaine De Cressier\",\"url\":\"https:\/\/grillette.ch\/\",\"logo\":{\"@type\":\"ImageObject\",\"inLanguage\":\"de\",\"@id\":\"https:\/\/grillette.ch\/#\/schema\/logo\/image\/\",\"url\":\"https:\/\/grillette.ch\/wp-content\/uploads\/2020\/02\/cropped-Grillette-Horlogers-positif_R-2.jpg\",\"contentUrl\":\"https:\/\/grillette.ch\/wp-content\/uploads\/2020\/02\/cropped-Grillette-Horlogers-positif_R-2.jpg\",\"width\":1325,\"height\":415,\"caption\":\"Grillette Domaine De Cressier\"},\"image\":{\"@id\":\"https:\/\/grillette.ch\/#\/schema\/logo\/image\/\"},\"sameAs\":[\"https:\/\/www.instagram.com\/lagrillette\"]}]}<\/script>\n<!-- \/ Yoast SEO plugin. -->","yoast_head_json":{"title":"Allgemeine Gesch\u00e4ftsbedingung & Datenschutz - Grillette Domaine De Cressier","robots":{"index":"index","follow":"follow","max-snippet":"max-snippet:-1","max-image-preview":"max-image-preview:large","max-video-preview":"max-video-preview:-1"},"canonical":"https:\/\/grillette.ch\/de\/allgemeine-geschaeftsbedingung-datenschutz\/","og_locale":"de_DE","og_type":"article","og_title":"Allgemeine Gesch\u00e4ftsbedingung & Datenschutz - Grillette Domaine De Cressier","og_description":"Allgemeine Gesch\u00e4ftsbedingungen \/ Datenschutz &nbsp; Allgemeines Angebote und Bestellungen Alle unsere Angebote erfolgen unter Vorbehalt und freibleibend. Bestellungen sind f\u00fcr uns nur verbindlich, wenn wir sie angenommen haben; Die Annahme erfolgt durch Lieferung, Rechnungsstellung oder schriftliche Best\u00e4tigung der Bestellung. &nbsp; Preis, MwSt Die in den Angeboten und Preislisten genannten Preise sind immer aktuelle Preise. Alle [&hellip;]","og_url":"https:\/\/grillette.ch\/de\/allgemeine-geschaeftsbedingung-datenschutz\/","og_site_name":"Grillette Domaine De Cressier","article_modified_time":"2020-09-17T12:48:47+00:00","twitter_card":"summary_large_image","twitter_misc":{"Gesch\u00e4tzte Lesezeit":"2\u00a0Minuten"},"schema":{"@context":"https:\/\/schema.org","@graph":[{"@type":"WebPage","@id":"https:\/\/grillette.ch\/de\/allgemeine-geschaeftsbedingung-datenschutz\/","url":"https:\/\/grillette.ch\/de\/allgemeine-geschaeftsbedingung-datenschutz\/","name":"Allgemeine Gesch\u00e4ftsbedingung & Datenschutz - Grillette Domaine De Cressier","isPartOf":{"@id":"https:\/\/grillette.ch\/#website"},"datePublished":"2020-09-03T12:11:17+00:00","dateModified":"2020-09-17T12:48:47+00:00","breadcrumb":{"@id":"https:\/\/grillette.ch\/de\/allgemeine-geschaeftsbedingung-datenschutz\/#breadcrumb"},"inLanguage":"de","potentialAction":[{"@type":"ReadAction","target":["https:\/\/grillette.ch\/de\/allgemeine-geschaeftsbedingung-datenschutz\/"]}]},{"@type":"BreadcrumbList","@id":"https:\/\/grillette.ch\/de\/allgemeine-geschaeftsbedingung-datenschutz\/#breadcrumb","itemListElement":[{"@type":"ListItem","position":1,"name":"Accueil","item":"https:\/\/grillette.ch\/de\/startseite\/"},{"@type":"ListItem","position":2,"name":"Allgemeine Gesch\u00e4ftsbedingung &#038; Datenschutz"}]},{"@type":"WebSite","@id":"https:\/\/grillette.ch\/#website","url":"https:\/\/grillette.ch\/","name":"Grillette Domaine De Cressier","description":"Les horlogers du vin","publisher":{"@id":"https:\/\/grillette.ch\/#organization"},"potentialAction":[{"@type":"SearchAction","target":{"@type":"EntryPoint","urlTemplate":"https:\/\/grillette.ch\/?s={search_term_string}"},"query-input":{"@type":"PropertyValueSpecification","valueRequired":true,"valueName":"search_term_string"}}],"inLanguage":"de"},{"@type":"Organization","@id":"https:\/\/grillette.ch\/#organization","name":"Grillette Domaine De Cressier","url":"https:\/\/grillette.ch\/","logo":{"@type":"ImageObject","inLanguage":"de","@id":"https:\/\/grillette.ch\/#\/schema\/logo\/image\/","url":"https:\/\/grillette.ch\/wp-content\/uploads\/2020\/02\/cropped-Grillette-Horlogers-positif_R-2.jpg","contentUrl":"https:\/\/grillette.ch\/wp-content\/uploads\/2020\/02\/cropped-Grillette-Horlogers-positif_R-2.jpg","width":1325,"height":415,"caption":"Grillette Domaine De Cressier"},"image":{"@id":"https:\/\/grillette.ch\/#\/schema\/logo\/image\/"},"sameAs":["https:\/\/www.instagram.com\/lagrillette"]}]}},"jetpack_sharing_enabled":true,"_links":{"self":[{"href":"https:\/\/grillette.ch\/de\/wp-json\/wp\/v2\/pages\/31405"}],"collection":[{"href":"https:\/\/grillette.ch\/de\/wp-json\/wp\/v2\/pages"}],"about":[{"href":"https:\/\/grillette.ch\/de\/wp-json\/wp\/v2\/types\/page"}],"author":[{"embeddable":true,"href":"https:\/\/grillette.ch\/de\/wp-json\/wp\/v2\/users\/1"}],"replies":[{"embeddable":true,"href":"https:\/\/grillette.ch\/de\/wp-json\/wp\/v2\/comments?post=31405"}],"version-history":[{"count":5,"href":"https:\/\/grillette.ch\/de\/wp-json\/wp\/v2\/pages\/31405\/revisions"}],"predecessor-version":[{"id":31688,"href":"https:\/\/grillette.ch\/de\/wp-json\/wp\/v2\/pages\/31405\/revisions\/31688"}],"wp:attachment":[{"href":"https:\/\/grillette.ch\/de\/wp-json\/wp\/v2\/media?parent=31405"}],"curies":[{"name":"wp","href":"https:\/\/api.w.org\/{rel}","templated":true}]}}