{"id":31407,"date":"2020-09-03T14:14:08","date_gmt":"2020-09-03T12:14:08","guid":{"rendered":"https:\/\/grillette.ch\/die-weine-in-kuerze\/"},"modified":"2020-09-15T17:12:25","modified_gmt":"2020-09-15T15:12:25","slug":"die-weine-in-kuerze","status":"publish","type":"page","link":"https:\/\/grillette.ch\/de\/die-weine-in-kuerze\/","title":{"rendered":"Die Weine in K\u00fcrze"},"content":{"rendered":"<p>[vc_row row_content_width=&#8220;grid&#8220; css=&#8220;.vc_custom_1569414181451{padding-top: 125px !important;padding-bottom: 14px !important;}&#8220;][vc_column]<div class=\"qodef-shortcode qodef-m  qodef-section-title qodef-alignment--center \">\n\t\t<h3 class=\"qodef-m-title\" >\n\t\tEntdecken Sie auf einen Blick unser vielf\u00e4ltiges Sortiment\t\t<\/h3>\n\t\t<\/div>[\/vc_column][\/vc_row][vc_row content_placement=&#8220;middle&#8220; content_text_alignment=&#8220;center&#8220; css=&#8220;.vc_custom_1566984417967{padding-top: 50px !important;}&#8220;][vc_column][\/vc_column][\/vc_row][vc_row row_content_width=&#8220;grid&#8220; content_text_alignment=&#8220;left&#8220;][vc_column css=&#8220;.vc_custom_1595941875187{padding-left: 0px !important;}&#8220; offset=&#8220;vc_col-lg-6 vc_col-md-6&#8243; column_responsive_padding_680=&#8220;0 15px 0 15px&#8220; column_responsive_padding_1024=&#8220;0 16px 0 0&#8243; column_responsive_padding_768=&#8220;0 15px 0 15px&#8220;][vc_empty_space height=&#8220;64px&#8220;]<div class=\"qodef-shortcode qodef-m  qodef-section-title qodef-alignment--left \">\n\t\t<h3 class=\"qodef-m-title\" >\n\t\tClassique\t\t<\/h3>\n\t\t<\/div><p class=\"qodef-shortcode qodef-m  qodef-custom-font qodef-custom-font-633 qodef-layout--simple\" style=\"color: #e22895;font-family: Dawning of a New Day;font-size: 35px;line-height: 56px\">Tradition &amp; Authentizit\u00e4t<\/p>[vc_column_text]Hier bieten wir das beste aus den Ursprungsgebiet der AOC Neuch\u00e2tel an: authentische Weine aus Neuenburg die mit den traditionellen und autochthonen Rebsorten gekeltert wurden.[\/vc_column_text][\/vc_column][vc_column css=&#8220;.vc_custom_1595506193203{padding-right: 0px !important;padding-left: 16px !important;}&#8220; offset=&#8220;vc_col-lg-6 vc_col-md-6&#8243; column_responsive_padding_680=&#8220;30px 15px 0 15px&#8220; column_responsive_padding_1024=&#8220;0px 0 0 16px&#8220; column_responsive_padding_768=&#8220;30px 15px 0 15px&#8220;][vc_empty_space height=&#8220;64px&#8220;][vc_images_carousel images=&#8220;31446,31444,31440,31438&#8243; img_size=&#8220;large&#8220; onclick=&#8220;custom_link&#8220; slides_per_view=&#8220;4&#8243; autoplay=&#8220;yes&#8220; hide_pagination_control=&#8220;yes&#8220; wrap=&#8220;yes&#8220; custom_links=&#8220;#E-8_aHR0cHMlM0ElMkYlMkZncmlsbGV0dGUuY2glMkZkZSUyRnByb2R1aXQlMkZjaGFzc2VsYXMtY2xhc3NpcXVlJTJGJTJDaHR0cHMlM0ElMkYlMkZncmlsbGV0dGUuY2glMkZkZSUyRnByb2R1aXQlMkZvZWlsLWRlLXBlcmRyaXgtY2xhc3NpcXVlJTJGJTJDaHR0cHMlM0ElMkYlMkZncmlsbGV0dGUuY2glMkZkZSUyRnByb2R1aXQlMkZwaW5vdC1ub2lyLWNsYXNzaXF1ZSUyRiUyQ2h0dHBzJTNBJTJGJTJGZ3JpbGxldHRlLmNoJTJGZGUlMkZwcm9kdWl0JTJGcGlub3Qtbm9pci1zaWduYXR1cmUlMkY=&#8220;][\/vc_column][\/vc_row][vc_row content_placement=&#8220;middle&#8220; content_text_alignment=&#8220;center&#8220; css=&#8220;.vc_custom_1566984417967{padding-top: 50px !important;}&#8220;][vc_column][vc_empty_space][\/vc_column][\/vc_row][vc_row row_content_width=&#8220;grid&#8220;][vc_column css=&#8220;.vc_custom_1595506219001{padding-right: 16px !important;padding-left: 0% !important;}&#8220; offset=&#8220;vc_col-lg-6 vc_col-md-6&#8243; column_responsive_padding_680=&#8220;0 15px 0 15px&#8220; column_responsive_padding_1024=&#8220;0 16px 0 0&#8243; column_responsive_padding_768=&#8220;0 15px 0 15px&#8220;][vc_empty_space height=&#8220;64px&#8220;]<div class=\"qodef-shortcode qodef-m  qodef-section-title qodef-alignment--left \">\n\t\t<h3 class=\"qodef-m-title\" >\n\t\tPremier\t\t<\/h3>\n\t\t<\/div><p class=\"qodef-shortcode qodef-m  qodef-custom-font qodef-custom-font-9835 qodef-layout--simple\" style=\"color: #e22895;font-family: Dawning of a New Day;font-size: 35px;line-height: 56px\">Innovation &amp; Originalit\u00e4t<\/p>[vc_column_text]Diese Weine sind Kreationen aus Einzellagen, neue Rebsorten oder originelle Assemblagen. Die Premier-Linie pr\u00e4sentiert die besten Innovationen der Grillette.[\/vc_column_text][\/vc_column][vc_column css=&#8220;.vc_custom_1595506229989{padding-right: 0px !important;padding-left: 16px !important;}&#8220; offset=&#8220;vc_col-lg-6 vc_col-md-6&#8243; column_responsive_padding_680=&#8220;30px 15px 0 15px&#8220; column_responsive_padding_1024=&#8220;0px 0 0 16px&#8220; column_responsive_padding_768=&#8220;30px 15px 0 15px&#8220;][vc_empty_space height=&#8220;64px&#8220;][vc_images_carousel images=&#8220;31478,31476,31468,31474,31464,31462,31456,31448&#8243; img_size=&#8220;large&#8220; onclick=&#8220;custom_link&#8220; slides_per_view=&#8220;4&#8243; autoplay=&#8220;yes&#8220; hide_pagination_control=&#8220;yes&#8220; wrap=&#8220;yes&#8220; custom_links=&#8220;#E-8_aHR0cHMlM0ElMkYlMkZncmlsbGV0dGUuY2glMkZkZSUyRnByb2R1aXQlMkZjaGFzc2VsYXMtcHJlbWllci1ibGFuYy1kZXMtcm9jaGVzJTJGJTJDaHR0cHMlM0ElMkYlMkZncmlsbGV0dGUuY2glMkZkZSUyRnByb2R1aXQlMkZzYXV2aWdub24tYmxhbmMtcHJlbWllci1sZXMtY2FkZXJvc3NlcyUyRiUyQ2h0dHBzJTNBJTJGJTJGZ3JpbGxldHRlLmNoJTJGZGUlMkZwcm9kdWl0JTJGdmlvZ25pZXItcHJlbWllci1sZXMtZ3VpbGxlbWJlcmdzJTJGJTJDaHR0cHMlM0ElMkYlMkZncmlsbGV0dGUuY2glMkZkZSUyRnByb2R1aXQlMkZyc29uYW5jZS1ibGFuYy1kZS1ub2lyLTc1Y2wlMkYlMkNodHRwcyUzQSUyRiUyRmdyaWxsZXR0ZS5jaCUyRmRlJTJGcHJvZHVpdCUyRm9laWwtZGUtcGVyZHJpeC1wcmVtaWVyLW9laWwtZGVzLXJvY2hlcyUyRiUyQ2h0dHBzJTNBJTJGJTJGZ3JpbGxldHRlLmNoJTJGZGUlMkZwcm9kdWl0JTJGcGlub3Qtbm9pci1wcmVtaWVyLW5vaXItZGVzLXJvY2hlcyUyRiUyQ2h0dHBzJTNBJTJGJTJGZ3JpbGxldHRlLmNoJTJGZGUlMkZwcm9kdWl0JTJGbWFsYmVjLW1lcmxvdC1wcmVtaWVyLWxlcy1wYWxpbnMtbGVzLWNsb3VzLTc1Y2wlMkYlMkNodHRwcyUzQSUyRiUyRmdyaWxsZXR0ZS5jaCUyRmRlJTJGcHJvZHVpdCUyRmNhYmVybmV0LWZyYW5jLXByZW1pZXItbGVzLXBhbGlucyUyRg==&#8220;][\/vc_column][\/vc_row][vc_row content_placement=&#8220;middle&#8220; content_text_alignment=&#8220;center&#8220; css=&#8220;.vc_custom_1566984417967{padding-top: 50px !important;}&#8220;][vc_column][vc_empty_space height=&#8220;64px&#8220;][\/vc_column][\/vc_row][vc_row row_content_width=&#8220;grid&#8220;][vc_column css=&#8220;.vc_custom_1595506247569{padding-right: 16px !important;padding-left: 0px !important;}&#8220; offset=&#8220;vc_col-lg-6 vc_col-md-6&#8243; column_responsive_padding_680=&#8220;0 15px 0 15px&#8220; column_responsive_padding_1024=&#8220;0 16px 0 0&#8243; column_responsive_padding_768=&#8220;0 15px 0 15px&#8220;][vc_empty_space height=&#8220;64px&#8220;]<div class=\"qodef-shortcode qodef-m  qodef-section-title qodef-alignment--left \">\n\t\t<h3 class=\"qodef-m-title\" >\n\t\tR\u00e9serve\t\t<\/h3>\n\t\t<\/div><p class=\"qodef-shortcode qodef-m  qodef-custom-font qodef-custom-font-2020 qodef-layout--simple\" style=\"color: #e22895;font-family: Dawning of a New Day;font-size: 35px;line-height: 56px\">Die Grands Crus &amp; alte Reben<\/p>[vc_column_text]Dies sind unsere \u00abAush\u00e4geschilder\u00bb unserer Domaine. Sie werden aus einer Auswahl von Parzellen mit den \u00e4ltesten Reben des Weinguts, aus einheimischen Rebsorten und durch traditionelle Methoden vinifiziert und ausgebaut. Sie d\u00fcrfen lange reifen.[\/vc_column_text][\/vc_column][vc_column css=&#8220;.vc_custom_1595506258144{padding-right: 0px !important;padding-left: 16px !important;}&#8220; offset=&#8220;vc_col-lg-6 vc_col-md-6&#8243; column_responsive_padding_680=&#8220;30px 15px 0 15px&#8220; column_responsive_padding_1024=&#8220;0px 0 0 16px&#8220; column_responsive_padding_768=&#8220;30px 15px 0 15px&#8220;][vc_empty_space height=&#8220;64px&#8220;][vc_images_carousel images=&#8220;31492,31490,31480,30629,31482,31488&#8243; img_size=&#8220;large&#8220; onclick=&#8220;custom_link&#8220; slides_per_view=&#8220;4&#8243; autoplay=&#8220;yes&#8220; hide_pagination_control=&#8220;yes&#8220; wrap=&#8220;yes&#8220; custom_links=&#8220;#E-8_aHR0cHMlM0ElMkYlMkZncmlsbGV0dGUuY2glMkZkZSUyRnByb2R1aXQlMkZjaGFzc2VsYXMtcnNlcnZlLWxlcy1jaGFwZWxldHMlMkYlMkNodHRwcyUzQSUyRiUyRmdyaWxsZXR0ZS5jaCUyRmRlJTJGcHJvZHVpdCUyRmNoYXJkb25uYXktcnNlcnZlLWN1dmUtbGVzLWNoaXByZXMtZW4tdmVudHMlMkYlMkNodHRwcyUzQSUyRiUyRmdyaWxsZXR0ZS5jaCUyRmRlJTJGcHJvZHVpdCUyRmJydXQtaWwtZGUtcGVyZHJpeC1tdGhvZGUtdHJhZGl0aW9ubmVsbGUlMkYlMkNodHRwcyUzQSUyRiUyRmdyaWxsZXR0ZS5jaCUyRmRlJTJGcHJvZHVpdCUyRmdhbG90dGElMkYlMkNodHRwcyUzQSUyRiUyRmdyaWxsZXR0ZS5jaCUyRmRlJTJGcHJvZHVpdCUyRnBpbm90LW5vaXItcmVzZXJ2ZS1ncmFmLXplcHBlbGluJTJG&#8220;][\/vc_column][\/vc_row][vc_row content_placement=&#8220;middle&#8220; content_text_alignment=&#8220;center&#8220; css=&#8220;.vc_custom_1566984417967{padding-top: 50px !important;}&#8220;][vc_column][vc_empty_space height=&#8220;64px&#8220;][\/vc_column][\/vc_row][vc_row row_content_width=&#8220;grid&#8220;][vc_column css=&#8220;.vc_custom_1595506272439{padding-right: 16px !important;padding-left: 0px !important;}&#8220; offset=&#8220;vc_col-lg-6 vc_col-md-6&#8243; column_responsive_padding_680=&#8220;0 15px 0 15px&#8220; column_responsive_padding_1024=&#8220;0 16px 0 0&#8243; column_responsive_padding_768=&#8220;0 15px 0 15px&#8220;][vc_empty_space height=&#8220;64px&#8220;]<div class=\"qodef-shortcode qodef-m  qodef-section-title qodef-alignment--left \">\n\t\t<h3 class=\"qodef-m-title\" >\n\t\tVernissage\t\t<\/h3>\n\t\t<\/div><p class=\"qodef-shortcode qodef-m  qodef-custom-font qodef-custom-font-575 qodef-layout--simple\" style=\"color: #e22895;font-family: Dawning of a New Day;font-size: 35px;line-height: 56px\">Sch\u00f6pfung &amp; Kunst<\/p>[vc_column_text]Genau wie Kunstwerke sind unsere Weine von extremer Finesse und subtiler Ausgewogenheit geschaffen. Sie stammen aus einer pr\u00e4zisen Parzellenauswahl und einer sehr sorgf\u00e4ltigen Weinbereitung. Weine f\u00fcr Sammler und Geniesser.[\/vc_column_text][\/vc_column][vc_column css=&#8220;.vc_custom_1595506286755{padding-right: 0px !important;padding-left: 16px !important;}&#8220; offset=&#8220;vc_col-lg-6 vc_col-md-6&#8243; column_responsive_padding_680=&#8220;30px 15px 0 15px&#8220; column_responsive_padding_1024=&#8220;0px 0 0 16px&#8220; column_responsive_padding_768=&#8220;30px 15px 0 15px&#8220;][vc_empty_space height=&#8220;64px&#8220;][vc_images_carousel images=&#8220;31494,30645,31506,31500&#8243; img_size=&#8220;large&#8220; onclick=&#8220;custom_link&#8220; slides_per_view=&#8220;4&#8243; autoplay=&#8220;yes&#8220; hide_pagination_control=&#8220;yes&#8220; wrap=&#8220;yes&#8220; custom_links=&#8220;#E-8_aHR0cHMlM0ElMkYlMkZncmlsbGV0dGUuY2glMkZkZSUyRnByb2R1aXQlMkZzeXJhaC12ZXJuaXNzYWdlLWxlcy10cmVpbGxlcyUyRiUyQ2h0dHBzJTNBJTJGJTJGZ3JpbGxldHRlLmNoJTJGZGUlMkZwcm9kdWl0JTJGbWVybG90LXZlcm5pc3NhZ2UtbGVzLWNsb3VzJTJGJTJDaHR0cHMlM0ElMkYlMkZncmlsbGV0dGUuY2glMkZkZSUyRnByb2R1aXQlMkZtYWxiZWMtdmVybmlzc2FnZS1sZXMtcGFsaW5zJTJGJTJDaHR0cHMlM0ElMkYlMkZncmlsbGV0dGUuY2glMkZkZSUyRnByb2R1aXQlMkZjYWJlcm5ldC1mcmFuYy1wYXNzZXJpbGwtdmVybmlzc2FnZS1sZXMtcGFsaW5zJTJG&#8220;][\/vc_column][\/vc_row]<\/p>\n","protected":false},"excerpt":{"rendered":"<p>[vc_row row_content_width=&#8220;grid&#8220; css=&#8220;.vc_custom_1569414181451{padding-top: 125px !important;padding-bottom: 14px !important;}&#8220;][vc_column][\/vc_column][\/vc_row][vc_row content_placement=&#8220;middle&#8220; content_text_alignment=&#8220;center&#8220; css=&#8220;.vc_custom_1566984417967{padding-top: 50px !important;}&#8220;][vc_column][\/vc_column][\/vc_row][vc_row row_content_width=&#8220;grid&#8220; content_text_alignment=&#8220;left&#8220;][vc_column css=&#8220;.vc_custom_1595941875187{padding-left: 0px !important;}&#8220; offset=&#8220;vc_col-lg-6 vc_col-md-6&#8243; column_responsive_padding_680=&#8220;0 15px 0 15px&#8220; column_responsive_padding_1024=&#8220;0 16px 0 0&#8243; column_responsive_padding_768=&#8220;0 15px 0 15px&#8220;][vc_empty_space height=&#8220;64px&#8220;][vc_column_text]Hier bieten wir das beste aus den Ursprungsgebiet der AOC Neuch\u00e2tel an: authentische Weine aus Neuenburg die mit den traditionellen und autochthonen Rebsorten gekeltert [&hellip;]<\/p>\n","protected":false},"author":1,"featured_media":0,"parent":0,"menu_order":0,"comment_status":"closed","ping_status":"closed","template":"page-full-width.php","meta":{"footnotes":""},"class_list":["post-31407","page","type-page","status-publish","hentry"],"yoast_head":"<!-- This site is optimized with the Yoast SEO plugin v24.3 - https:\/\/yoast.com\/wordpress\/plugins\/seo\/ -->\n<title>Die Weine in K\u00fcrze - Grillette Domaine De Cressier<\/title>\n<meta name=\"robots\" content=\"index, follow, max-snippet:-1, max-image-preview:large, max-video-preview:-1\" \/>\n<link rel=\"canonical\" href=\"https:\/\/grillette.ch\/de\/die-weine-in-kuerze\/\" \/>\n<meta property=\"og:locale\" content=\"de_DE\" \/>\n<meta property=\"og:type\" content=\"article\" \/>\n<meta property=\"og:title\" content=\"Die Weine in K\u00fcrze - Grillette Domaine De Cressier\" \/>\n<meta property=\"og:description\" content=\"[vc_row row_content_width=&#8220;grid&#8220; css=&#8220;.vc_custom_1569414181451{padding-top: 125px !important;padding-bottom: 14px !important;}&#8220;][vc_column][\/vc_column][\/vc_row][vc_row content_placement=&#8220;middle&#8220; content_text_alignment=&#8220;center&#8220; css=&#8220;.vc_custom_1566984417967{padding-top: 50px !important;}&#8220;][vc_column][\/vc_column][\/vc_row][vc_row row_content_width=&#8220;grid&#8220; content_text_alignment=&#8220;left&#8220;][vc_column css=&#8220;.vc_custom_1595941875187{padding-left: 0px !important;}&#8220; offset=&#8220;vc_col-lg-6 vc_col-md-6&#8243; column_responsive_padding_680=&#8220;0 15px 0 15px&#8220; column_responsive_padding_1024=&#8220;0 16px 0 0&#8243; column_responsive_padding_768=&#8220;0 15px 0 15px&#8220;][vc_empty_space height=&#8220;64px&#8220;][vc_column_text]Hier bieten wir das beste aus den Ursprungsgebiet der AOC Neuch\u00e2tel an: authentische Weine aus Neuenburg die mit den traditionellen und autochthonen Rebsorten gekeltert [&hellip;]\" \/>\n<meta property=\"og:url\" content=\"https:\/\/grillette.ch\/de\/die-weine-in-kuerze\/\" \/>\n<meta property=\"og:site_name\" content=\"Grillette Domaine De Cressier\" \/>\n<meta property=\"article:modified_time\" content=\"2020-09-15T15:12:25+00:00\" \/>\n<meta name=\"twitter:card\" content=\"summary_large_image\" \/>\n<meta name=\"twitter:label1\" content=\"Gesch\u00e4tzte Lesezeit\" \/>\n\t<meta name=\"twitter:data1\" content=\"5\u00a0Minuten\" \/>\n<script type=\"application\/ld+json\" class=\"yoast-schema-graph\">{\"@context\":\"https:\/\/schema.org\",\"@graph\":[{\"@type\":\"WebPage\",\"@id\":\"https:\/\/grillette.ch\/de\/die-weine-in-kuerze\/\",\"url\":\"https:\/\/grillette.ch\/de\/die-weine-in-kuerze\/\",\"name\":\"Die Weine in K\u00fcrze - Grillette Domaine De Cressier\",\"isPartOf\":{\"@id\":\"https:\/\/grillette.ch\/#website\"},\"datePublished\":\"2020-09-03T12:14:08+00:00\",\"dateModified\":\"2020-09-15T15:12:25+00:00\",\"breadcrumb\":{\"@id\":\"https:\/\/grillette.ch\/de\/die-weine-in-kuerze\/#breadcrumb\"},\"inLanguage\":\"de\",\"potentialAction\":[{\"@type\":\"ReadAction\",\"target\":[\"https:\/\/grillette.ch\/de\/die-weine-in-kuerze\/\"]}]},{\"@type\":\"BreadcrumbList\",\"@id\":\"https:\/\/grillette.ch\/de\/die-weine-in-kuerze\/#breadcrumb\",\"itemListElement\":[{\"@type\":\"ListItem\",\"position\":1,\"name\":\"Accueil\",\"item\":\"https:\/\/grillette.ch\/de\/startseite\/\"},{\"@type\":\"ListItem\",\"position\":2,\"name\":\"Die Weine in K\u00fcrze\"}]},{\"@type\":\"WebSite\",\"@id\":\"https:\/\/grillette.ch\/#website\",\"url\":\"https:\/\/grillette.ch\/\",\"name\":\"Grillette Domaine De Cressier\",\"description\":\"Les horlogers du vin\",\"publisher\":{\"@id\":\"https:\/\/grillette.ch\/#organization\"},\"potentialAction\":[{\"@type\":\"SearchAction\",\"target\":{\"@type\":\"EntryPoint\",\"urlTemplate\":\"https:\/\/grillette.ch\/?s={search_term_string}\"},\"query-input\":{\"@type\":\"PropertyValueSpecification\",\"valueRequired\":true,\"valueName\":\"search_term_string\"}}],\"inLanguage\":\"de\"},{\"@type\":\"Organization\",\"@id\":\"https:\/\/grillette.ch\/#organization\",\"name\":\"Grillette Domaine De Cressier\",\"url\":\"https:\/\/grillette.ch\/\",\"logo\":{\"@type\":\"ImageObject\",\"inLanguage\":\"de\",\"@id\":\"https:\/\/grillette.ch\/#\/schema\/logo\/image\/\",\"url\":\"https:\/\/grillette.ch\/wp-content\/uploads\/2020\/02\/cropped-Grillette-Horlogers-positif_R-2.jpg\",\"contentUrl\":\"https:\/\/grillette.ch\/wp-content\/uploads\/2020\/02\/cropped-Grillette-Horlogers-positif_R-2.jpg\",\"width\":1325,\"height\":415,\"caption\":\"Grillette Domaine De Cressier\"},\"image\":{\"@id\":\"https:\/\/grillette.ch\/#\/schema\/logo\/image\/\"},\"sameAs\":[\"https:\/\/www.instagram.com\/lagrillette\"]}]}<\/script>\n<!-- \/ Yoast SEO plugin. -->","yoast_head_json":{"title":"Die Weine in K\u00fcrze - Grillette Domaine De Cressier","robots":{"index":"index","follow":"follow","max-snippet":"max-snippet:-1","max-image-preview":"max-image-preview:large","max-video-preview":"max-video-preview:-1"},"canonical":"https:\/\/grillette.ch\/de\/die-weine-in-kuerze\/","og_locale":"de_DE","og_type":"article","og_title":"Die Weine in K\u00fcrze - Grillette Domaine De Cressier","og_description":"[vc_row row_content_width=&#8220;grid&#8220; css=&#8220;.vc_custom_1569414181451{padding-top: 125px !important;padding-bottom: 14px !important;}&#8220;][vc_column][\/vc_column][\/vc_row][vc_row content_placement=&#8220;middle&#8220; content_text_alignment=&#8220;center&#8220; css=&#8220;.vc_custom_1566984417967{padding-top: 50px !important;}&#8220;][vc_column][\/vc_column][\/vc_row][vc_row row_content_width=&#8220;grid&#8220; content_text_alignment=&#8220;left&#8220;][vc_column css=&#8220;.vc_custom_1595941875187{padding-left: 0px !important;}&#8220; offset=&#8220;vc_col-lg-6 vc_col-md-6&#8243; column_responsive_padding_680=&#8220;0 15px 0 15px&#8220; column_responsive_padding_1024=&#8220;0 16px 0 0&#8243; column_responsive_padding_768=&#8220;0 15px 0 15px&#8220;][vc_empty_space height=&#8220;64px&#8220;][vc_column_text]Hier bieten wir das beste aus den Ursprungsgebiet der AOC Neuch\u00e2tel an: authentische Weine aus Neuenburg die mit den traditionellen und autochthonen Rebsorten gekeltert [&hellip;]","og_url":"https:\/\/grillette.ch\/de\/die-weine-in-kuerze\/","og_site_name":"Grillette Domaine De Cressier","article_modified_time":"2020-09-15T15:12:25+00:00","twitter_card":"summary_large_image","twitter_misc":{"Gesch\u00e4tzte Lesezeit":"5\u00a0Minuten"},"schema":{"@context":"https:\/\/schema.org","@graph":[{"@type":"WebPage","@id":"https:\/\/grillette.ch\/de\/die-weine-in-kuerze\/","url":"https:\/\/grillette.ch\/de\/die-weine-in-kuerze\/","name":"Die Weine in K\u00fcrze - Grillette Domaine De Cressier","isPartOf":{"@id":"https:\/\/grillette.ch\/#website"},"datePublished":"2020-09-03T12:14:08+00:00","dateModified":"2020-09-15T15:12:25+00:00","breadcrumb":{"@id":"https:\/\/grillette.ch\/de\/die-weine-in-kuerze\/#breadcrumb"},"inLanguage":"de","potentialAction":[{"@type":"ReadAction","target":["https:\/\/grillette.ch\/de\/die-weine-in-kuerze\/"]}]},{"@type":"BreadcrumbList","@id":"https:\/\/grillette.ch\/de\/die-weine-in-kuerze\/#breadcrumb","itemListElement":[{"@type":"ListItem","position":1,"name":"Accueil","item":"https:\/\/grillette.ch\/de\/startseite\/"},{"@type":"ListItem","position":2,"name":"Die Weine in K\u00fcrze"}]},{"@type":"WebSite","@id":"https:\/\/grillette.ch\/#website","url":"https:\/\/grillette.ch\/","name":"Grillette Domaine De Cressier","description":"Les horlogers du vin","publisher":{"@id":"https:\/\/grillette.ch\/#organization"},"potentialAction":[{"@type":"SearchAction","target":{"@type":"EntryPoint","urlTemplate":"https:\/\/grillette.ch\/?s={search_term_string}"},"query-input":{"@type":"PropertyValueSpecification","valueRequired":true,"valueName":"search_term_string"}}],"inLanguage":"de"},{"@type":"Organization","@id":"https:\/\/grillette.ch\/#organization","name":"Grillette Domaine De Cressier","url":"https:\/\/grillette.ch\/","logo":{"@type":"ImageObject","inLanguage":"de","@id":"https:\/\/grillette.ch\/#\/schema\/logo\/image\/","url":"https:\/\/grillette.ch\/wp-content\/uploads\/2020\/02\/cropped-Grillette-Horlogers-positif_R-2.jpg","contentUrl":"https:\/\/grillette.ch\/wp-content\/uploads\/2020\/02\/cropped-Grillette-Horlogers-positif_R-2.jpg","width":1325,"height":415,"caption":"Grillette Domaine De Cressier"},"image":{"@id":"https:\/\/grillette.ch\/#\/schema\/logo\/image\/"},"sameAs":["https:\/\/www.instagram.com\/lagrillette"]}]}},"jetpack_sharing_enabled":true,"_links":{"self":[{"href":"https:\/\/grillette.ch\/de\/wp-json\/wp\/v2\/pages\/31407"}],"collection":[{"href":"https:\/\/grillette.ch\/de\/wp-json\/wp\/v2\/pages"}],"about":[{"href":"https:\/\/grillette.ch\/de\/wp-json\/wp\/v2\/types\/page"}],"author":[{"embeddable":true,"href":"https:\/\/grillette.ch\/de\/wp-json\/wp\/v2\/users\/1"}],"replies":[{"embeddable":true,"href":"https:\/\/grillette.ch\/de\/wp-json\/wp\/v2\/comments?post=31407"}],"version-history":[{"count":12,"href":"https:\/\/grillette.ch\/de\/wp-json\/wp\/v2\/pages\/31407\/revisions"}],"predecessor-version":[{"id":31615,"href":"https:\/\/grillette.ch\/de\/wp-json\/wp\/v2\/pages\/31407\/revisions\/31615"}],"wp:attachment":[{"href":"https:\/\/grillette.ch\/de\/wp-json\/wp\/v2\/media?parent=31407"}],"curies":[{"name":"wp","href":"https:\/\/api.w.org\/{rel}","templated":true}]}}