{"id":31463,"date":"2020-05-27T10:35:54","date_gmt":"2020-05-27T08:35:54","guid":{"rendered":"https:\/\/grillette.ch\/produit\/oeil-de-perdrix-premier-oeil-des-roches\/"},"modified":"2025-08-08T10:44:26","modified_gmt":"2025-08-08T08:44:26","slug":"oeil-de-perdrix-premier-oeil-des-roches","status":"publish","type":"product","link":"https:\/\/grillette.ch\/de\/produit\/oeil-de-perdrix-premier-oeil-des-roches\/","title":{"rendered":"\u0152il de Perdrix Premier &#8222;\u0152il-des-Roches&#8220; 2023"},"content":{"rendered":"","protected":false},"excerpt":{"rendered":"<p>Jahrgang 2023.<\/p>\n<p>100% Pinot Noir, Kelterung aus dem Mostabzug (Saign\u00e9e-Methode)<\/p>\n<p>Elegante hellrosa Farbe, zart, lebhaft und gl\u00e4nzend. Eine authentische Spezialit\u00e4t des \u00abPays de Neuch\u00e2tel\u00bb. Ein Wein von grosser Finesse, trocken und mit grosser Lebendigkeit.<\/p>\n<p>Ideal als Aperitif und Vorspeisen, Neuenburger Wurst, Fleischkuchen, Pasteten, Ziegenk\u00e4se sowie asiatischer und exotischer K\u00fcche.<\/p>\n<p>&nbsp;<\/p>\n<p><em>Enth\u00e4lt Sulfite \u2013 AOC Neuch\u00e2tel \u2013 75cl &#8211; 14% vol.<\/em><\/p>\n","protected":false},"featured_media":31464,"template":"","meta":[],"product_brand":[],"product_cat":[96,94],"product_tag":[],"class_list":{"0":"post-31463","1":"product","2":"type-product","3":"status-publish","4":"has-post-thumbnail","6":"product_cat-premier","7":"product_cat-rosewein","9":"first","10":"instock","11":"taxable","12":"shipping-taxable","13":"purchasable","14":"product-type-simple"},"yoast_head":"<!-- This site is optimized with the Yoast SEO plugin v24.3 - https:\/\/yoast.com\/wordpress\/plugins\/seo\/ -->\n<title>\u0152il de Perdrix Premier &quot;\u0152il-des-Roches&quot; 2023 - Grillette Domaine De Cressier<\/title>\n<meta name=\"robots\" content=\"index, follow, max-snippet:-1, max-image-preview:large, max-video-preview:-1\" \/>\n<link rel=\"canonical\" href=\"https:\/\/grillette.ch\/de\/produit\/oeil-de-perdrix-premier-oeil-des-roches\/\" \/>\n<meta property=\"og:locale\" content=\"de_DE\" \/>\n<meta property=\"og:type\" content=\"article\" \/>\n<meta property=\"og:title\" content=\"\u0152il de Perdrix Premier &quot;\u0152il-des-Roches&quot; 2023 - Grillette Domaine De Cressier\" \/>\n<meta property=\"og:description\" content=\"Jahrgang 2023.  100% Pinot Noir, Kelterung aus dem Mostabzug (Saign\u00e9e-Methode)  Elegante hellrosa Farbe, zart, lebhaft und gl\u00e4nzend. Eine authentische Spezialit\u00e4t des \u00abPays de Neuch\u00e2tel\u00bb. Ein Wein von grosser Finesse, trocken und mit grosser Lebendigkeit.  Ideal als Aperitif und Vorspeisen, Neuenburger Wurst, Fleischkuchen, Pasteten, Ziegenk\u00e4se sowie asiatischer und exotischer K\u00fcche.  &nbsp;  Enth\u00e4lt Sulfite \u2013 AOC Neuch\u00e2tel \u2013 75cl - 14% vol.\" \/>\n<meta property=\"og:url\" content=\"https:\/\/grillette.ch\/de\/produit\/oeil-de-perdrix-premier-oeil-des-roches\/\" \/>\n<meta property=\"og:site_name\" content=\"Grillette Domaine De Cressier\" \/>\n<meta property=\"article:modified_time\" content=\"2025-08-08T08:44:26+00:00\" \/>\n<meta property=\"og:image\" content=\"https:\/\/grillette.ch\/wp-content\/uploads\/2020\/05\/Oeil-des-Roches-Premier.jpg\" \/>\n\t<meta property=\"og:image:width\" content=\"800\" \/>\n\t<meta property=\"og:image:height\" content=\"1406\" \/>\n\t<meta property=\"og:image:type\" content=\"image\/jpeg\" \/>\n<meta name=\"twitter:card\" content=\"summary_large_image\" \/>\n<meta name=\"twitter:label1\" content=\"Gesch\u00e4tzte Lesezeit\" \/>\n\t<meta name=\"twitter:data1\" content=\"1\u00a0Minute\" \/>\n<script type=\"application\/ld+json\" class=\"yoast-schema-graph\">{\"@context\":\"https:\/\/schema.org\",\"@graph\":[{\"@type\":\"WebPage\",\"@id\":\"https:\/\/grillette.ch\/de\/produit\/oeil-de-perdrix-premier-oeil-des-roches\/\",\"url\":\"https:\/\/grillette.ch\/de\/produit\/oeil-de-perdrix-premier-oeil-des-roches\/\",\"name\":\"\u0152il de Perdrix Premier \\\"\u0152il-des-Roches\\\" 2023 - Grillette Domaine De Cressier\",\"isPartOf\":{\"@id\":\"https:\/\/grillette.ch\/#website\"},\"primaryImageOfPage\":{\"@id\":\"https:\/\/grillette.ch\/de\/produit\/oeil-de-perdrix-premier-oeil-des-roches\/#primaryimage\"},\"image\":{\"@id\":\"https:\/\/grillette.ch\/de\/produit\/oeil-de-perdrix-premier-oeil-des-roches\/#primaryimage\"},\"thumbnailUrl\":\"https:\/\/grillette.ch\/wp-content\/uploads\/2020\/05\/Oeil-des-Roches-Premier.jpg\",\"datePublished\":\"2020-05-27T08:35:54+00:00\",\"dateModified\":\"2025-08-08T08:44:26+00:00\",\"breadcrumb\":{\"@id\":\"https:\/\/grillette.ch\/de\/produit\/oeil-de-perdrix-premier-oeil-des-roches\/#breadcrumb\"},\"inLanguage\":\"de\",\"potentialAction\":[{\"@type\":\"ReadAction\",\"target\":[\"https:\/\/grillette.ch\/de\/produit\/oeil-de-perdrix-premier-oeil-des-roches\/\"]}]},{\"@type\":\"ImageObject\",\"inLanguage\":\"de\",\"@id\":\"https:\/\/grillette.ch\/de\/produit\/oeil-de-perdrix-premier-oeil-des-roches\/#primaryimage\",\"url\":\"https:\/\/grillette.ch\/wp-content\/uploads\/2020\/05\/Oeil-des-Roches-Premier.jpg\",\"contentUrl\":\"https:\/\/grillette.ch\/wp-content\/uploads\/2020\/05\/Oeil-des-Roches-Premier.jpg\",\"width\":800,\"height\":1406},{\"@type\":\"BreadcrumbList\",\"@id\":\"https:\/\/grillette.ch\/de\/produit\/oeil-de-perdrix-premier-oeil-des-roches\/#breadcrumb\",\"itemListElement\":[{\"@type\":\"ListItem\",\"position\":1,\"name\":\"Accueil\",\"item\":\"https:\/\/grillette.ch\/de\/startseite\/\"},{\"@type\":\"ListItem\",\"position\":2,\"name\":\"Die Boutique\",\"item\":\"https:\/\/grillette.ch\/de\/die-boutique\/\"},{\"@type\":\"ListItem\",\"position\":3,\"name\":\"\u0152il de Perdrix Premier &#8222;\u0152il-des-Roches&#8220; 2023\"}]},{\"@type\":\"WebSite\",\"@id\":\"https:\/\/grillette.ch\/#website\",\"url\":\"https:\/\/grillette.ch\/\",\"name\":\"Grillette Domaine De Cressier\",\"description\":\"Les horlogers du vin\",\"publisher\":{\"@id\":\"https:\/\/grillette.ch\/#organization\"},\"potentialAction\":[{\"@type\":\"SearchAction\",\"target\":{\"@type\":\"EntryPoint\",\"urlTemplate\":\"https:\/\/grillette.ch\/?s={search_term_string}\"},\"query-input\":{\"@type\":\"PropertyValueSpecification\",\"valueRequired\":true,\"valueName\":\"search_term_string\"}}],\"inLanguage\":\"de\"},{\"@type\":\"Organization\",\"@id\":\"https:\/\/grillette.ch\/#organization\",\"name\":\"Grillette Domaine De Cressier\",\"url\":\"https:\/\/grillette.ch\/\",\"logo\":{\"@type\":\"ImageObject\",\"inLanguage\":\"de\",\"@id\":\"https:\/\/grillette.ch\/#\/schema\/logo\/image\/\",\"url\":\"https:\/\/grillette.ch\/wp-content\/uploads\/2020\/02\/cropped-Grillette-Horlogers-positif_R-2.jpg\",\"contentUrl\":\"https:\/\/grillette.ch\/wp-content\/uploads\/2020\/02\/cropped-Grillette-Horlogers-positif_R-2.jpg\",\"width\":1325,\"height\":415,\"caption\":\"Grillette Domaine De Cressier\"},\"image\":{\"@id\":\"https:\/\/grillette.ch\/#\/schema\/logo\/image\/\"},\"sameAs\":[\"https:\/\/www.instagram.com\/lagrillette\"]}]}<\/script>\n<!-- \/ Yoast SEO plugin. -->","yoast_head_json":{"title":"\u0152il de Perdrix Premier \"\u0152il-des-Roches\" 2023 - Grillette Domaine De Cressier","robots":{"index":"index","follow":"follow","max-snippet":"max-snippet:-1","max-image-preview":"max-image-preview:large","max-video-preview":"max-video-preview:-1"},"canonical":"https:\/\/grillette.ch\/de\/produit\/oeil-de-perdrix-premier-oeil-des-roches\/","og_locale":"de_DE","og_type":"article","og_title":"\u0152il de Perdrix Premier \"\u0152il-des-Roches\" 2023 - Grillette Domaine De Cressier","og_description":"Jahrgang 2023.  100% Pinot Noir, Kelterung aus dem Mostabzug (Saign\u00e9e-Methode)  Elegante hellrosa Farbe, zart, lebhaft und gl\u00e4nzend. Eine authentische Spezialit\u00e4t des \u00abPays de Neuch\u00e2tel\u00bb. Ein Wein von grosser Finesse, trocken und mit grosser Lebendigkeit.  Ideal als Aperitif und Vorspeisen, Neuenburger Wurst, Fleischkuchen, Pasteten, Ziegenk\u00e4se sowie asiatischer und exotischer K\u00fcche.  &nbsp;  Enth\u00e4lt Sulfite \u2013 AOC Neuch\u00e2tel \u2013 75cl - 14% vol.","og_url":"https:\/\/grillette.ch\/de\/produit\/oeil-de-perdrix-premier-oeil-des-roches\/","og_site_name":"Grillette Domaine De Cressier","article_modified_time":"2025-08-08T08:44:26+00:00","og_image":[{"width":800,"height":1406,"url":"https:\/\/grillette.ch\/wp-content\/uploads\/2020\/05\/Oeil-des-Roches-Premier.jpg","type":"image\/jpeg"}],"twitter_card":"summary_large_image","twitter_misc":{"Gesch\u00e4tzte Lesezeit":"1\u00a0Minute"},"schema":{"@context":"https:\/\/schema.org","@graph":[{"@type":"WebPage","@id":"https:\/\/grillette.ch\/de\/produit\/oeil-de-perdrix-premier-oeil-des-roches\/","url":"https:\/\/grillette.ch\/de\/produit\/oeil-de-perdrix-premier-oeil-des-roches\/","name":"\u0152il de Perdrix Premier \"\u0152il-des-Roches\" 2023 - Grillette Domaine De Cressier","isPartOf":{"@id":"https:\/\/grillette.ch\/#website"},"primaryImageOfPage":{"@id":"https:\/\/grillette.ch\/de\/produit\/oeil-de-perdrix-premier-oeil-des-roches\/#primaryimage"},"image":{"@id":"https:\/\/grillette.ch\/de\/produit\/oeil-de-perdrix-premier-oeil-des-roches\/#primaryimage"},"thumbnailUrl":"https:\/\/grillette.ch\/wp-content\/uploads\/2020\/05\/Oeil-des-Roches-Premier.jpg","datePublished":"2020-05-27T08:35:54+00:00","dateModified":"2025-08-08T08:44:26+00:00","breadcrumb":{"@id":"https:\/\/grillette.ch\/de\/produit\/oeil-de-perdrix-premier-oeil-des-roches\/#breadcrumb"},"inLanguage":"de","potentialAction":[{"@type":"ReadAction","target":["https:\/\/grillette.ch\/de\/produit\/oeil-de-perdrix-premier-oeil-des-roches\/"]}]},{"@type":"ImageObject","inLanguage":"de","@id":"https:\/\/grillette.ch\/de\/produit\/oeil-de-perdrix-premier-oeil-des-roches\/#primaryimage","url":"https:\/\/grillette.ch\/wp-content\/uploads\/2020\/05\/Oeil-des-Roches-Premier.jpg","contentUrl":"https:\/\/grillette.ch\/wp-content\/uploads\/2020\/05\/Oeil-des-Roches-Premier.jpg","width":800,"height":1406},{"@type":"BreadcrumbList","@id":"https:\/\/grillette.ch\/de\/produit\/oeil-de-perdrix-premier-oeil-des-roches\/#breadcrumb","itemListElement":[{"@type":"ListItem","position":1,"name":"Accueil","item":"https:\/\/grillette.ch\/de\/startseite\/"},{"@type":"ListItem","position":2,"name":"Die Boutique","item":"https:\/\/grillette.ch\/de\/die-boutique\/"},{"@type":"ListItem","position":3,"name":"\u0152il de Perdrix Premier &#8222;\u0152il-des-Roches&#8220; 2023"}]},{"@type":"WebSite","@id":"https:\/\/grillette.ch\/#website","url":"https:\/\/grillette.ch\/","name":"Grillette Domaine De Cressier","description":"Les horlogers du vin","publisher":{"@id":"https:\/\/grillette.ch\/#organization"},"potentialAction":[{"@type":"SearchAction","target":{"@type":"EntryPoint","urlTemplate":"https:\/\/grillette.ch\/?s={search_term_string}"},"query-input":{"@type":"PropertyValueSpecification","valueRequired":true,"valueName":"search_term_string"}}],"inLanguage":"de"},{"@type":"Organization","@id":"https:\/\/grillette.ch\/#organization","name":"Grillette Domaine De Cressier","url":"https:\/\/grillette.ch\/","logo":{"@type":"ImageObject","inLanguage":"de","@id":"https:\/\/grillette.ch\/#\/schema\/logo\/image\/","url":"https:\/\/grillette.ch\/wp-content\/uploads\/2020\/02\/cropped-Grillette-Horlogers-positif_R-2.jpg","contentUrl":"https:\/\/grillette.ch\/wp-content\/uploads\/2020\/02\/cropped-Grillette-Horlogers-positif_R-2.jpg","width":1325,"height":415,"caption":"Grillette Domaine De Cressier"},"image":{"@id":"https:\/\/grillette.ch\/#\/schema\/logo\/image\/"},"sameAs":["https:\/\/www.instagram.com\/lagrillette"]}]}},"jetpack_sharing_enabled":true,"_links":{"self":[{"href":"https:\/\/grillette.ch\/de\/wp-json\/wp\/v2\/product\/31463"}],"collection":[{"href":"https:\/\/grillette.ch\/de\/wp-json\/wp\/v2\/product"}],"about":[{"href":"https:\/\/grillette.ch\/de\/wp-json\/wp\/v2\/types\/product"}],"wp:featuredmedia":[{"embeddable":true,"href":"https:\/\/grillette.ch\/de\/wp-json\/wp\/v2\/media\/31464"}],"wp:attachment":[{"href":"https:\/\/grillette.ch\/de\/wp-json\/wp\/v2\/media?parent=31463"}],"wp:term":[{"taxonomy":"product_brand","embeddable":true,"href":"https:\/\/grillette.ch\/de\/wp-json\/wp\/v2\/product_brand?post=31463"},{"taxonomy":"product_cat","embeddable":true,"href":"https:\/\/grillette.ch\/de\/wp-json\/wp\/v2\/product_cat?post=31463"},{"taxonomy":"product_tag","embeddable":true,"href":"https:\/\/grillette.ch\/de\/wp-json\/wp\/v2\/product_tag?post=31463"}],"curies":[{"name":"wp","href":"https:\/\/api.w.org\/{rel}","templated":true}]}}