{"id":31467,"date":"2020-05-27T10:35:54","date_gmt":"2020-05-27T08:35:54","guid":{"rendered":"https:\/\/grillette.ch\/produit\/viognier-premier-les-guillembergs\/"},"modified":"2025-08-08T10:34:15","modified_gmt":"2025-08-08T08:34:15","slug":"viognier-premier-les-guillembergs","status":"publish","type":"product","link":"https:\/\/grillette.ch\/de\/produit\/viognier-premier-les-guillembergs\/","title":{"rendered":"Viognier Premier &#8222;Les Guillembergs&#8220; 2022"},"content":{"rendered":"","protected":false},"excerpt":{"rendered":"<p>Jahrgang 2022.<\/p>\n<p>Ausbau zum Teil im Stahltank, aber auch in Barriques f\u00fcr mindestens 10 Monate.<\/p>\n<p>Hellgelbe Farbe mit gr\u00fcnen Reflexen. Die Aromen sind von grosser Finesse, typische Aromatik von weissem Pfirsich und Aprikose. ErstaunlicheKomplexit\u00e4t und grosse aromenvielfalt sowie lang im Abgang.<\/p>\n<p>Passt wunderbar zu Fisch, Schalentieren und Weichk\u00e4se. L\u00e4sst sich auch hervorragend zu einem Apfelkuchen kombinieren.<\/p>\n<p>&nbsp;<\/p>\n<p><em>Enth\u00e4lt Sulfite \u2013 AOC Neuch\u00e2tel \u2013 75cl &#8211; 14% vol.<\/em><\/p>\n","protected":false},"featured_media":31468,"template":"","meta":[],"product_brand":[],"product_cat":[92,96,95],"product_tag":[],"class_list":{"0":"post-31467","1":"product","2":"type-product","3":"status-publish","4":"has-post-thumbnail","6":"product_cat-die-herausragenden-weine","7":"product_cat-premier","8":"product_cat-weissweine","10":"first","11":"instock","12":"taxable","13":"shipping-taxable","14":"purchasable","15":"product-type-simple"},"yoast_head":"<!-- This site is optimized with the Yoast SEO plugin v24.3 - https:\/\/yoast.com\/wordpress\/plugins\/seo\/ -->\n<title>Viognier Premier &quot;Les Guillembergs&quot; 2022 - Grillette Domaine De Cressier<\/title>\n<meta name=\"robots\" content=\"index, follow, max-snippet:-1, max-image-preview:large, max-video-preview:-1\" \/>\n<link rel=\"canonical\" href=\"https:\/\/grillette.ch\/de\/produit\/viognier-premier-les-guillembergs\/\" \/>\n<meta property=\"og:locale\" content=\"de_DE\" \/>\n<meta property=\"og:type\" content=\"article\" \/>\n<meta property=\"og:title\" content=\"Viognier Premier &quot;Les Guillembergs&quot; 2022 - Grillette Domaine De Cressier\" \/>\n<meta property=\"og:description\" content=\"Jahrgang 2022.  Ausbau zum Teil im Stahltank, aber auch in Barriques f\u00fcr mindestens 10 Monate.  Hellgelbe Farbe mit gr\u00fcnen Reflexen. Die Aromen sind von grosser Finesse, typische Aromatik von weissem Pfirsich und Aprikose. ErstaunlicheKomplexit\u00e4t und grosse aromenvielfalt sowie lang im Abgang.  Passt wunderbar zu Fisch, Schalentieren und Weichk\u00e4se. L\u00e4sst sich auch hervorragend zu einem Apfelkuchen kombinieren.  &nbsp;  Enth\u00e4lt Sulfite \u2013 AOC Neuch\u00e2tel \u2013 75cl - 14% vol.\" \/>\n<meta property=\"og:url\" content=\"https:\/\/grillette.ch\/de\/produit\/viognier-premier-les-guillembergs\/\" \/>\n<meta property=\"og:site_name\" content=\"Grillette Domaine De Cressier\" \/>\n<meta property=\"article:modified_time\" content=\"2025-08-08T08:34:15+00:00\" \/>\n<meta property=\"og:image\" content=\"https:\/\/grillette.ch\/wp-content\/uploads\/2020\/05\/Viognier-Premier.jpg\" \/>\n\t<meta property=\"og:image:width\" content=\"800\" \/>\n\t<meta property=\"og:image:height\" content=\"1406\" \/>\n\t<meta property=\"og:image:type\" content=\"image\/jpeg\" \/>\n<meta name=\"twitter:card\" content=\"summary_large_image\" \/>\n<meta name=\"twitter:label1\" content=\"Gesch\u00e4tzte Lesezeit\" \/>\n\t<meta name=\"twitter:data1\" content=\"1\u00a0Minute\" \/>\n<script type=\"application\/ld+json\" class=\"yoast-schema-graph\">{\"@context\":\"https:\/\/schema.org\",\"@graph\":[{\"@type\":\"WebPage\",\"@id\":\"https:\/\/grillette.ch\/de\/produit\/viognier-premier-les-guillembergs\/\",\"url\":\"https:\/\/grillette.ch\/de\/produit\/viognier-premier-les-guillembergs\/\",\"name\":\"Viognier Premier \\\"Les Guillembergs\\\" 2022 - Grillette Domaine De Cressier\",\"isPartOf\":{\"@id\":\"https:\/\/grillette.ch\/#website\"},\"primaryImageOfPage\":{\"@id\":\"https:\/\/grillette.ch\/de\/produit\/viognier-premier-les-guillembergs\/#primaryimage\"},\"image\":{\"@id\":\"https:\/\/grillette.ch\/de\/produit\/viognier-premier-les-guillembergs\/#primaryimage\"},\"thumbnailUrl\":\"https:\/\/grillette.ch\/wp-content\/uploads\/2020\/05\/Viognier-Premier.jpg\",\"datePublished\":\"2020-05-27T08:35:54+00:00\",\"dateModified\":\"2025-08-08T08:34:15+00:00\",\"breadcrumb\":{\"@id\":\"https:\/\/grillette.ch\/de\/produit\/viognier-premier-les-guillembergs\/#breadcrumb\"},\"inLanguage\":\"de\",\"potentialAction\":[{\"@type\":\"ReadAction\",\"target\":[\"https:\/\/grillette.ch\/de\/produit\/viognier-premier-les-guillembergs\/\"]}]},{\"@type\":\"ImageObject\",\"inLanguage\":\"de\",\"@id\":\"https:\/\/grillette.ch\/de\/produit\/viognier-premier-les-guillembergs\/#primaryimage\",\"url\":\"https:\/\/grillette.ch\/wp-content\/uploads\/2020\/05\/Viognier-Premier.jpg\",\"contentUrl\":\"https:\/\/grillette.ch\/wp-content\/uploads\/2020\/05\/Viognier-Premier.jpg\",\"width\":800,\"height\":1406},{\"@type\":\"BreadcrumbList\",\"@id\":\"https:\/\/grillette.ch\/de\/produit\/viognier-premier-les-guillembergs\/#breadcrumb\",\"itemListElement\":[{\"@type\":\"ListItem\",\"position\":1,\"name\":\"Accueil\",\"item\":\"https:\/\/grillette.ch\/de\/startseite\/\"},{\"@type\":\"ListItem\",\"position\":2,\"name\":\"Die Boutique\",\"item\":\"https:\/\/grillette.ch\/de\/die-boutique\/\"},{\"@type\":\"ListItem\",\"position\":3,\"name\":\"Viognier Premier &#8222;Les Guillembergs&#8220; 2022\"}]},{\"@type\":\"WebSite\",\"@id\":\"https:\/\/grillette.ch\/#website\",\"url\":\"https:\/\/grillette.ch\/\",\"name\":\"Grillette Domaine De Cressier\",\"description\":\"Les horlogers du vin\",\"publisher\":{\"@id\":\"https:\/\/grillette.ch\/#organization\"},\"potentialAction\":[{\"@type\":\"SearchAction\",\"target\":{\"@type\":\"EntryPoint\",\"urlTemplate\":\"https:\/\/grillette.ch\/?s={search_term_string}\"},\"query-input\":{\"@type\":\"PropertyValueSpecification\",\"valueRequired\":true,\"valueName\":\"search_term_string\"}}],\"inLanguage\":\"de\"},{\"@type\":\"Organization\",\"@id\":\"https:\/\/grillette.ch\/#organization\",\"name\":\"Grillette Domaine De Cressier\",\"url\":\"https:\/\/grillette.ch\/\",\"logo\":{\"@type\":\"ImageObject\",\"inLanguage\":\"de\",\"@id\":\"https:\/\/grillette.ch\/#\/schema\/logo\/image\/\",\"url\":\"https:\/\/grillette.ch\/wp-content\/uploads\/2020\/02\/cropped-Grillette-Horlogers-positif_R-2.jpg\",\"contentUrl\":\"https:\/\/grillette.ch\/wp-content\/uploads\/2020\/02\/cropped-Grillette-Horlogers-positif_R-2.jpg\",\"width\":1325,\"height\":415,\"caption\":\"Grillette Domaine De Cressier\"},\"image\":{\"@id\":\"https:\/\/grillette.ch\/#\/schema\/logo\/image\/\"},\"sameAs\":[\"https:\/\/www.instagram.com\/lagrillette\"]}]}<\/script>\n<!-- \/ Yoast SEO plugin. -->","yoast_head_json":{"title":"Viognier Premier \"Les Guillembergs\" 2022 - Grillette Domaine De Cressier","robots":{"index":"index","follow":"follow","max-snippet":"max-snippet:-1","max-image-preview":"max-image-preview:large","max-video-preview":"max-video-preview:-1"},"canonical":"https:\/\/grillette.ch\/de\/produit\/viognier-premier-les-guillembergs\/","og_locale":"de_DE","og_type":"article","og_title":"Viognier Premier \"Les Guillembergs\" 2022 - Grillette Domaine De Cressier","og_description":"Jahrgang 2022.  Ausbau zum Teil im Stahltank, aber auch in Barriques f\u00fcr mindestens 10 Monate.  Hellgelbe Farbe mit gr\u00fcnen Reflexen. Die Aromen sind von grosser Finesse, typische Aromatik von weissem Pfirsich und Aprikose. ErstaunlicheKomplexit\u00e4t und grosse aromenvielfalt sowie lang im Abgang.  Passt wunderbar zu Fisch, Schalentieren und Weichk\u00e4se. L\u00e4sst sich auch hervorragend zu einem Apfelkuchen kombinieren.  &nbsp;  Enth\u00e4lt Sulfite \u2013 AOC Neuch\u00e2tel \u2013 75cl - 14% vol.","og_url":"https:\/\/grillette.ch\/de\/produit\/viognier-premier-les-guillembergs\/","og_site_name":"Grillette Domaine De Cressier","article_modified_time":"2025-08-08T08:34:15+00:00","og_image":[{"width":800,"height":1406,"url":"https:\/\/grillette.ch\/wp-content\/uploads\/2020\/05\/Viognier-Premier.jpg","type":"image\/jpeg"}],"twitter_card":"summary_large_image","twitter_misc":{"Gesch\u00e4tzte Lesezeit":"1\u00a0Minute"},"schema":{"@context":"https:\/\/schema.org","@graph":[{"@type":"WebPage","@id":"https:\/\/grillette.ch\/de\/produit\/viognier-premier-les-guillembergs\/","url":"https:\/\/grillette.ch\/de\/produit\/viognier-premier-les-guillembergs\/","name":"Viognier Premier \"Les Guillembergs\" 2022 - Grillette Domaine De Cressier","isPartOf":{"@id":"https:\/\/grillette.ch\/#website"},"primaryImageOfPage":{"@id":"https:\/\/grillette.ch\/de\/produit\/viognier-premier-les-guillembergs\/#primaryimage"},"image":{"@id":"https:\/\/grillette.ch\/de\/produit\/viognier-premier-les-guillembergs\/#primaryimage"},"thumbnailUrl":"https:\/\/grillette.ch\/wp-content\/uploads\/2020\/05\/Viognier-Premier.jpg","datePublished":"2020-05-27T08:35:54+00:00","dateModified":"2025-08-08T08:34:15+00:00","breadcrumb":{"@id":"https:\/\/grillette.ch\/de\/produit\/viognier-premier-les-guillembergs\/#breadcrumb"},"inLanguage":"de","potentialAction":[{"@type":"ReadAction","target":["https:\/\/grillette.ch\/de\/produit\/viognier-premier-les-guillembergs\/"]}]},{"@type":"ImageObject","inLanguage":"de","@id":"https:\/\/grillette.ch\/de\/produit\/viognier-premier-les-guillembergs\/#primaryimage","url":"https:\/\/grillette.ch\/wp-content\/uploads\/2020\/05\/Viognier-Premier.jpg","contentUrl":"https:\/\/grillette.ch\/wp-content\/uploads\/2020\/05\/Viognier-Premier.jpg","width":800,"height":1406},{"@type":"BreadcrumbList","@id":"https:\/\/grillette.ch\/de\/produit\/viognier-premier-les-guillembergs\/#breadcrumb","itemListElement":[{"@type":"ListItem","position":1,"name":"Accueil","item":"https:\/\/grillette.ch\/de\/startseite\/"},{"@type":"ListItem","position":2,"name":"Die Boutique","item":"https:\/\/grillette.ch\/de\/die-boutique\/"},{"@type":"ListItem","position":3,"name":"Viognier Premier &#8222;Les Guillembergs&#8220; 2022"}]},{"@type":"WebSite","@id":"https:\/\/grillette.ch\/#website","url":"https:\/\/grillette.ch\/","name":"Grillette Domaine De Cressier","description":"Les horlogers du vin","publisher":{"@id":"https:\/\/grillette.ch\/#organization"},"potentialAction":[{"@type":"SearchAction","target":{"@type":"EntryPoint","urlTemplate":"https:\/\/grillette.ch\/?s={search_term_string}"},"query-input":{"@type":"PropertyValueSpecification","valueRequired":true,"valueName":"search_term_string"}}],"inLanguage":"de"},{"@type":"Organization","@id":"https:\/\/grillette.ch\/#organization","name":"Grillette Domaine De Cressier","url":"https:\/\/grillette.ch\/","logo":{"@type":"ImageObject","inLanguage":"de","@id":"https:\/\/grillette.ch\/#\/schema\/logo\/image\/","url":"https:\/\/grillette.ch\/wp-content\/uploads\/2020\/02\/cropped-Grillette-Horlogers-positif_R-2.jpg","contentUrl":"https:\/\/grillette.ch\/wp-content\/uploads\/2020\/02\/cropped-Grillette-Horlogers-positif_R-2.jpg","width":1325,"height":415,"caption":"Grillette Domaine De Cressier"},"image":{"@id":"https:\/\/grillette.ch\/#\/schema\/logo\/image\/"},"sameAs":["https:\/\/www.instagram.com\/lagrillette"]}]}},"jetpack_sharing_enabled":true,"_links":{"self":[{"href":"https:\/\/grillette.ch\/de\/wp-json\/wp\/v2\/product\/31467"}],"collection":[{"href":"https:\/\/grillette.ch\/de\/wp-json\/wp\/v2\/product"}],"about":[{"href":"https:\/\/grillette.ch\/de\/wp-json\/wp\/v2\/types\/product"}],"wp:featuredmedia":[{"embeddable":true,"href":"https:\/\/grillette.ch\/de\/wp-json\/wp\/v2\/media\/31468"}],"wp:attachment":[{"href":"https:\/\/grillette.ch\/de\/wp-json\/wp\/v2\/media?parent=31467"}],"wp:term":[{"taxonomy":"product_brand","embeddable":true,"href":"https:\/\/grillette.ch\/de\/wp-json\/wp\/v2\/product_brand?post=31467"},{"taxonomy":"product_cat","embeddable":true,"href":"https:\/\/grillette.ch\/de\/wp-json\/wp\/v2\/product_cat?post=31467"},{"taxonomy":"product_tag","embeddable":true,"href":"https:\/\/grillette.ch\/de\/wp-json\/wp\/v2\/product_tag?post=31467"}],"curies":[{"name":"wp","href":"https:\/\/api.w.org\/{rel}","templated":true}]}}