{"id":31469,"date":"2020-05-27T10:35:54","date_gmt":"2020-05-27T08:35:54","guid":{"rendered":"https:\/\/grillette.ch\/produit\/pinot-gris-premier-les-guillembergs\/"},"modified":"2025-08-08T10:33:29","modified_gmt":"2025-08-08T08:33:29","slug":"pinot-gris-premier-les-guillembergs","status":"publish","type":"product","link":"https:\/\/grillette.ch\/de\/produit\/pinot-gris-premier-les-guillembergs\/","title":{"rendered":"Pinot Gris Premier &#8222;Les Guillembergs&#8220; 2022"},"content":{"rendered":"<p><br data-mce-bogus=\"1\"><\/p>\n","protected":false},"excerpt":{"rendered":"<p>Jahrgang 2022.<\/p>\n<p>100% Pinot Gris, 6 Monate im Barrique. Gl\u00e4nzende, hellgelbe Farbe mit eleganten Bernsteinreflektionen. Wundersch\u00f6n vielf\u00e4ltig in der Nase, wo Aromen von Quittengelee und reifer Melone miteinander verschmelzen. F\u00fclle und Grossz\u00fcgigkeit kommen im Mund perfekt zum Ausdruck. Hervorragend in Kombination mit G\u00e4nseleber, Kalbsleber, weissem Gefl\u00fcgel im Allgemeinen, weissem Fleisch und Weichk\u00e4se.<\/p>\n<p>&nbsp;<\/p>\n<p><em>Enth\u00e4lt Sulfite \u2013 AOC Neuch\u00e2tel \u2013 75cl &#8211; 14% vol.<\/em><\/p>\n","protected":false},"featured_media":31470,"template":"","meta":[],"product_brand":[],"product_cat":[96,95],"product_tag":[],"class_list":{"0":"post-31469","1":"product","2":"type-product","3":"status-publish","4":"has-post-thumbnail","6":"product_cat-premier","7":"product_cat-weissweine","9":"first","10":"instock","11":"taxable","12":"shipping-taxable","13":"purchasable","14":"product-type-simple"},"yoast_head":"<!-- This site is optimized with the Yoast SEO plugin v24.3 - https:\/\/yoast.com\/wordpress\/plugins\/seo\/ -->\n<title>Pinot Gris Premier &quot;Les Guillembergs&quot; 2022 - Grillette Domaine De Cressier<\/title>\n<meta name=\"robots\" content=\"index, follow, max-snippet:-1, max-image-preview:large, max-video-preview:-1\" \/>\n<link rel=\"canonical\" href=\"https:\/\/grillette.ch\/de\/produit\/pinot-gris-premier-les-guillembergs\/\" \/>\n<meta property=\"og:locale\" content=\"de_DE\" \/>\n<meta property=\"og:type\" content=\"article\" \/>\n<meta property=\"og:title\" content=\"Pinot Gris Premier &quot;Les Guillembergs&quot; 2022 - Grillette Domaine De Cressier\" \/>\n<meta property=\"og:description\" content=\"Jahrgang 2022.  100% Pinot Gris, 6 Monate im Barrique. Gl\u00e4nzende, hellgelbe Farbe mit eleganten Bernsteinreflektionen. Wundersch\u00f6n vielf\u00e4ltig in der Nase, wo Aromen von Quittengelee und reifer Melone miteinander verschmelzen. F\u00fclle und Grossz\u00fcgigkeit kommen im Mund perfekt zum Ausdruck. Hervorragend in Kombination mit G\u00e4nseleber, Kalbsleber, weissem Gefl\u00fcgel im Allgemeinen, weissem Fleisch und Weichk\u00e4se.  &nbsp;  Enth\u00e4lt Sulfite \u2013 AOC Neuch\u00e2tel \u2013 75cl - 14% vol.\" \/>\n<meta property=\"og:url\" content=\"https:\/\/grillette.ch\/de\/produit\/pinot-gris-premier-les-guillembergs\/\" \/>\n<meta property=\"og:site_name\" content=\"Grillette Domaine De Cressier\" \/>\n<meta property=\"article:modified_time\" content=\"2025-08-08T08:33:29+00:00\" \/>\n<meta property=\"og:image\" content=\"https:\/\/grillette.ch\/wp-content\/uploads\/2020\/05\/Pinot-Gris-Premier.jpg\" \/>\n\t<meta property=\"og:image:width\" content=\"800\" \/>\n\t<meta property=\"og:image:height\" content=\"1406\" \/>\n\t<meta property=\"og:image:type\" content=\"image\/jpeg\" \/>\n<meta name=\"twitter:card\" content=\"summary_large_image\" \/>\n<script type=\"application\/ld+json\" class=\"yoast-schema-graph\">{\"@context\":\"https:\/\/schema.org\",\"@graph\":[{\"@type\":\"WebPage\",\"@id\":\"https:\/\/grillette.ch\/de\/produit\/pinot-gris-premier-les-guillembergs\/\",\"url\":\"https:\/\/grillette.ch\/de\/produit\/pinot-gris-premier-les-guillembergs\/\",\"name\":\"Pinot Gris Premier \\\"Les Guillembergs\\\" 2022 - Grillette Domaine De Cressier\",\"isPartOf\":{\"@id\":\"https:\/\/grillette.ch\/#website\"},\"primaryImageOfPage\":{\"@id\":\"https:\/\/grillette.ch\/de\/produit\/pinot-gris-premier-les-guillembergs\/#primaryimage\"},\"image\":{\"@id\":\"https:\/\/grillette.ch\/de\/produit\/pinot-gris-premier-les-guillembergs\/#primaryimage\"},\"thumbnailUrl\":\"https:\/\/grillette.ch\/wp-content\/uploads\/2020\/05\/Pinot-Gris-Premier.jpg\",\"datePublished\":\"2020-05-27T08:35:54+00:00\",\"dateModified\":\"2025-08-08T08:33:29+00:00\",\"breadcrumb\":{\"@id\":\"https:\/\/grillette.ch\/de\/produit\/pinot-gris-premier-les-guillembergs\/#breadcrumb\"},\"inLanguage\":\"de\",\"potentialAction\":[{\"@type\":\"ReadAction\",\"target\":[\"https:\/\/grillette.ch\/de\/produit\/pinot-gris-premier-les-guillembergs\/\"]}]},{\"@type\":\"ImageObject\",\"inLanguage\":\"de\",\"@id\":\"https:\/\/grillette.ch\/de\/produit\/pinot-gris-premier-les-guillembergs\/#primaryimage\",\"url\":\"https:\/\/grillette.ch\/wp-content\/uploads\/2020\/05\/Pinot-Gris-Premier.jpg\",\"contentUrl\":\"https:\/\/grillette.ch\/wp-content\/uploads\/2020\/05\/Pinot-Gris-Premier.jpg\",\"width\":800,\"height\":1406},{\"@type\":\"BreadcrumbList\",\"@id\":\"https:\/\/grillette.ch\/de\/produit\/pinot-gris-premier-les-guillembergs\/#breadcrumb\",\"itemListElement\":[{\"@type\":\"ListItem\",\"position\":1,\"name\":\"Accueil\",\"item\":\"https:\/\/grillette.ch\/de\/startseite\/\"},{\"@type\":\"ListItem\",\"position\":2,\"name\":\"Die Boutique\",\"item\":\"https:\/\/grillette.ch\/de\/die-boutique\/\"},{\"@type\":\"ListItem\",\"position\":3,\"name\":\"Pinot Gris Premier &#8222;Les Guillembergs&#8220; 2022\"}]},{\"@type\":\"WebSite\",\"@id\":\"https:\/\/grillette.ch\/#website\",\"url\":\"https:\/\/grillette.ch\/\",\"name\":\"Grillette Domaine De Cressier\",\"description\":\"Les horlogers du vin\",\"publisher\":{\"@id\":\"https:\/\/grillette.ch\/#organization\"},\"potentialAction\":[{\"@type\":\"SearchAction\",\"target\":{\"@type\":\"EntryPoint\",\"urlTemplate\":\"https:\/\/grillette.ch\/?s={search_term_string}\"},\"query-input\":{\"@type\":\"PropertyValueSpecification\",\"valueRequired\":true,\"valueName\":\"search_term_string\"}}],\"inLanguage\":\"de\"},{\"@type\":\"Organization\",\"@id\":\"https:\/\/grillette.ch\/#organization\",\"name\":\"Grillette Domaine De Cressier\",\"url\":\"https:\/\/grillette.ch\/\",\"logo\":{\"@type\":\"ImageObject\",\"inLanguage\":\"de\",\"@id\":\"https:\/\/grillette.ch\/#\/schema\/logo\/image\/\",\"url\":\"https:\/\/grillette.ch\/wp-content\/uploads\/2020\/02\/cropped-Grillette-Horlogers-positif_R-2.jpg\",\"contentUrl\":\"https:\/\/grillette.ch\/wp-content\/uploads\/2020\/02\/cropped-Grillette-Horlogers-positif_R-2.jpg\",\"width\":1325,\"height\":415,\"caption\":\"Grillette Domaine De Cressier\"},\"image\":{\"@id\":\"https:\/\/grillette.ch\/#\/schema\/logo\/image\/\"},\"sameAs\":[\"https:\/\/www.instagram.com\/lagrillette\"]}]}<\/script>\n<!-- \/ Yoast SEO plugin. -->","yoast_head_json":{"title":"Pinot Gris Premier \"Les Guillembergs\" 2022 - Grillette Domaine De Cressier","robots":{"index":"index","follow":"follow","max-snippet":"max-snippet:-1","max-image-preview":"max-image-preview:large","max-video-preview":"max-video-preview:-1"},"canonical":"https:\/\/grillette.ch\/de\/produit\/pinot-gris-premier-les-guillembergs\/","og_locale":"de_DE","og_type":"article","og_title":"Pinot Gris Premier \"Les Guillembergs\" 2022 - Grillette Domaine De Cressier","og_description":"Jahrgang 2022.  100% Pinot Gris, 6 Monate im Barrique. Gl\u00e4nzende, hellgelbe Farbe mit eleganten Bernsteinreflektionen. Wundersch\u00f6n vielf\u00e4ltig in der Nase, wo Aromen von Quittengelee und reifer Melone miteinander verschmelzen. F\u00fclle und Grossz\u00fcgigkeit kommen im Mund perfekt zum Ausdruck. Hervorragend in Kombination mit G\u00e4nseleber, Kalbsleber, weissem Gefl\u00fcgel im Allgemeinen, weissem Fleisch und Weichk\u00e4se.  &nbsp;  Enth\u00e4lt Sulfite \u2013 AOC Neuch\u00e2tel \u2013 75cl - 14% vol.","og_url":"https:\/\/grillette.ch\/de\/produit\/pinot-gris-premier-les-guillembergs\/","og_site_name":"Grillette Domaine De Cressier","article_modified_time":"2025-08-08T08:33:29+00:00","og_image":[{"width":800,"height":1406,"url":"https:\/\/grillette.ch\/wp-content\/uploads\/2020\/05\/Pinot-Gris-Premier.jpg","type":"image\/jpeg"}],"twitter_card":"summary_large_image","schema":{"@context":"https:\/\/schema.org","@graph":[{"@type":"WebPage","@id":"https:\/\/grillette.ch\/de\/produit\/pinot-gris-premier-les-guillembergs\/","url":"https:\/\/grillette.ch\/de\/produit\/pinot-gris-premier-les-guillembergs\/","name":"Pinot Gris Premier \"Les Guillembergs\" 2022 - Grillette Domaine De Cressier","isPartOf":{"@id":"https:\/\/grillette.ch\/#website"},"primaryImageOfPage":{"@id":"https:\/\/grillette.ch\/de\/produit\/pinot-gris-premier-les-guillembergs\/#primaryimage"},"image":{"@id":"https:\/\/grillette.ch\/de\/produit\/pinot-gris-premier-les-guillembergs\/#primaryimage"},"thumbnailUrl":"https:\/\/grillette.ch\/wp-content\/uploads\/2020\/05\/Pinot-Gris-Premier.jpg","datePublished":"2020-05-27T08:35:54+00:00","dateModified":"2025-08-08T08:33:29+00:00","breadcrumb":{"@id":"https:\/\/grillette.ch\/de\/produit\/pinot-gris-premier-les-guillembergs\/#breadcrumb"},"inLanguage":"de","potentialAction":[{"@type":"ReadAction","target":["https:\/\/grillette.ch\/de\/produit\/pinot-gris-premier-les-guillembergs\/"]}]},{"@type":"ImageObject","inLanguage":"de","@id":"https:\/\/grillette.ch\/de\/produit\/pinot-gris-premier-les-guillembergs\/#primaryimage","url":"https:\/\/grillette.ch\/wp-content\/uploads\/2020\/05\/Pinot-Gris-Premier.jpg","contentUrl":"https:\/\/grillette.ch\/wp-content\/uploads\/2020\/05\/Pinot-Gris-Premier.jpg","width":800,"height":1406},{"@type":"BreadcrumbList","@id":"https:\/\/grillette.ch\/de\/produit\/pinot-gris-premier-les-guillembergs\/#breadcrumb","itemListElement":[{"@type":"ListItem","position":1,"name":"Accueil","item":"https:\/\/grillette.ch\/de\/startseite\/"},{"@type":"ListItem","position":2,"name":"Die Boutique","item":"https:\/\/grillette.ch\/de\/die-boutique\/"},{"@type":"ListItem","position":3,"name":"Pinot Gris Premier &#8222;Les Guillembergs&#8220; 2022"}]},{"@type":"WebSite","@id":"https:\/\/grillette.ch\/#website","url":"https:\/\/grillette.ch\/","name":"Grillette Domaine De Cressier","description":"Les horlogers du vin","publisher":{"@id":"https:\/\/grillette.ch\/#organization"},"potentialAction":[{"@type":"SearchAction","target":{"@type":"EntryPoint","urlTemplate":"https:\/\/grillette.ch\/?s={search_term_string}"},"query-input":{"@type":"PropertyValueSpecification","valueRequired":true,"valueName":"search_term_string"}}],"inLanguage":"de"},{"@type":"Organization","@id":"https:\/\/grillette.ch\/#organization","name":"Grillette Domaine De Cressier","url":"https:\/\/grillette.ch\/","logo":{"@type":"ImageObject","inLanguage":"de","@id":"https:\/\/grillette.ch\/#\/schema\/logo\/image\/","url":"https:\/\/grillette.ch\/wp-content\/uploads\/2020\/02\/cropped-Grillette-Horlogers-positif_R-2.jpg","contentUrl":"https:\/\/grillette.ch\/wp-content\/uploads\/2020\/02\/cropped-Grillette-Horlogers-positif_R-2.jpg","width":1325,"height":415,"caption":"Grillette Domaine De Cressier"},"image":{"@id":"https:\/\/grillette.ch\/#\/schema\/logo\/image\/"},"sameAs":["https:\/\/www.instagram.com\/lagrillette"]}]}},"jetpack_sharing_enabled":true,"_links":{"self":[{"href":"https:\/\/grillette.ch\/de\/wp-json\/wp\/v2\/product\/31469"}],"collection":[{"href":"https:\/\/grillette.ch\/de\/wp-json\/wp\/v2\/product"}],"about":[{"href":"https:\/\/grillette.ch\/de\/wp-json\/wp\/v2\/types\/product"}],"wp:featuredmedia":[{"embeddable":true,"href":"https:\/\/grillette.ch\/de\/wp-json\/wp\/v2\/media\/31470"}],"wp:attachment":[{"href":"https:\/\/grillette.ch\/de\/wp-json\/wp\/v2\/media?parent=31469"}],"wp:term":[{"taxonomy":"product_brand","embeddable":true,"href":"https:\/\/grillette.ch\/de\/wp-json\/wp\/v2\/product_brand?post=31469"},{"taxonomy":"product_cat","embeddable":true,"href":"https:\/\/grillette.ch\/de\/wp-json\/wp\/v2\/product_cat?post=31469"},{"taxonomy":"product_tag","embeddable":true,"href":"https:\/\/grillette.ch\/de\/wp-json\/wp\/v2\/product_tag?post=31469"}],"curies":[{"name":"wp","href":"https:\/\/api.w.org\/{rel}","templated":true}]}}