{"id":31475,"date":"2020-05-27T10:35:53","date_gmt":"2020-05-27T08:35:53","guid":{"rendered":"https:\/\/grillette.ch\/produit\/sauvignon-blanc-premier-les-caderosses\/"},"modified":"2025-08-08T10:47:15","modified_gmt":"2025-08-08T08:47:15","slug":"sauvignon-blanc-premier-les-caderosses","status":"publish","type":"product","link":"https:\/\/grillette.ch\/de\/produit\/sauvignon-blanc-premier-les-caderosses\/","title":{"rendered":"Sauvignon Blanc Premier &#8222;Les Caderosses&#8220; 2023"},"content":{"rendered":"","protected":false},"excerpt":{"rendered":"<p>Jahrgang 2023.<\/p>\n<p>Teilweise in Edelstahltanks gereift, zus\u00e4tzlich 6 Monate im Barrique ausgebaut.<\/p>\n<p>Gl\u00e4nzende Farbe, hellgelb mit sch\u00f6nen gr\u00fcnen Reflexen. Aromen von gr\u00fcnem Apfel, Pfirsich, Aprikose und Mineralit\u00e4t. Am Gaumen eine pr\u00e4chtige Lebendigkeit, ein sch\u00f6ner Ausdruck von Aromen und eine angenehme L\u00e4nge \u2013 die Quintessenz eines eleganten Sauvignon Blanc.<\/p>\n<p>Ideal als Aperitif, Sushi, Fisch und Schalentieren sowie Ziegenk\u00e4se.<\/p>\n<p>&nbsp;<\/p>\n<p><em>Enth\u00e4lt Sulfite \u2013 AOC Neuch\u00e2tel \u2013 75cl &#8211; 13% vol.<\/em><\/p>\n","protected":false},"featured_media":33811,"template":"","meta":[],"product_brand":[],"product_cat":[96,100,95],"product_tag":[],"class_list":{"0":"post-31475","1":"product","2":"type-product","3":"status-publish","4":"has-post-thumbnail","6":"product_cat-premier","7":"product_cat-verkaufsschlager","8":"product_cat-weissweine","10":"first","11":"instock","12":"taxable","13":"shipping-taxable","14":"purchasable","15":"product-type-simple"},"yoast_head":"<!-- This site is optimized with the Yoast SEO plugin v24.3 - https:\/\/yoast.com\/wordpress\/plugins\/seo\/ -->\n<title>Sauvignon Blanc Premier &quot;Les Caderosses&quot; 2023 - Grillette Domaine De Cressier<\/title>\n<meta name=\"robots\" content=\"index, follow, max-snippet:-1, max-image-preview:large, max-video-preview:-1\" \/>\n<link rel=\"canonical\" href=\"https:\/\/grillette.ch\/de\/produit\/sauvignon-blanc-premier-les-caderosses\/\" \/>\n<meta property=\"og:locale\" content=\"de_DE\" \/>\n<meta property=\"og:type\" content=\"article\" \/>\n<meta property=\"og:title\" content=\"Sauvignon Blanc Premier &quot;Les Caderosses&quot; 2023 - Grillette Domaine De Cressier\" \/>\n<meta property=\"og:description\" content=\"Jahrgang 2023.  Teilweise in Edelstahltanks gereift, zus\u00e4tzlich 6 Monate im Barrique ausgebaut.  Gl\u00e4nzende Farbe, hellgelb mit sch\u00f6nen gr\u00fcnen Reflexen. Aromen von gr\u00fcnem Apfel, Pfirsich, Aprikose und Mineralit\u00e4t. Am Gaumen eine pr\u00e4chtige Lebendigkeit, ein sch\u00f6ner Ausdruck von Aromen und eine angenehme L\u00e4nge \u2013 die Quintessenz eines eleganten Sauvignon Blanc.  Ideal als Aperitif, Sushi, Fisch und Schalentieren sowie Ziegenk\u00e4se.  &nbsp;  Enth\u00e4lt Sulfite \u2013 AOC Neuch\u00e2tel \u2013 75cl - 13% vol.\" \/>\n<meta property=\"og:url\" content=\"https:\/\/grillette.ch\/de\/produit\/sauvignon-blanc-premier-les-caderosses\/\" \/>\n<meta property=\"og:site_name\" content=\"Grillette Domaine De Cressier\" \/>\n<meta property=\"article:modified_time\" content=\"2025-08-08T08:47:15+00:00\" \/>\n<meta property=\"og:image\" content=\"https:\/\/grillette.ch\/wp-content\/uploads\/2024\/05\/Sauvignon-Blanc-1.png\" \/>\n\t<meta property=\"og:image:width\" content=\"800\" \/>\n\t<meta property=\"og:image:height\" content=\"1406\" \/>\n\t<meta property=\"og:image:type\" content=\"image\/png\" \/>\n<meta name=\"twitter:card\" content=\"summary_large_image\" \/>\n<meta name=\"twitter:label1\" content=\"Gesch\u00e4tzte Lesezeit\" \/>\n\t<meta name=\"twitter:data1\" content=\"1\u00a0Minute\" \/>\n<script type=\"application\/ld+json\" class=\"yoast-schema-graph\">{\"@context\":\"https:\/\/schema.org\",\"@graph\":[{\"@type\":\"WebPage\",\"@id\":\"https:\/\/grillette.ch\/de\/produit\/sauvignon-blanc-premier-les-caderosses\/\",\"url\":\"https:\/\/grillette.ch\/de\/produit\/sauvignon-blanc-premier-les-caderosses\/\",\"name\":\"Sauvignon Blanc Premier \\\"Les Caderosses\\\" 2023 - Grillette Domaine De Cressier\",\"isPartOf\":{\"@id\":\"https:\/\/grillette.ch\/#website\"},\"primaryImageOfPage\":{\"@id\":\"https:\/\/grillette.ch\/de\/produit\/sauvignon-blanc-premier-les-caderosses\/#primaryimage\"},\"image\":{\"@id\":\"https:\/\/grillette.ch\/de\/produit\/sauvignon-blanc-premier-les-caderosses\/#primaryimage\"},\"thumbnailUrl\":\"https:\/\/grillette.ch\/wp-content\/uploads\/2024\/05\/Sauvignon-Blanc-1.png\",\"datePublished\":\"2020-05-27T08:35:53+00:00\",\"dateModified\":\"2025-08-08T08:47:15+00:00\",\"breadcrumb\":{\"@id\":\"https:\/\/grillette.ch\/de\/produit\/sauvignon-blanc-premier-les-caderosses\/#breadcrumb\"},\"inLanguage\":\"de\",\"potentialAction\":[{\"@type\":\"ReadAction\",\"target\":[\"https:\/\/grillette.ch\/de\/produit\/sauvignon-blanc-premier-les-caderosses\/\"]}]},{\"@type\":\"ImageObject\",\"inLanguage\":\"de\",\"@id\":\"https:\/\/grillette.ch\/de\/produit\/sauvignon-blanc-premier-les-caderosses\/#primaryimage\",\"url\":\"https:\/\/grillette.ch\/wp-content\/uploads\/2024\/05\/Sauvignon-Blanc-1.png\",\"contentUrl\":\"https:\/\/grillette.ch\/wp-content\/uploads\/2024\/05\/Sauvignon-Blanc-1.png\",\"width\":800,\"height\":1406},{\"@type\":\"BreadcrumbList\",\"@id\":\"https:\/\/grillette.ch\/de\/produit\/sauvignon-blanc-premier-les-caderosses\/#breadcrumb\",\"itemListElement\":[{\"@type\":\"ListItem\",\"position\":1,\"name\":\"Accueil\",\"item\":\"https:\/\/grillette.ch\/de\/startseite\/\"},{\"@type\":\"ListItem\",\"position\":2,\"name\":\"Die Boutique\",\"item\":\"https:\/\/grillette.ch\/de\/die-boutique\/\"},{\"@type\":\"ListItem\",\"position\":3,\"name\":\"Sauvignon Blanc Premier &#8222;Les Caderosses&#8220; 2023\"}]},{\"@type\":\"WebSite\",\"@id\":\"https:\/\/grillette.ch\/#website\",\"url\":\"https:\/\/grillette.ch\/\",\"name\":\"Grillette Domaine De Cressier\",\"description\":\"Les horlogers du vin\",\"publisher\":{\"@id\":\"https:\/\/grillette.ch\/#organization\"},\"potentialAction\":[{\"@type\":\"SearchAction\",\"target\":{\"@type\":\"EntryPoint\",\"urlTemplate\":\"https:\/\/grillette.ch\/?s={search_term_string}\"},\"query-input\":{\"@type\":\"PropertyValueSpecification\",\"valueRequired\":true,\"valueName\":\"search_term_string\"}}],\"inLanguage\":\"de\"},{\"@type\":\"Organization\",\"@id\":\"https:\/\/grillette.ch\/#organization\",\"name\":\"Grillette Domaine De Cressier\",\"url\":\"https:\/\/grillette.ch\/\",\"logo\":{\"@type\":\"ImageObject\",\"inLanguage\":\"de\",\"@id\":\"https:\/\/grillette.ch\/#\/schema\/logo\/image\/\",\"url\":\"https:\/\/grillette.ch\/wp-content\/uploads\/2020\/02\/cropped-Grillette-Horlogers-positif_R-2.jpg\",\"contentUrl\":\"https:\/\/grillette.ch\/wp-content\/uploads\/2020\/02\/cropped-Grillette-Horlogers-positif_R-2.jpg\",\"width\":1325,\"height\":415,\"caption\":\"Grillette Domaine De Cressier\"},\"image\":{\"@id\":\"https:\/\/grillette.ch\/#\/schema\/logo\/image\/\"},\"sameAs\":[\"https:\/\/www.instagram.com\/lagrillette\"]}]}<\/script>\n<!-- \/ Yoast SEO plugin. -->","yoast_head_json":{"title":"Sauvignon Blanc Premier \"Les Caderosses\" 2023 - Grillette Domaine De Cressier","robots":{"index":"index","follow":"follow","max-snippet":"max-snippet:-1","max-image-preview":"max-image-preview:large","max-video-preview":"max-video-preview:-1"},"canonical":"https:\/\/grillette.ch\/de\/produit\/sauvignon-blanc-premier-les-caderosses\/","og_locale":"de_DE","og_type":"article","og_title":"Sauvignon Blanc Premier \"Les Caderosses\" 2023 - Grillette Domaine De Cressier","og_description":"Jahrgang 2023.  Teilweise in Edelstahltanks gereift, zus\u00e4tzlich 6 Monate im Barrique ausgebaut.  Gl\u00e4nzende Farbe, hellgelb mit sch\u00f6nen gr\u00fcnen Reflexen. Aromen von gr\u00fcnem Apfel, Pfirsich, Aprikose und Mineralit\u00e4t. Am Gaumen eine pr\u00e4chtige Lebendigkeit, ein sch\u00f6ner Ausdruck von Aromen und eine angenehme L\u00e4nge \u2013 die Quintessenz eines eleganten Sauvignon Blanc.  Ideal als Aperitif, Sushi, Fisch und Schalentieren sowie Ziegenk\u00e4se.  &nbsp;  Enth\u00e4lt Sulfite \u2013 AOC Neuch\u00e2tel \u2013 75cl - 13% vol.","og_url":"https:\/\/grillette.ch\/de\/produit\/sauvignon-blanc-premier-les-caderosses\/","og_site_name":"Grillette Domaine De Cressier","article_modified_time":"2025-08-08T08:47:15+00:00","og_image":[{"width":800,"height":1406,"url":"https:\/\/grillette.ch\/wp-content\/uploads\/2024\/05\/Sauvignon-Blanc-1.png","type":"image\/png"}],"twitter_card":"summary_large_image","twitter_misc":{"Gesch\u00e4tzte Lesezeit":"1\u00a0Minute"},"schema":{"@context":"https:\/\/schema.org","@graph":[{"@type":"WebPage","@id":"https:\/\/grillette.ch\/de\/produit\/sauvignon-blanc-premier-les-caderosses\/","url":"https:\/\/grillette.ch\/de\/produit\/sauvignon-blanc-premier-les-caderosses\/","name":"Sauvignon Blanc Premier \"Les Caderosses\" 2023 - Grillette Domaine De Cressier","isPartOf":{"@id":"https:\/\/grillette.ch\/#website"},"primaryImageOfPage":{"@id":"https:\/\/grillette.ch\/de\/produit\/sauvignon-blanc-premier-les-caderosses\/#primaryimage"},"image":{"@id":"https:\/\/grillette.ch\/de\/produit\/sauvignon-blanc-premier-les-caderosses\/#primaryimage"},"thumbnailUrl":"https:\/\/grillette.ch\/wp-content\/uploads\/2024\/05\/Sauvignon-Blanc-1.png","datePublished":"2020-05-27T08:35:53+00:00","dateModified":"2025-08-08T08:47:15+00:00","breadcrumb":{"@id":"https:\/\/grillette.ch\/de\/produit\/sauvignon-blanc-premier-les-caderosses\/#breadcrumb"},"inLanguage":"de","potentialAction":[{"@type":"ReadAction","target":["https:\/\/grillette.ch\/de\/produit\/sauvignon-blanc-premier-les-caderosses\/"]}]},{"@type":"ImageObject","inLanguage":"de","@id":"https:\/\/grillette.ch\/de\/produit\/sauvignon-blanc-premier-les-caderosses\/#primaryimage","url":"https:\/\/grillette.ch\/wp-content\/uploads\/2024\/05\/Sauvignon-Blanc-1.png","contentUrl":"https:\/\/grillette.ch\/wp-content\/uploads\/2024\/05\/Sauvignon-Blanc-1.png","width":800,"height":1406},{"@type":"BreadcrumbList","@id":"https:\/\/grillette.ch\/de\/produit\/sauvignon-blanc-premier-les-caderosses\/#breadcrumb","itemListElement":[{"@type":"ListItem","position":1,"name":"Accueil","item":"https:\/\/grillette.ch\/de\/startseite\/"},{"@type":"ListItem","position":2,"name":"Die Boutique","item":"https:\/\/grillette.ch\/de\/die-boutique\/"},{"@type":"ListItem","position":3,"name":"Sauvignon Blanc Premier &#8222;Les Caderosses&#8220; 2023"}]},{"@type":"WebSite","@id":"https:\/\/grillette.ch\/#website","url":"https:\/\/grillette.ch\/","name":"Grillette Domaine De Cressier","description":"Les horlogers du vin","publisher":{"@id":"https:\/\/grillette.ch\/#organization"},"potentialAction":[{"@type":"SearchAction","target":{"@type":"EntryPoint","urlTemplate":"https:\/\/grillette.ch\/?s={search_term_string}"},"query-input":{"@type":"PropertyValueSpecification","valueRequired":true,"valueName":"search_term_string"}}],"inLanguage":"de"},{"@type":"Organization","@id":"https:\/\/grillette.ch\/#organization","name":"Grillette Domaine De Cressier","url":"https:\/\/grillette.ch\/","logo":{"@type":"ImageObject","inLanguage":"de","@id":"https:\/\/grillette.ch\/#\/schema\/logo\/image\/","url":"https:\/\/grillette.ch\/wp-content\/uploads\/2020\/02\/cropped-Grillette-Horlogers-positif_R-2.jpg","contentUrl":"https:\/\/grillette.ch\/wp-content\/uploads\/2020\/02\/cropped-Grillette-Horlogers-positif_R-2.jpg","width":1325,"height":415,"caption":"Grillette Domaine De Cressier"},"image":{"@id":"https:\/\/grillette.ch\/#\/schema\/logo\/image\/"},"sameAs":["https:\/\/www.instagram.com\/lagrillette"]}]}},"jetpack_sharing_enabled":true,"_links":{"self":[{"href":"https:\/\/grillette.ch\/de\/wp-json\/wp\/v2\/product\/31475"}],"collection":[{"href":"https:\/\/grillette.ch\/de\/wp-json\/wp\/v2\/product"}],"about":[{"href":"https:\/\/grillette.ch\/de\/wp-json\/wp\/v2\/types\/product"}],"wp:featuredmedia":[{"embeddable":true,"href":"https:\/\/grillette.ch\/de\/wp-json\/wp\/v2\/media\/33811"}],"wp:attachment":[{"href":"https:\/\/grillette.ch\/de\/wp-json\/wp\/v2\/media?parent=31475"}],"wp:term":[{"taxonomy":"product_brand","embeddable":true,"href":"https:\/\/grillette.ch\/de\/wp-json\/wp\/v2\/product_brand?post=31475"},{"taxonomy":"product_cat","embeddable":true,"href":"https:\/\/grillette.ch\/de\/wp-json\/wp\/v2\/product_cat?post=31475"},{"taxonomy":"product_tag","embeddable":true,"href":"https:\/\/grillette.ch\/de\/wp-json\/wp\/v2\/product_tag?post=31475"}],"curies":[{"name":"wp","href":"https:\/\/api.w.org\/{rel}","templated":true}]}}