{"id":31485,"date":"2020-05-27T10:35:52","date_gmt":"2020-05-27T08:35:52","guid":{"rendered":"https:\/\/grillette.ch\/produit\/pinot-noir-reserve-graf-zeppelin-magnum\/"},"modified":"2026-02-17T10:57:54","modified_gmt":"2026-02-17T09:57:54","slug":"pinot-noir-reserve-graf-zeppelin-magnum","status":"publish","type":"product","link":"https:\/\/grillette.ch\/de\/produit\/pinot-noir-reserve-graf-zeppelin-magnum\/","title":{"rendered":"Pinot Noir R\u00e9serve &#8222;Graf Zeppelin&#8220; Magnum 2023"},"content":{"rendered":"","protected":false},"excerpt":{"rendered":"<p>Jahrgang 2023.<\/p>\n<p>100% Pinot Noir, 18 Monate im neuen Barrique.<\/p>\n<p>\u00abGraf Ferdinand von Zeppelin mochte den Pinot Noir der Grillette so, dass er ihn an Bord seiner ber\u00fchmten Luftschiffe anbot. Als das Weingut 1999 den hochwertigsten seiner Pinot Noirs auf den Markt brachte, stiess sein Name schnell auf Begeisterung. Mittlerweile ist diese Ikone des Schweizer Weinbaus fast bekannter als das Weingut selbst.\u00bb<\/p>\n<p>Tiefe und leuchtende, rubinrote Farbe. Elegante Balance zwischen Beerend\u00fcften und holzigem, w\u00fcrzigem Charakter mit typischen Vanillenoten. Am Gaumen sehr komplex und vollmundig mit feinen und gut unterst\u00fctzten Tanninen.<\/p>\n<p>Passt wunderbar zu rotem Fleisch, Wild und kr\u00e4ftigen K\u00e4se aller Art.<\/p>\n<p>Grosses Potenzial zur Alterung von 10 und mehr Jahren.<\/p>\n<p>Empfohlene Serviertemperatur: 14 \u201316 \u00b0C<\/p>\n<p>&nbsp;<\/p>\n<p><em>Enth\u00e4lt Sulfite \u2013 AOC Neuch\u00e2tel \u2013 150cl &#8211; 14.5% vol.<\/em><\/p>\n","protected":false},"featured_media":31486,"template":"","meta":[],"product_brand":[],"product_cat":[101,91],"product_tag":[],"class_list":{"0":"post-31485","1":"product","2":"type-product","3":"status-publish","4":"has-post-thumbnail","6":"product_cat-reserve","7":"product_cat-rotweine","9":"first","10":"instock","11":"taxable","12":"shipping-taxable","13":"purchasable","14":"product-type-simple"},"yoast_head":"<!-- This site is optimized with the Yoast SEO plugin v24.3 - https:\/\/yoast.com\/wordpress\/plugins\/seo\/ -->\n<title>Pinot Noir R\u00e9serve &quot;Graf Zeppelin&quot; Magnum 2023 - Grillette Domaine De Cressier<\/title>\n<meta name=\"robots\" content=\"index, follow, max-snippet:-1, max-image-preview:large, max-video-preview:-1\" \/>\n<link rel=\"canonical\" href=\"https:\/\/grillette.ch\/de\/produit\/pinot-noir-reserve-graf-zeppelin-magnum\/\" \/>\n<meta property=\"og:locale\" content=\"de_DE\" \/>\n<meta property=\"og:type\" content=\"article\" \/>\n<meta property=\"og:title\" content=\"Pinot Noir R\u00e9serve &quot;Graf Zeppelin&quot; Magnum 2023 - Grillette Domaine De Cressier\" \/>\n<meta property=\"og:description\" content=\"Jahrgang 2023.  100% Pinot Noir, 18 Monate im neuen Barrique.  \u00abGraf Ferdinand von Zeppelin mochte den Pinot Noir der Grillette so, dass er ihn an Bord seiner ber\u00fchmten Luftschiffe anbot. Als das Weingut 1999 den hochwertigsten seiner Pinot Noirs auf den Markt brachte, stiess sein Name schnell auf Begeisterung. Mittlerweile ist diese Ikone des Schweizer Weinbaus fast bekannter als das Weingut selbst.\u00bb  Tiefe und leuchtende, rubinrote Farbe. Elegante Balance zwischen Beerend\u00fcften und holzigem, w\u00fcrzigem Charakter mit typischen Vanillenoten. Am Gaumen sehr komplex und vollmundig mit feinen und gut unterst\u00fctzten Tanninen.  Passt wunderbar zu rotem Fleisch, Wild und kr\u00e4ftigen K\u00e4se aller Art.  Grosses Potenzial zur Alterung von 10 und mehr Jahren.  Empfohlene Serviertemperatur: 14 \u201316 \u00b0C  &nbsp;  Enth\u00e4lt Sulfite \u2013 AOC Neuch\u00e2tel \u2013 150cl - 14.5% vol.\" \/>\n<meta property=\"og:url\" content=\"https:\/\/grillette.ch\/de\/produit\/pinot-noir-reserve-graf-zeppelin-magnum\/\" \/>\n<meta property=\"og:site_name\" content=\"Grillette Domaine De Cressier\" \/>\n<meta property=\"article:modified_time\" content=\"2026-02-17T09:57:54+00:00\" \/>\n<meta property=\"og:image\" content=\"https:\/\/grillette.ch\/wp-content\/uploads\/2020\/05\/GZ-R\u00e9serve-Magnum.jpg\" \/>\n\t<meta property=\"og:image:width\" content=\"800\" \/>\n\t<meta property=\"og:image:height\" content=\"1406\" \/>\n\t<meta property=\"og:image:type\" content=\"image\/jpeg\" \/>\n<meta name=\"twitter:card\" content=\"summary_large_image\" \/>\n<meta name=\"twitter:label1\" content=\"Gesch\u00e4tzte Lesezeit\" \/>\n\t<meta name=\"twitter:data1\" content=\"1\u00a0Minute\" \/>\n<script type=\"application\/ld+json\" class=\"yoast-schema-graph\">{\"@context\":\"https:\/\/schema.org\",\"@graph\":[{\"@type\":\"WebPage\",\"@id\":\"https:\/\/grillette.ch\/de\/produit\/pinot-noir-reserve-graf-zeppelin-magnum\/\",\"url\":\"https:\/\/grillette.ch\/de\/produit\/pinot-noir-reserve-graf-zeppelin-magnum\/\",\"name\":\"Pinot Noir R\u00e9serve \\\"Graf Zeppelin\\\" Magnum 2023 - Grillette Domaine De Cressier\",\"isPartOf\":{\"@id\":\"https:\/\/grillette.ch\/#website\"},\"primaryImageOfPage\":{\"@id\":\"https:\/\/grillette.ch\/de\/produit\/pinot-noir-reserve-graf-zeppelin-magnum\/#primaryimage\"},\"image\":{\"@id\":\"https:\/\/grillette.ch\/de\/produit\/pinot-noir-reserve-graf-zeppelin-magnum\/#primaryimage\"},\"thumbnailUrl\":\"https:\/\/grillette.ch\/wp-content\/uploads\/2020\/05\/GZ-R\u00e9serve-Magnum.jpg\",\"datePublished\":\"2020-05-27T08:35:52+00:00\",\"dateModified\":\"2026-02-17T09:57:54+00:00\",\"breadcrumb\":{\"@id\":\"https:\/\/grillette.ch\/de\/produit\/pinot-noir-reserve-graf-zeppelin-magnum\/#breadcrumb\"},\"inLanguage\":\"de\",\"potentialAction\":[{\"@type\":\"ReadAction\",\"target\":[\"https:\/\/grillette.ch\/de\/produit\/pinot-noir-reserve-graf-zeppelin-magnum\/\"]}]},{\"@type\":\"ImageObject\",\"inLanguage\":\"de\",\"@id\":\"https:\/\/grillette.ch\/de\/produit\/pinot-noir-reserve-graf-zeppelin-magnum\/#primaryimage\",\"url\":\"https:\/\/grillette.ch\/wp-content\/uploads\/2020\/05\/GZ-R\u00e9serve-Magnum.jpg\",\"contentUrl\":\"https:\/\/grillette.ch\/wp-content\/uploads\/2020\/05\/GZ-R\u00e9serve-Magnum.jpg\",\"width\":800,\"height\":1406},{\"@type\":\"BreadcrumbList\",\"@id\":\"https:\/\/grillette.ch\/de\/produit\/pinot-noir-reserve-graf-zeppelin-magnum\/#breadcrumb\",\"itemListElement\":[{\"@type\":\"ListItem\",\"position\":1,\"name\":\"Accueil\",\"item\":\"https:\/\/grillette.ch\/de\/startseite\/\"},{\"@type\":\"ListItem\",\"position\":2,\"name\":\"Die Boutique\",\"item\":\"https:\/\/grillette.ch\/de\/die-boutique\/\"},{\"@type\":\"ListItem\",\"position\":3,\"name\":\"Pinot Noir R\u00e9serve &#8222;Graf Zeppelin&#8220; Magnum 2023\"}]},{\"@type\":\"WebSite\",\"@id\":\"https:\/\/grillette.ch\/#website\",\"url\":\"https:\/\/grillette.ch\/\",\"name\":\"Grillette Domaine De Cressier\",\"description\":\"Les horlogers du vin\",\"publisher\":{\"@id\":\"https:\/\/grillette.ch\/#organization\"},\"potentialAction\":[{\"@type\":\"SearchAction\",\"target\":{\"@type\":\"EntryPoint\",\"urlTemplate\":\"https:\/\/grillette.ch\/?s={search_term_string}\"},\"query-input\":{\"@type\":\"PropertyValueSpecification\",\"valueRequired\":true,\"valueName\":\"search_term_string\"}}],\"inLanguage\":\"de\"},{\"@type\":\"Organization\",\"@id\":\"https:\/\/grillette.ch\/#organization\",\"name\":\"Grillette Domaine De Cressier\",\"url\":\"https:\/\/grillette.ch\/\",\"logo\":{\"@type\":\"ImageObject\",\"inLanguage\":\"de\",\"@id\":\"https:\/\/grillette.ch\/#\/schema\/logo\/image\/\",\"url\":\"https:\/\/grillette.ch\/wp-content\/uploads\/2020\/02\/cropped-Grillette-Horlogers-positif_R-2.jpg\",\"contentUrl\":\"https:\/\/grillette.ch\/wp-content\/uploads\/2020\/02\/cropped-Grillette-Horlogers-positif_R-2.jpg\",\"width\":1325,\"height\":415,\"caption\":\"Grillette Domaine De Cressier\"},\"image\":{\"@id\":\"https:\/\/grillette.ch\/#\/schema\/logo\/image\/\"},\"sameAs\":[\"https:\/\/www.instagram.com\/lagrillette\"]}]}<\/script>\n<!-- \/ Yoast SEO plugin. -->","yoast_head_json":{"title":"Pinot Noir R\u00e9serve \"Graf Zeppelin\" Magnum 2023 - Grillette Domaine De Cressier","robots":{"index":"index","follow":"follow","max-snippet":"max-snippet:-1","max-image-preview":"max-image-preview:large","max-video-preview":"max-video-preview:-1"},"canonical":"https:\/\/grillette.ch\/de\/produit\/pinot-noir-reserve-graf-zeppelin-magnum\/","og_locale":"de_DE","og_type":"article","og_title":"Pinot Noir R\u00e9serve \"Graf Zeppelin\" Magnum 2023 - Grillette Domaine De Cressier","og_description":"Jahrgang 2023.  100% Pinot Noir, 18 Monate im neuen Barrique.  \u00abGraf Ferdinand von Zeppelin mochte den Pinot Noir der Grillette so, dass er ihn an Bord seiner ber\u00fchmten Luftschiffe anbot. Als das Weingut 1999 den hochwertigsten seiner Pinot Noirs auf den Markt brachte, stiess sein Name schnell auf Begeisterung. Mittlerweile ist diese Ikone des Schweizer Weinbaus fast bekannter als das Weingut selbst.\u00bb  Tiefe und leuchtende, rubinrote Farbe. Elegante Balance zwischen Beerend\u00fcften und holzigem, w\u00fcrzigem Charakter mit typischen Vanillenoten. Am Gaumen sehr komplex und vollmundig mit feinen und gut unterst\u00fctzten Tanninen.  Passt wunderbar zu rotem Fleisch, Wild und kr\u00e4ftigen K\u00e4se aller Art.  Grosses Potenzial zur Alterung von 10 und mehr Jahren.  Empfohlene Serviertemperatur: 14 \u201316 \u00b0C  &nbsp;  Enth\u00e4lt Sulfite \u2013 AOC Neuch\u00e2tel \u2013 150cl - 14.5% vol.","og_url":"https:\/\/grillette.ch\/de\/produit\/pinot-noir-reserve-graf-zeppelin-magnum\/","og_site_name":"Grillette Domaine De Cressier","article_modified_time":"2026-02-17T09:57:54+00:00","og_image":[{"width":800,"height":1406,"url":"https:\/\/grillette.ch\/wp-content\/uploads\/2020\/05\/GZ-R\u00e9serve-Magnum.jpg","type":"image\/jpeg"}],"twitter_card":"summary_large_image","twitter_misc":{"Gesch\u00e4tzte Lesezeit":"1\u00a0Minute"},"schema":{"@context":"https:\/\/schema.org","@graph":[{"@type":"WebPage","@id":"https:\/\/grillette.ch\/de\/produit\/pinot-noir-reserve-graf-zeppelin-magnum\/","url":"https:\/\/grillette.ch\/de\/produit\/pinot-noir-reserve-graf-zeppelin-magnum\/","name":"Pinot Noir R\u00e9serve \"Graf Zeppelin\" Magnum 2023 - Grillette Domaine De Cressier","isPartOf":{"@id":"https:\/\/grillette.ch\/#website"},"primaryImageOfPage":{"@id":"https:\/\/grillette.ch\/de\/produit\/pinot-noir-reserve-graf-zeppelin-magnum\/#primaryimage"},"image":{"@id":"https:\/\/grillette.ch\/de\/produit\/pinot-noir-reserve-graf-zeppelin-magnum\/#primaryimage"},"thumbnailUrl":"https:\/\/grillette.ch\/wp-content\/uploads\/2020\/05\/GZ-R\u00e9serve-Magnum.jpg","datePublished":"2020-05-27T08:35:52+00:00","dateModified":"2026-02-17T09:57:54+00:00","breadcrumb":{"@id":"https:\/\/grillette.ch\/de\/produit\/pinot-noir-reserve-graf-zeppelin-magnum\/#breadcrumb"},"inLanguage":"de","potentialAction":[{"@type":"ReadAction","target":["https:\/\/grillette.ch\/de\/produit\/pinot-noir-reserve-graf-zeppelin-magnum\/"]}]},{"@type":"ImageObject","inLanguage":"de","@id":"https:\/\/grillette.ch\/de\/produit\/pinot-noir-reserve-graf-zeppelin-magnum\/#primaryimage","url":"https:\/\/grillette.ch\/wp-content\/uploads\/2020\/05\/GZ-R\u00e9serve-Magnum.jpg","contentUrl":"https:\/\/grillette.ch\/wp-content\/uploads\/2020\/05\/GZ-R\u00e9serve-Magnum.jpg","width":800,"height":1406},{"@type":"BreadcrumbList","@id":"https:\/\/grillette.ch\/de\/produit\/pinot-noir-reserve-graf-zeppelin-magnum\/#breadcrumb","itemListElement":[{"@type":"ListItem","position":1,"name":"Accueil","item":"https:\/\/grillette.ch\/de\/startseite\/"},{"@type":"ListItem","position":2,"name":"Die Boutique","item":"https:\/\/grillette.ch\/de\/die-boutique\/"},{"@type":"ListItem","position":3,"name":"Pinot Noir R\u00e9serve &#8222;Graf Zeppelin&#8220; Magnum 2023"}]},{"@type":"WebSite","@id":"https:\/\/grillette.ch\/#website","url":"https:\/\/grillette.ch\/","name":"Grillette Domaine De Cressier","description":"Les horlogers du vin","publisher":{"@id":"https:\/\/grillette.ch\/#organization"},"potentialAction":[{"@type":"SearchAction","target":{"@type":"EntryPoint","urlTemplate":"https:\/\/grillette.ch\/?s={search_term_string}"},"query-input":{"@type":"PropertyValueSpecification","valueRequired":true,"valueName":"search_term_string"}}],"inLanguage":"de"},{"@type":"Organization","@id":"https:\/\/grillette.ch\/#organization","name":"Grillette Domaine De Cressier","url":"https:\/\/grillette.ch\/","logo":{"@type":"ImageObject","inLanguage":"de","@id":"https:\/\/grillette.ch\/#\/schema\/logo\/image\/","url":"https:\/\/grillette.ch\/wp-content\/uploads\/2020\/02\/cropped-Grillette-Horlogers-positif_R-2.jpg","contentUrl":"https:\/\/grillette.ch\/wp-content\/uploads\/2020\/02\/cropped-Grillette-Horlogers-positif_R-2.jpg","width":1325,"height":415,"caption":"Grillette Domaine De Cressier"},"image":{"@id":"https:\/\/grillette.ch\/#\/schema\/logo\/image\/"},"sameAs":["https:\/\/www.instagram.com\/lagrillette"]}]}},"jetpack_sharing_enabled":true,"_links":{"self":[{"href":"https:\/\/grillette.ch\/de\/wp-json\/wp\/v2\/product\/31485"}],"collection":[{"href":"https:\/\/grillette.ch\/de\/wp-json\/wp\/v2\/product"}],"about":[{"href":"https:\/\/grillette.ch\/de\/wp-json\/wp\/v2\/types\/product"}],"wp:featuredmedia":[{"embeddable":true,"href":"https:\/\/grillette.ch\/de\/wp-json\/wp\/v2\/media\/31486"}],"wp:attachment":[{"href":"https:\/\/grillette.ch\/de\/wp-json\/wp\/v2\/media?parent=31485"}],"wp:term":[{"taxonomy":"product_brand","embeddable":true,"href":"https:\/\/grillette.ch\/de\/wp-json\/wp\/v2\/product_brand?post=31485"},{"taxonomy":"product_cat","embeddable":true,"href":"https:\/\/grillette.ch\/de\/wp-json\/wp\/v2\/product_cat?post=31485"},{"taxonomy":"product_tag","embeddable":true,"href":"https:\/\/grillette.ch\/de\/wp-json\/wp\/v2\/product_tag?post=31485"}],"curies":[{"name":"wp","href":"https:\/\/api.w.org\/{rel}","templated":true}]}}