{"id":31489,"date":"2020-05-27T10:35:52","date_gmt":"2020-05-27T08:35:52","guid":{"rendered":"https:\/\/grillette.ch\/produit\/chardonnay-rserve-cuve-les-chipres-en-vents\/"},"modified":"2025-08-08T10:55:14","modified_gmt":"2025-08-08T08:55:14","slug":"chardonnay-rserve-cuve-les-chipres-en-vents","status":"publish","type":"product","link":"https:\/\/grillette.ch\/de\/produit\/chardonnay-rserve-cuve-les-chipres-en-vents\/","title":{"rendered":"Chardonnay R\u00e9serve &#8222;Les Chipres en Vents&#8220; 2023"},"content":{"rendered":"","protected":false},"excerpt":{"rendered":"<p>Jahrgang 2023.<\/p>\n<p>100% Chardonnay, 8 Monate im Barrique.<\/p>\n<p>Vanillegelbe Farbe. Entwickelt Vanille- und Butteraromen durch den Barriqueausbau. Pr\u00e4sentiert im Mund eine angenehme S\u00e4ure mit sch\u00f6ner Fruchtigkeit. Ist ideal als Begleitung zu einem Aperitif mit verschiedenen H\u00e4ppchen oder Fisch. Grosses Potenzial zur Alterung von 5 bis 8 Jahren.<\/p>\n<p>&nbsp;<\/p>\n<p><em>Enth\u00e4lt Sulfite \u2013 AOC Neuch\u00e2tel \u2013 75cl &#8211; 13% vol.<\/em><\/p>\n","protected":false},"featured_media":31490,"template":"","meta":[],"product_brand":[],"product_cat":[92,101,95],"product_tag":[],"class_list":{"0":"post-31489","1":"product","2":"type-product","3":"status-publish","4":"has-post-thumbnail","6":"product_cat-die-herausragenden-weine","7":"product_cat-reserve","8":"product_cat-weissweine","10":"first","11":"instock","12":"taxable","13":"shipping-taxable","14":"purchasable","15":"product-type-simple"},"yoast_head":"<!-- This site is optimized with the Yoast SEO plugin v24.3 - https:\/\/yoast.com\/wordpress\/plugins\/seo\/ -->\n<title>Chardonnay R\u00e9serve &quot;Les Chipres en Vents&quot; 2023 - Grillette Domaine De Cressier<\/title>\n<meta name=\"robots\" content=\"index, follow, max-snippet:-1, max-image-preview:large, max-video-preview:-1\" \/>\n<link rel=\"canonical\" href=\"https:\/\/grillette.ch\/de\/produit\/chardonnay-rserve-cuve-les-chipres-en-vents\/\" \/>\n<meta property=\"og:locale\" content=\"de_DE\" \/>\n<meta property=\"og:type\" content=\"article\" \/>\n<meta property=\"og:title\" content=\"Chardonnay R\u00e9serve &quot;Les Chipres en Vents&quot; 2023 - Grillette Domaine De Cressier\" \/>\n<meta property=\"og:description\" content=\"Jahrgang 2023.  100% Chardonnay, 8 Monate im Barrique.  Vanillegelbe Farbe. Entwickelt Vanille- und Butteraromen durch den Barriqueausbau. Pr\u00e4sentiert im Mund eine angenehme S\u00e4ure mit sch\u00f6ner Fruchtigkeit. Ist ideal als Begleitung zu einem Aperitif mit verschiedenen H\u00e4ppchen oder Fisch. Grosses Potenzial zur Alterung von 5 bis 8 Jahren.  &nbsp;  Enth\u00e4lt Sulfite \u2013 AOC Neuch\u00e2tel \u2013 75cl - 13% vol.\" \/>\n<meta property=\"og:url\" content=\"https:\/\/grillette.ch\/de\/produit\/chardonnay-rserve-cuve-les-chipres-en-vents\/\" \/>\n<meta property=\"og:site_name\" content=\"Grillette Domaine De Cressier\" \/>\n<meta property=\"article:modified_time\" content=\"2025-08-08T08:55:14+00:00\" \/>\n<meta property=\"og:image\" content=\"https:\/\/grillette.ch\/wp-content\/uploads\/2020\/05\/Chardonnay-R\u00e9serve.jpg\" \/>\n\t<meta property=\"og:image:width\" content=\"800\" \/>\n\t<meta property=\"og:image:height\" content=\"1406\" \/>\n\t<meta property=\"og:image:type\" content=\"image\/jpeg\" \/>\n<meta name=\"twitter:card\" content=\"summary_large_image\" \/>\n<meta name=\"twitter:label1\" content=\"Gesch\u00e4tzte Lesezeit\" \/>\n\t<meta name=\"twitter:data1\" content=\"1\u00a0Minute\" \/>\n<script type=\"application\/ld+json\" class=\"yoast-schema-graph\">{\"@context\":\"https:\/\/schema.org\",\"@graph\":[{\"@type\":\"WebPage\",\"@id\":\"https:\/\/grillette.ch\/de\/produit\/chardonnay-rserve-cuve-les-chipres-en-vents\/\",\"url\":\"https:\/\/grillette.ch\/de\/produit\/chardonnay-rserve-cuve-les-chipres-en-vents\/\",\"name\":\"Chardonnay R\u00e9serve \\\"Les Chipres en Vents\\\" 2023 - Grillette Domaine De Cressier\",\"isPartOf\":{\"@id\":\"https:\/\/grillette.ch\/#website\"},\"primaryImageOfPage\":{\"@id\":\"https:\/\/grillette.ch\/de\/produit\/chardonnay-rserve-cuve-les-chipres-en-vents\/#primaryimage\"},\"image\":{\"@id\":\"https:\/\/grillette.ch\/de\/produit\/chardonnay-rserve-cuve-les-chipres-en-vents\/#primaryimage\"},\"thumbnailUrl\":\"https:\/\/grillette.ch\/wp-content\/uploads\/2020\/05\/Chardonnay-R\u00e9serve.jpg\",\"datePublished\":\"2020-05-27T08:35:52+00:00\",\"dateModified\":\"2025-08-08T08:55:14+00:00\",\"breadcrumb\":{\"@id\":\"https:\/\/grillette.ch\/de\/produit\/chardonnay-rserve-cuve-les-chipres-en-vents\/#breadcrumb\"},\"inLanguage\":\"de\",\"potentialAction\":[{\"@type\":\"ReadAction\",\"target\":[\"https:\/\/grillette.ch\/de\/produit\/chardonnay-rserve-cuve-les-chipres-en-vents\/\"]}]},{\"@type\":\"ImageObject\",\"inLanguage\":\"de\",\"@id\":\"https:\/\/grillette.ch\/de\/produit\/chardonnay-rserve-cuve-les-chipres-en-vents\/#primaryimage\",\"url\":\"https:\/\/grillette.ch\/wp-content\/uploads\/2020\/05\/Chardonnay-R\u00e9serve.jpg\",\"contentUrl\":\"https:\/\/grillette.ch\/wp-content\/uploads\/2020\/05\/Chardonnay-R\u00e9serve.jpg\",\"width\":800,\"height\":1406},{\"@type\":\"BreadcrumbList\",\"@id\":\"https:\/\/grillette.ch\/de\/produit\/chardonnay-rserve-cuve-les-chipres-en-vents\/#breadcrumb\",\"itemListElement\":[{\"@type\":\"ListItem\",\"position\":1,\"name\":\"Accueil\",\"item\":\"https:\/\/grillette.ch\/de\/startseite\/\"},{\"@type\":\"ListItem\",\"position\":2,\"name\":\"Die Boutique\",\"item\":\"https:\/\/grillette.ch\/de\/die-boutique\/\"},{\"@type\":\"ListItem\",\"position\":3,\"name\":\"Chardonnay R\u00e9serve &#8222;Les Chipres en Vents&#8220; 2023\"}]},{\"@type\":\"WebSite\",\"@id\":\"https:\/\/grillette.ch\/#website\",\"url\":\"https:\/\/grillette.ch\/\",\"name\":\"Grillette Domaine De Cressier\",\"description\":\"Les horlogers du vin\",\"publisher\":{\"@id\":\"https:\/\/grillette.ch\/#organization\"},\"potentialAction\":[{\"@type\":\"SearchAction\",\"target\":{\"@type\":\"EntryPoint\",\"urlTemplate\":\"https:\/\/grillette.ch\/?s={search_term_string}\"},\"query-input\":{\"@type\":\"PropertyValueSpecification\",\"valueRequired\":true,\"valueName\":\"search_term_string\"}}],\"inLanguage\":\"de\"},{\"@type\":\"Organization\",\"@id\":\"https:\/\/grillette.ch\/#organization\",\"name\":\"Grillette Domaine De Cressier\",\"url\":\"https:\/\/grillette.ch\/\",\"logo\":{\"@type\":\"ImageObject\",\"inLanguage\":\"de\",\"@id\":\"https:\/\/grillette.ch\/#\/schema\/logo\/image\/\",\"url\":\"https:\/\/grillette.ch\/wp-content\/uploads\/2020\/02\/cropped-Grillette-Horlogers-positif_R-2.jpg\",\"contentUrl\":\"https:\/\/grillette.ch\/wp-content\/uploads\/2020\/02\/cropped-Grillette-Horlogers-positif_R-2.jpg\",\"width\":1325,\"height\":415,\"caption\":\"Grillette Domaine De Cressier\"},\"image\":{\"@id\":\"https:\/\/grillette.ch\/#\/schema\/logo\/image\/\"},\"sameAs\":[\"https:\/\/www.instagram.com\/lagrillette\"]}]}<\/script>\n<!-- \/ Yoast SEO plugin. -->","yoast_head_json":{"title":"Chardonnay R\u00e9serve \"Les Chipres en Vents\" 2023 - Grillette Domaine De Cressier","robots":{"index":"index","follow":"follow","max-snippet":"max-snippet:-1","max-image-preview":"max-image-preview:large","max-video-preview":"max-video-preview:-1"},"canonical":"https:\/\/grillette.ch\/de\/produit\/chardonnay-rserve-cuve-les-chipres-en-vents\/","og_locale":"de_DE","og_type":"article","og_title":"Chardonnay R\u00e9serve \"Les Chipres en Vents\" 2023 - Grillette Domaine De Cressier","og_description":"Jahrgang 2023.  100% Chardonnay, 8 Monate im Barrique.  Vanillegelbe Farbe. Entwickelt Vanille- und Butteraromen durch den Barriqueausbau. Pr\u00e4sentiert im Mund eine angenehme S\u00e4ure mit sch\u00f6ner Fruchtigkeit. Ist ideal als Begleitung zu einem Aperitif mit verschiedenen H\u00e4ppchen oder Fisch. Grosses Potenzial zur Alterung von 5 bis 8 Jahren.  &nbsp;  Enth\u00e4lt Sulfite \u2013 AOC Neuch\u00e2tel \u2013 75cl - 13% vol.","og_url":"https:\/\/grillette.ch\/de\/produit\/chardonnay-rserve-cuve-les-chipres-en-vents\/","og_site_name":"Grillette Domaine De Cressier","article_modified_time":"2025-08-08T08:55:14+00:00","og_image":[{"width":800,"height":1406,"url":"https:\/\/grillette.ch\/wp-content\/uploads\/2020\/05\/Chardonnay-R\u00e9serve.jpg","type":"image\/jpeg"}],"twitter_card":"summary_large_image","twitter_misc":{"Gesch\u00e4tzte Lesezeit":"1\u00a0Minute"},"schema":{"@context":"https:\/\/schema.org","@graph":[{"@type":"WebPage","@id":"https:\/\/grillette.ch\/de\/produit\/chardonnay-rserve-cuve-les-chipres-en-vents\/","url":"https:\/\/grillette.ch\/de\/produit\/chardonnay-rserve-cuve-les-chipres-en-vents\/","name":"Chardonnay R\u00e9serve \"Les Chipres en Vents\" 2023 - Grillette Domaine De Cressier","isPartOf":{"@id":"https:\/\/grillette.ch\/#website"},"primaryImageOfPage":{"@id":"https:\/\/grillette.ch\/de\/produit\/chardonnay-rserve-cuve-les-chipres-en-vents\/#primaryimage"},"image":{"@id":"https:\/\/grillette.ch\/de\/produit\/chardonnay-rserve-cuve-les-chipres-en-vents\/#primaryimage"},"thumbnailUrl":"https:\/\/grillette.ch\/wp-content\/uploads\/2020\/05\/Chardonnay-R\u00e9serve.jpg","datePublished":"2020-05-27T08:35:52+00:00","dateModified":"2025-08-08T08:55:14+00:00","breadcrumb":{"@id":"https:\/\/grillette.ch\/de\/produit\/chardonnay-rserve-cuve-les-chipres-en-vents\/#breadcrumb"},"inLanguage":"de","potentialAction":[{"@type":"ReadAction","target":["https:\/\/grillette.ch\/de\/produit\/chardonnay-rserve-cuve-les-chipres-en-vents\/"]}]},{"@type":"ImageObject","inLanguage":"de","@id":"https:\/\/grillette.ch\/de\/produit\/chardonnay-rserve-cuve-les-chipres-en-vents\/#primaryimage","url":"https:\/\/grillette.ch\/wp-content\/uploads\/2020\/05\/Chardonnay-R\u00e9serve.jpg","contentUrl":"https:\/\/grillette.ch\/wp-content\/uploads\/2020\/05\/Chardonnay-R\u00e9serve.jpg","width":800,"height":1406},{"@type":"BreadcrumbList","@id":"https:\/\/grillette.ch\/de\/produit\/chardonnay-rserve-cuve-les-chipres-en-vents\/#breadcrumb","itemListElement":[{"@type":"ListItem","position":1,"name":"Accueil","item":"https:\/\/grillette.ch\/de\/startseite\/"},{"@type":"ListItem","position":2,"name":"Die Boutique","item":"https:\/\/grillette.ch\/de\/die-boutique\/"},{"@type":"ListItem","position":3,"name":"Chardonnay R\u00e9serve &#8222;Les Chipres en Vents&#8220; 2023"}]},{"@type":"WebSite","@id":"https:\/\/grillette.ch\/#website","url":"https:\/\/grillette.ch\/","name":"Grillette Domaine De Cressier","description":"Les horlogers du vin","publisher":{"@id":"https:\/\/grillette.ch\/#organization"},"potentialAction":[{"@type":"SearchAction","target":{"@type":"EntryPoint","urlTemplate":"https:\/\/grillette.ch\/?s={search_term_string}"},"query-input":{"@type":"PropertyValueSpecification","valueRequired":true,"valueName":"search_term_string"}}],"inLanguage":"de"},{"@type":"Organization","@id":"https:\/\/grillette.ch\/#organization","name":"Grillette Domaine De Cressier","url":"https:\/\/grillette.ch\/","logo":{"@type":"ImageObject","inLanguage":"de","@id":"https:\/\/grillette.ch\/#\/schema\/logo\/image\/","url":"https:\/\/grillette.ch\/wp-content\/uploads\/2020\/02\/cropped-Grillette-Horlogers-positif_R-2.jpg","contentUrl":"https:\/\/grillette.ch\/wp-content\/uploads\/2020\/02\/cropped-Grillette-Horlogers-positif_R-2.jpg","width":1325,"height":415,"caption":"Grillette Domaine De Cressier"},"image":{"@id":"https:\/\/grillette.ch\/#\/schema\/logo\/image\/"},"sameAs":["https:\/\/www.instagram.com\/lagrillette"]}]}},"jetpack_sharing_enabled":true,"_links":{"self":[{"href":"https:\/\/grillette.ch\/de\/wp-json\/wp\/v2\/product\/31489"}],"collection":[{"href":"https:\/\/grillette.ch\/de\/wp-json\/wp\/v2\/product"}],"about":[{"href":"https:\/\/grillette.ch\/de\/wp-json\/wp\/v2\/types\/product"}],"wp:featuredmedia":[{"embeddable":true,"href":"https:\/\/grillette.ch\/de\/wp-json\/wp\/v2\/media\/31490"}],"wp:attachment":[{"href":"https:\/\/grillette.ch\/de\/wp-json\/wp\/v2\/media?parent=31489"}],"wp:term":[{"taxonomy":"product_brand","embeddable":true,"href":"https:\/\/grillette.ch\/de\/wp-json\/wp\/v2\/product_brand?post=31489"},{"taxonomy":"product_cat","embeddable":true,"href":"https:\/\/grillette.ch\/de\/wp-json\/wp\/v2\/product_cat?post=31489"},{"taxonomy":"product_tag","embeddable":true,"href":"https:\/\/grillette.ch\/de\/wp-json\/wp\/v2\/product_tag?post=31489"}],"curies":[{"name":"wp","href":"https:\/\/api.w.org\/{rel}","templated":true}]}}