{"id":32643,"date":"2021-11-23T11:41:11","date_gmt":"2021-11-23T10:41:11","guid":{"rendered":"https:\/\/grillette.ch\/?post_type=product&#038;p=32643"},"modified":"2025-08-08T10:23:53","modified_gmt":"2025-08-08T08:23:53","slug":"brut-oeil-de-perdrix","status":"publish","type":"product","link":"https:\/\/grillette.ch\/de\/produit\/brut-oeil-de-perdrix\/","title":{"rendered":"Brut Oeil-de-Perdrix"},"content":{"rendered":"","protected":false},"excerpt":{"rendered":"<p>Ohne Jahrgang.<\/p>\n<p>Pinot Noir. Schaumwein Traditionelle Methode.<\/p>\n<p>Ein Schaumwein von gro\u00dfem Reichtum und edler Frische mit Aromen von roten Fr\u00fcchten.<\/p>\n<p>Er ist ideal als Aperitif, oder am Ende einer Mahlzeit, um in Sch\u00f6nheit zu enden!<\/p>\n<p>&nbsp;<\/p>\n<p><em>Enth\u00e4lt Sulfite \u2013 AOC Neuch\u00e2tel \u2013 12.5% vol.<\/em><\/p>\n","protected":false},"featured_media":32645,"template":"","meta":[],"product_brand":[],"product_cat":[101,94,102],"product_tag":[],"class_list":{"0":"post-32643","1":"product","2":"type-product","3":"status-publish","4":"has-post-thumbnail","6":"product_cat-reserve","7":"product_cat-rosewein","8":"product_cat-schaumwein","10":"first","11":"instock","12":"taxable","13":"shipping-taxable","14":"purchasable","15":"product-type-simple"},"yoast_head":"<!-- This site is optimized with the Yoast SEO plugin v24.3 - https:\/\/yoast.com\/wordpress\/plugins\/seo\/ -->\n<title>Brut Oeil-de-Perdrix - Grillette Domaine De Cressier<\/title>\n<meta name=\"robots\" content=\"index, follow, max-snippet:-1, max-image-preview:large, max-video-preview:-1\" \/>\n<link rel=\"canonical\" href=\"https:\/\/grillette.ch\/de\/produit\/brut-oeil-de-perdrix\/\" \/>\n<meta property=\"og:locale\" content=\"de_DE\" \/>\n<meta property=\"og:type\" content=\"article\" \/>\n<meta property=\"og:title\" content=\"Brut Oeil-de-Perdrix - Grillette Domaine De Cressier\" \/>\n<meta property=\"og:description\" content=\"Ohne Jahrgang.  Pinot Noir. Schaumwein Traditionelle Methode.  Ein Schaumwein von gro\u00dfem Reichtum und edler Frische mit Aromen von roten Fr\u00fcchten.  Er ist ideal als Aperitif, oder am Ende einer Mahlzeit, um in Sch\u00f6nheit zu enden!  &nbsp;  Enth\u00e4lt Sulfite \u2013 AOC Neuch\u00e2tel \u2013 12.5% vol.\" \/>\n<meta property=\"og:url\" content=\"https:\/\/grillette.ch\/de\/produit\/brut-oeil-de-perdrix\/\" \/>\n<meta property=\"og:site_name\" content=\"Grillette Domaine De Cressier\" \/>\n<meta property=\"article:modified_time\" content=\"2025-08-08T08:23:53+00:00\" \/>\n<meta property=\"og:image\" content=\"https:\/\/grillette.ch\/wp-content\/uploads\/2021\/11\/Brut-Oeil-des-Roches.jpg\" \/>\n\t<meta property=\"og:image:width\" content=\"800\" \/>\n\t<meta property=\"og:image:height\" content=\"1406\" \/>\n\t<meta property=\"og:image:type\" content=\"image\/jpeg\" \/>\n<meta name=\"twitter:card\" content=\"summary_large_image\" \/>\n<script type=\"application\/ld+json\" class=\"yoast-schema-graph\">{\"@context\":\"https:\/\/schema.org\",\"@graph\":[{\"@type\":\"WebPage\",\"@id\":\"https:\/\/grillette.ch\/de\/produit\/brut-oeil-de-perdrix\/\",\"url\":\"https:\/\/grillette.ch\/de\/produit\/brut-oeil-de-perdrix\/\",\"name\":\"Brut Oeil-de-Perdrix - Grillette Domaine De Cressier\",\"isPartOf\":{\"@id\":\"https:\/\/grillette.ch\/#website\"},\"primaryImageOfPage\":{\"@id\":\"https:\/\/grillette.ch\/de\/produit\/brut-oeil-de-perdrix\/#primaryimage\"},\"image\":{\"@id\":\"https:\/\/grillette.ch\/de\/produit\/brut-oeil-de-perdrix\/#primaryimage\"},\"thumbnailUrl\":\"https:\/\/grillette.ch\/wp-content\/uploads\/2021\/11\/Brut-Oeil-des-Roches.jpg\",\"datePublished\":\"2021-11-23T10:41:11+00:00\",\"dateModified\":\"2025-08-08T08:23:53+00:00\",\"breadcrumb\":{\"@id\":\"https:\/\/grillette.ch\/de\/produit\/brut-oeil-de-perdrix\/#breadcrumb\"},\"inLanguage\":\"de\",\"potentialAction\":[{\"@type\":\"ReadAction\",\"target\":[\"https:\/\/grillette.ch\/de\/produit\/brut-oeil-de-perdrix\/\"]}]},{\"@type\":\"ImageObject\",\"inLanguage\":\"de\",\"@id\":\"https:\/\/grillette.ch\/de\/produit\/brut-oeil-de-perdrix\/#primaryimage\",\"url\":\"https:\/\/grillette.ch\/wp-content\/uploads\/2021\/11\/Brut-Oeil-des-Roches.jpg\",\"contentUrl\":\"https:\/\/grillette.ch\/wp-content\/uploads\/2021\/11\/Brut-Oeil-des-Roches.jpg\",\"width\":800,\"height\":1406,\"caption\":\"Brut-Oeil-de-Perdrix\"},{\"@type\":\"BreadcrumbList\",\"@id\":\"https:\/\/grillette.ch\/de\/produit\/brut-oeil-de-perdrix\/#breadcrumb\",\"itemListElement\":[{\"@type\":\"ListItem\",\"position\":1,\"name\":\"Accueil\",\"item\":\"https:\/\/grillette.ch\/de\/startseite\/\"},{\"@type\":\"ListItem\",\"position\":2,\"name\":\"Die Boutique\",\"item\":\"https:\/\/grillette.ch\/de\/die-boutique\/\"},{\"@type\":\"ListItem\",\"position\":3,\"name\":\"Brut Oeil-de-Perdrix\"}]},{\"@type\":\"WebSite\",\"@id\":\"https:\/\/grillette.ch\/#website\",\"url\":\"https:\/\/grillette.ch\/\",\"name\":\"Grillette Domaine De Cressier\",\"description\":\"Les horlogers du vin\",\"publisher\":{\"@id\":\"https:\/\/grillette.ch\/#organization\"},\"potentialAction\":[{\"@type\":\"SearchAction\",\"target\":{\"@type\":\"EntryPoint\",\"urlTemplate\":\"https:\/\/grillette.ch\/?s={search_term_string}\"},\"query-input\":{\"@type\":\"PropertyValueSpecification\",\"valueRequired\":true,\"valueName\":\"search_term_string\"}}],\"inLanguage\":\"de\"},{\"@type\":\"Organization\",\"@id\":\"https:\/\/grillette.ch\/#organization\",\"name\":\"Grillette Domaine De Cressier\",\"url\":\"https:\/\/grillette.ch\/\",\"logo\":{\"@type\":\"ImageObject\",\"inLanguage\":\"de\",\"@id\":\"https:\/\/grillette.ch\/#\/schema\/logo\/image\/\",\"url\":\"https:\/\/grillette.ch\/wp-content\/uploads\/2020\/02\/cropped-Grillette-Horlogers-positif_R-2.jpg\",\"contentUrl\":\"https:\/\/grillette.ch\/wp-content\/uploads\/2020\/02\/cropped-Grillette-Horlogers-positif_R-2.jpg\",\"width\":1325,\"height\":415,\"caption\":\"Grillette Domaine De Cressier\"},\"image\":{\"@id\":\"https:\/\/grillette.ch\/#\/schema\/logo\/image\/\"},\"sameAs\":[\"https:\/\/www.instagram.com\/lagrillette\"]}]}<\/script>\n<!-- \/ Yoast SEO plugin. -->","yoast_head_json":{"title":"Brut Oeil-de-Perdrix - Grillette Domaine De Cressier","robots":{"index":"index","follow":"follow","max-snippet":"max-snippet:-1","max-image-preview":"max-image-preview:large","max-video-preview":"max-video-preview:-1"},"canonical":"https:\/\/grillette.ch\/de\/produit\/brut-oeil-de-perdrix\/","og_locale":"de_DE","og_type":"article","og_title":"Brut Oeil-de-Perdrix - Grillette Domaine De Cressier","og_description":"Ohne Jahrgang.  Pinot Noir. Schaumwein Traditionelle Methode.  Ein Schaumwein von gro\u00dfem Reichtum und edler Frische mit Aromen von roten Fr\u00fcchten.  Er ist ideal als Aperitif, oder am Ende einer Mahlzeit, um in Sch\u00f6nheit zu enden!  &nbsp;  Enth\u00e4lt Sulfite \u2013 AOC Neuch\u00e2tel \u2013 12.5% vol.","og_url":"https:\/\/grillette.ch\/de\/produit\/brut-oeil-de-perdrix\/","og_site_name":"Grillette Domaine De Cressier","article_modified_time":"2025-08-08T08:23:53+00:00","og_image":[{"width":800,"height":1406,"url":"https:\/\/grillette.ch\/wp-content\/uploads\/2021\/11\/Brut-Oeil-des-Roches.jpg","type":"image\/jpeg"}],"twitter_card":"summary_large_image","schema":{"@context":"https:\/\/schema.org","@graph":[{"@type":"WebPage","@id":"https:\/\/grillette.ch\/de\/produit\/brut-oeil-de-perdrix\/","url":"https:\/\/grillette.ch\/de\/produit\/brut-oeil-de-perdrix\/","name":"Brut Oeil-de-Perdrix - Grillette Domaine De Cressier","isPartOf":{"@id":"https:\/\/grillette.ch\/#website"},"primaryImageOfPage":{"@id":"https:\/\/grillette.ch\/de\/produit\/brut-oeil-de-perdrix\/#primaryimage"},"image":{"@id":"https:\/\/grillette.ch\/de\/produit\/brut-oeil-de-perdrix\/#primaryimage"},"thumbnailUrl":"https:\/\/grillette.ch\/wp-content\/uploads\/2021\/11\/Brut-Oeil-des-Roches.jpg","datePublished":"2021-11-23T10:41:11+00:00","dateModified":"2025-08-08T08:23:53+00:00","breadcrumb":{"@id":"https:\/\/grillette.ch\/de\/produit\/brut-oeil-de-perdrix\/#breadcrumb"},"inLanguage":"de","potentialAction":[{"@type":"ReadAction","target":["https:\/\/grillette.ch\/de\/produit\/brut-oeil-de-perdrix\/"]}]},{"@type":"ImageObject","inLanguage":"de","@id":"https:\/\/grillette.ch\/de\/produit\/brut-oeil-de-perdrix\/#primaryimage","url":"https:\/\/grillette.ch\/wp-content\/uploads\/2021\/11\/Brut-Oeil-des-Roches.jpg","contentUrl":"https:\/\/grillette.ch\/wp-content\/uploads\/2021\/11\/Brut-Oeil-des-Roches.jpg","width":800,"height":1406,"caption":"Brut-Oeil-de-Perdrix"},{"@type":"BreadcrumbList","@id":"https:\/\/grillette.ch\/de\/produit\/brut-oeil-de-perdrix\/#breadcrumb","itemListElement":[{"@type":"ListItem","position":1,"name":"Accueil","item":"https:\/\/grillette.ch\/de\/startseite\/"},{"@type":"ListItem","position":2,"name":"Die Boutique","item":"https:\/\/grillette.ch\/de\/die-boutique\/"},{"@type":"ListItem","position":3,"name":"Brut Oeil-de-Perdrix"}]},{"@type":"WebSite","@id":"https:\/\/grillette.ch\/#website","url":"https:\/\/grillette.ch\/","name":"Grillette Domaine De Cressier","description":"Les horlogers du vin","publisher":{"@id":"https:\/\/grillette.ch\/#organization"},"potentialAction":[{"@type":"SearchAction","target":{"@type":"EntryPoint","urlTemplate":"https:\/\/grillette.ch\/?s={search_term_string}"},"query-input":{"@type":"PropertyValueSpecification","valueRequired":true,"valueName":"search_term_string"}}],"inLanguage":"de"},{"@type":"Organization","@id":"https:\/\/grillette.ch\/#organization","name":"Grillette Domaine De Cressier","url":"https:\/\/grillette.ch\/","logo":{"@type":"ImageObject","inLanguage":"de","@id":"https:\/\/grillette.ch\/#\/schema\/logo\/image\/","url":"https:\/\/grillette.ch\/wp-content\/uploads\/2020\/02\/cropped-Grillette-Horlogers-positif_R-2.jpg","contentUrl":"https:\/\/grillette.ch\/wp-content\/uploads\/2020\/02\/cropped-Grillette-Horlogers-positif_R-2.jpg","width":1325,"height":415,"caption":"Grillette Domaine De Cressier"},"image":{"@id":"https:\/\/grillette.ch\/#\/schema\/logo\/image\/"},"sameAs":["https:\/\/www.instagram.com\/lagrillette"]}]}},"jetpack_sharing_enabled":true,"_links":{"self":[{"href":"https:\/\/grillette.ch\/de\/wp-json\/wp\/v2\/product\/32643"}],"collection":[{"href":"https:\/\/grillette.ch\/de\/wp-json\/wp\/v2\/product"}],"about":[{"href":"https:\/\/grillette.ch\/de\/wp-json\/wp\/v2\/types\/product"}],"wp:featuredmedia":[{"embeddable":true,"href":"https:\/\/grillette.ch\/de\/wp-json\/wp\/v2\/media\/32645"}],"wp:attachment":[{"href":"https:\/\/grillette.ch\/de\/wp-json\/wp\/v2\/media?parent=32643"}],"wp:term":[{"taxonomy":"product_brand","embeddable":true,"href":"https:\/\/grillette.ch\/de\/wp-json\/wp\/v2\/product_brand?post=32643"},{"taxonomy":"product_cat","embeddable":true,"href":"https:\/\/grillette.ch\/de\/wp-json\/wp\/v2\/product_cat?post=32643"},{"taxonomy":"product_tag","embeddable":true,"href":"https:\/\/grillette.ch\/de\/wp-json\/wp\/v2\/product_tag?post=32643"}],"curies":[{"name":"wp","href":"https:\/\/api.w.org\/{rel}","templated":true}]}}