{"id":32994,"date":"2022-07-14T14:52:28","date_gmt":"2022-07-14T12:52:28","guid":{"rendered":"https:\/\/grillette.ch\/?post_type=product&#038;p=32994"},"modified":"2025-10-29T11:45:00","modified_gmt":"2025-10-29T10:45:00","slug":"synergie-rouge","status":"publish","type":"product","link":"https:\/\/grillette.ch\/de\/produit\/synergie-rouge\/","title":{"rendered":"Synergie Rouge &#8211; Assemblage 2021"},"content":{"rendered":"","protected":false},"excerpt":{"rendered":"<p>Jahrgang 2021<\/p>\n<p>Pinot Noir\/ Cabernet Franc\/ Merlot, Reifung im Fass.<\/p>\n<p>Diese Cuv\u00e9e, eine Mischung aus Pinot Noir, Cabernet Franc und Merlot, zeugt von der Synergie, die zwischen verschiedenen Rebsorten stattfinden kann.<\/p>\n<p>Auf traditionelle Weise vinifiziert, teilweise in franz\u00f6sischen Eichenf\u00e4ssern ausgebaut, entwickelt dieser Wein Aromen von kleinen roten Fr\u00fcchten, die sich mit subtilen holzigen und w\u00fcrzigen Noten verbinden.<\/p>\n<p>Ideal als Beilage zu rotem Fleisch, in Saucen oder gegrillt.<\/p>\n<p>.<\/p>\n<p>Empfohlene Serviertemperatur: 14\u00b0-16\u00b0<\/p>\n<p>&nbsp;<\/p>\n<p><em>Enth\u00e4lt Sulfite &#8211; Vin de pays des trois-lacs &#8211; 14.5% vol.<\/em><\/p>\n","protected":false},"featured_media":33171,"template":"","meta":[],"product_brand":[],"product_cat":[96,91],"product_tag":[],"class_list":{"0":"post-32994","1":"product","2":"type-product","3":"status-publish","4":"has-post-thumbnail","6":"product_cat-premier","7":"product_cat-rotweine","9":"first","10":"instock","11":"taxable","12":"shipping-taxable","13":"purchasable","14":"product-type-simple"},"yoast_head":"<!-- This site is optimized with the Yoast SEO plugin v24.3 - https:\/\/yoast.com\/wordpress\/plugins\/seo\/ -->\n<title>Synergie Rouge - Assemblage 2021 - Grillette Domaine De Cressier<\/title>\n<meta name=\"robots\" content=\"index, follow, max-snippet:-1, max-image-preview:large, max-video-preview:-1\" \/>\n<link rel=\"canonical\" href=\"https:\/\/grillette.ch\/de\/produit\/synergie-rouge\/\" \/>\n<meta property=\"og:locale\" content=\"de_DE\" \/>\n<meta property=\"og:type\" content=\"article\" \/>\n<meta property=\"og:title\" content=\"Synergie Rouge - Assemblage 2021 - Grillette Domaine De Cressier\" \/>\n<meta property=\"og:description\" content=\"Jahrgang 2021  Pinot Noir\/ Cabernet Franc\/ Merlot, Reifung im Fass.  Diese Cuv\u00e9e, eine Mischung aus Pinot Noir, Cabernet Franc und Merlot, zeugt von der Synergie, die zwischen verschiedenen Rebsorten stattfinden kann.  Auf traditionelle Weise vinifiziert, teilweise in franz\u00f6sischen Eichenf\u00e4ssern ausgebaut, entwickelt dieser Wein Aromen von kleinen roten Fr\u00fcchten, die sich mit subtilen holzigen und w\u00fcrzigen Noten verbinden.  Ideal als Beilage zu rotem Fleisch, in Saucen oder gegrillt.  .  Empfohlene Serviertemperatur: 14\u00b0-16\u00b0  &nbsp;  Enth\u00e4lt Sulfite - Vin de pays des trois-lacs - 14.5% vol.\" \/>\n<meta property=\"og:url\" content=\"https:\/\/grillette.ch\/de\/produit\/synergie-rouge\/\" \/>\n<meta property=\"og:site_name\" content=\"Grillette Domaine De Cressier\" \/>\n<meta property=\"article:modified_time\" content=\"2025-10-29T10:45:00+00:00\" \/>\n<meta property=\"og:image\" content=\"https:\/\/grillette.ch\/wp-content\/uploads\/2022\/07\/Synergie.jpg\" \/>\n\t<meta property=\"og:image:width\" content=\"480\" \/>\n\t<meta property=\"og:image:height\" content=\"844\" \/>\n\t<meta property=\"og:image:type\" content=\"image\/jpeg\" \/>\n<meta name=\"twitter:card\" content=\"summary_large_image\" \/>\n<script type=\"application\/ld+json\" class=\"yoast-schema-graph\">{\"@context\":\"https:\/\/schema.org\",\"@graph\":[{\"@type\":\"WebPage\",\"@id\":\"https:\/\/grillette.ch\/de\/produit\/synergie-rouge\/\",\"url\":\"https:\/\/grillette.ch\/de\/produit\/synergie-rouge\/\",\"name\":\"Synergie Rouge - Assemblage 2021 - Grillette Domaine De Cressier\",\"isPartOf\":{\"@id\":\"https:\/\/grillette.ch\/#website\"},\"primaryImageOfPage\":{\"@id\":\"https:\/\/grillette.ch\/de\/produit\/synergie-rouge\/#primaryimage\"},\"image\":{\"@id\":\"https:\/\/grillette.ch\/de\/produit\/synergie-rouge\/#primaryimage\"},\"thumbnailUrl\":\"https:\/\/grillette.ch\/wp-content\/uploads\/2022\/07\/Synergie.jpg\",\"datePublished\":\"2022-07-14T12:52:28+00:00\",\"dateModified\":\"2025-10-29T10:45:00+00:00\",\"breadcrumb\":{\"@id\":\"https:\/\/grillette.ch\/de\/produit\/synergie-rouge\/#breadcrumb\"},\"inLanguage\":\"de\",\"potentialAction\":[{\"@type\":\"ReadAction\",\"target\":[\"https:\/\/grillette.ch\/de\/produit\/synergie-rouge\/\"]}]},{\"@type\":\"ImageObject\",\"inLanguage\":\"de\",\"@id\":\"https:\/\/grillette.ch\/de\/produit\/synergie-rouge\/#primaryimage\",\"url\":\"https:\/\/grillette.ch\/wp-content\/uploads\/2022\/07\/Synergie.jpg\",\"contentUrl\":\"https:\/\/grillette.ch\/wp-content\/uploads\/2022\/07\/Synergie.jpg\",\"width\":480,\"height\":844,\"caption\":\"Synergie Rouge\"},{\"@type\":\"BreadcrumbList\",\"@id\":\"https:\/\/grillette.ch\/de\/produit\/synergie-rouge\/#breadcrumb\",\"itemListElement\":[{\"@type\":\"ListItem\",\"position\":1,\"name\":\"Accueil\",\"item\":\"https:\/\/grillette.ch\/de\/startseite\/\"},{\"@type\":\"ListItem\",\"position\":2,\"name\":\"Die Boutique\",\"item\":\"https:\/\/grillette.ch\/de\/die-boutique\/\"},{\"@type\":\"ListItem\",\"position\":3,\"name\":\"Synergie Rouge &#8211; Assemblage 2021\"}]},{\"@type\":\"WebSite\",\"@id\":\"https:\/\/grillette.ch\/#website\",\"url\":\"https:\/\/grillette.ch\/\",\"name\":\"Grillette Domaine De Cressier\",\"description\":\"Les horlogers du vin\",\"publisher\":{\"@id\":\"https:\/\/grillette.ch\/#organization\"},\"potentialAction\":[{\"@type\":\"SearchAction\",\"target\":{\"@type\":\"EntryPoint\",\"urlTemplate\":\"https:\/\/grillette.ch\/?s={search_term_string}\"},\"query-input\":{\"@type\":\"PropertyValueSpecification\",\"valueRequired\":true,\"valueName\":\"search_term_string\"}}],\"inLanguage\":\"de\"},{\"@type\":\"Organization\",\"@id\":\"https:\/\/grillette.ch\/#organization\",\"name\":\"Grillette Domaine De Cressier\",\"url\":\"https:\/\/grillette.ch\/\",\"logo\":{\"@type\":\"ImageObject\",\"inLanguage\":\"de\",\"@id\":\"https:\/\/grillette.ch\/#\/schema\/logo\/image\/\",\"url\":\"https:\/\/grillette.ch\/wp-content\/uploads\/2020\/02\/cropped-Grillette-Horlogers-positif_R-2.jpg\",\"contentUrl\":\"https:\/\/grillette.ch\/wp-content\/uploads\/2020\/02\/cropped-Grillette-Horlogers-positif_R-2.jpg\",\"width\":1325,\"height\":415,\"caption\":\"Grillette Domaine De Cressier\"},\"image\":{\"@id\":\"https:\/\/grillette.ch\/#\/schema\/logo\/image\/\"},\"sameAs\":[\"https:\/\/www.instagram.com\/lagrillette\"]}]}<\/script>\n<!-- \/ Yoast SEO plugin. -->","yoast_head_json":{"title":"Synergie Rouge - Assemblage 2021 - Grillette Domaine De Cressier","robots":{"index":"index","follow":"follow","max-snippet":"max-snippet:-1","max-image-preview":"max-image-preview:large","max-video-preview":"max-video-preview:-1"},"canonical":"https:\/\/grillette.ch\/de\/produit\/synergie-rouge\/","og_locale":"de_DE","og_type":"article","og_title":"Synergie Rouge - Assemblage 2021 - Grillette Domaine De Cressier","og_description":"Jahrgang 2021  Pinot Noir\/ Cabernet Franc\/ Merlot, Reifung im Fass.  Diese Cuv\u00e9e, eine Mischung aus Pinot Noir, Cabernet Franc und Merlot, zeugt von der Synergie, die zwischen verschiedenen Rebsorten stattfinden kann.  Auf traditionelle Weise vinifiziert, teilweise in franz\u00f6sischen Eichenf\u00e4ssern ausgebaut, entwickelt dieser Wein Aromen von kleinen roten Fr\u00fcchten, die sich mit subtilen holzigen und w\u00fcrzigen Noten verbinden.  Ideal als Beilage zu rotem Fleisch, in Saucen oder gegrillt.  .  Empfohlene Serviertemperatur: 14\u00b0-16\u00b0  &nbsp;  Enth\u00e4lt Sulfite - Vin de pays des trois-lacs - 14.5% vol.","og_url":"https:\/\/grillette.ch\/de\/produit\/synergie-rouge\/","og_site_name":"Grillette Domaine De Cressier","article_modified_time":"2025-10-29T10:45:00+00:00","og_image":[{"width":480,"height":844,"url":"https:\/\/grillette.ch\/wp-content\/uploads\/2022\/07\/Synergie.jpg","type":"image\/jpeg"}],"twitter_card":"summary_large_image","schema":{"@context":"https:\/\/schema.org","@graph":[{"@type":"WebPage","@id":"https:\/\/grillette.ch\/de\/produit\/synergie-rouge\/","url":"https:\/\/grillette.ch\/de\/produit\/synergie-rouge\/","name":"Synergie Rouge - Assemblage 2021 - Grillette Domaine De Cressier","isPartOf":{"@id":"https:\/\/grillette.ch\/#website"},"primaryImageOfPage":{"@id":"https:\/\/grillette.ch\/de\/produit\/synergie-rouge\/#primaryimage"},"image":{"@id":"https:\/\/grillette.ch\/de\/produit\/synergie-rouge\/#primaryimage"},"thumbnailUrl":"https:\/\/grillette.ch\/wp-content\/uploads\/2022\/07\/Synergie.jpg","datePublished":"2022-07-14T12:52:28+00:00","dateModified":"2025-10-29T10:45:00+00:00","breadcrumb":{"@id":"https:\/\/grillette.ch\/de\/produit\/synergie-rouge\/#breadcrumb"},"inLanguage":"de","potentialAction":[{"@type":"ReadAction","target":["https:\/\/grillette.ch\/de\/produit\/synergie-rouge\/"]}]},{"@type":"ImageObject","inLanguage":"de","@id":"https:\/\/grillette.ch\/de\/produit\/synergie-rouge\/#primaryimage","url":"https:\/\/grillette.ch\/wp-content\/uploads\/2022\/07\/Synergie.jpg","contentUrl":"https:\/\/grillette.ch\/wp-content\/uploads\/2022\/07\/Synergie.jpg","width":480,"height":844,"caption":"Synergie Rouge"},{"@type":"BreadcrumbList","@id":"https:\/\/grillette.ch\/de\/produit\/synergie-rouge\/#breadcrumb","itemListElement":[{"@type":"ListItem","position":1,"name":"Accueil","item":"https:\/\/grillette.ch\/de\/startseite\/"},{"@type":"ListItem","position":2,"name":"Die Boutique","item":"https:\/\/grillette.ch\/de\/die-boutique\/"},{"@type":"ListItem","position":3,"name":"Synergie Rouge &#8211; Assemblage 2021"}]},{"@type":"WebSite","@id":"https:\/\/grillette.ch\/#website","url":"https:\/\/grillette.ch\/","name":"Grillette Domaine De Cressier","description":"Les horlogers du vin","publisher":{"@id":"https:\/\/grillette.ch\/#organization"},"potentialAction":[{"@type":"SearchAction","target":{"@type":"EntryPoint","urlTemplate":"https:\/\/grillette.ch\/?s={search_term_string}"},"query-input":{"@type":"PropertyValueSpecification","valueRequired":true,"valueName":"search_term_string"}}],"inLanguage":"de"},{"@type":"Organization","@id":"https:\/\/grillette.ch\/#organization","name":"Grillette Domaine De Cressier","url":"https:\/\/grillette.ch\/","logo":{"@type":"ImageObject","inLanguage":"de","@id":"https:\/\/grillette.ch\/#\/schema\/logo\/image\/","url":"https:\/\/grillette.ch\/wp-content\/uploads\/2020\/02\/cropped-Grillette-Horlogers-positif_R-2.jpg","contentUrl":"https:\/\/grillette.ch\/wp-content\/uploads\/2020\/02\/cropped-Grillette-Horlogers-positif_R-2.jpg","width":1325,"height":415,"caption":"Grillette Domaine De Cressier"},"image":{"@id":"https:\/\/grillette.ch\/#\/schema\/logo\/image\/"},"sameAs":["https:\/\/www.instagram.com\/lagrillette"]}]}},"jetpack_sharing_enabled":true,"_links":{"self":[{"href":"https:\/\/grillette.ch\/de\/wp-json\/wp\/v2\/product\/32994"}],"collection":[{"href":"https:\/\/grillette.ch\/de\/wp-json\/wp\/v2\/product"}],"about":[{"href":"https:\/\/grillette.ch\/de\/wp-json\/wp\/v2\/types\/product"}],"wp:featuredmedia":[{"embeddable":true,"href":"https:\/\/grillette.ch\/de\/wp-json\/wp\/v2\/media\/33171"}],"wp:attachment":[{"href":"https:\/\/grillette.ch\/de\/wp-json\/wp\/v2\/media?parent=32994"}],"wp:term":[{"taxonomy":"product_brand","embeddable":true,"href":"https:\/\/grillette.ch\/de\/wp-json\/wp\/v2\/product_brand?post=32994"},{"taxonomy":"product_cat","embeddable":true,"href":"https:\/\/grillette.ch\/de\/wp-json\/wp\/v2\/product_cat?post=32994"},{"taxonomy":"product_tag","embeddable":true,"href":"https:\/\/grillette.ch\/de\/wp-json\/wp\/v2\/product_tag?post=32994"}],"curies":[{"name":"wp","href":"https:\/\/api.w.org\/{rel}","templated":true}]}}