{"id":33175,"date":"2023-01-09T11:59:14","date_gmt":"2023-01-09T10:59:14","guid":{"rendered":"https:\/\/grillette.ch\/?post_type=product&#038;p=33175"},"modified":"2025-10-29T11:41:24","modified_gmt":"2025-10-29T10:41:24","slug":"chenin-blanc-le-beauregard-2021","status":"publish","type":"product","link":"https:\/\/grillette.ch\/de\/produit\/chenin-blanc-le-beauregard-2021\/","title":{"rendered":"Chenin Blanc &#8222;Le Beauregard&#8220; 2024"},"content":{"rendered":"","protected":false},"excerpt":{"rendered":"<p>Jahrgang 2024.<\/p>\n<p>100% Chenin Blanc, teilweise im Barrique ausgebaut.<\/p>\n<p>Zitronengelbe Farbe. In der Nase Entwicklung komplexer Aromen von gelben Fr\u00fcchten, Trockenfr\u00fcchten, Zitrusfr\u00fcchten und wei\u00dfen Bl\u00fcten.<\/p>\n<p>Ein lebhafter und nerv\u00f6ser Wein, der hervorragend zu Krustentieren, Fisch und asiatischer K\u00fcche passt. Potenzielle Lagerf\u00e4higkeit von 6-8 Jahren.<\/p>\n<p>VDP des trois lacs<\/p>\n","protected":false},"featured_media":33177,"template":"","meta":[],"product_brand":[],"product_cat":[96,95],"product_tag":[],"class_list":{"0":"post-33175","1":"product","2":"type-product","3":"status-publish","4":"has-post-thumbnail","6":"product_cat-premier","7":"product_cat-weissweine","9":"first","10":"instock","11":"taxable","12":"shipping-taxable","13":"purchasable","14":"product-type-simple"},"yoast_head":"<!-- This site is optimized with the Yoast SEO plugin v24.3 - https:\/\/yoast.com\/wordpress\/plugins\/seo\/ -->\n<title>Chenin Blanc &quot;Le Beauregard&quot; 2024 - Grillette Domaine De Cressier<\/title>\n<meta name=\"robots\" content=\"index, follow, max-snippet:-1, max-image-preview:large, max-video-preview:-1\" \/>\n<link rel=\"canonical\" href=\"https:\/\/grillette.ch\/de\/produit\/chenin-blanc-le-beauregard-2021\/\" \/>\n<meta property=\"og:locale\" content=\"de_DE\" \/>\n<meta property=\"og:type\" content=\"article\" \/>\n<meta property=\"og:title\" content=\"Chenin Blanc &quot;Le Beauregard&quot; 2024 - Grillette Domaine De Cressier\" \/>\n<meta property=\"og:description\" content=\"Jahrgang 2024.  100% Chenin Blanc, teilweise im Barrique ausgebaut.  Zitronengelbe Farbe. In der Nase Entwicklung komplexer Aromen von gelben Fr\u00fcchten, Trockenfr\u00fcchten, Zitrusfr\u00fcchten und wei\u00dfen Bl\u00fcten.  Ein lebhafter und nerv\u00f6ser Wein, der hervorragend zu Krustentieren, Fisch und asiatischer K\u00fcche passt. Potenzielle Lagerf\u00e4higkeit von 6-8 Jahren.  VDP des trois lacs\" \/>\n<meta property=\"og:url\" content=\"https:\/\/grillette.ch\/de\/produit\/chenin-blanc-le-beauregard-2021\/\" \/>\n<meta property=\"og:site_name\" content=\"Grillette Domaine De Cressier\" \/>\n<meta property=\"article:modified_time\" content=\"2025-10-29T10:41:24+00:00\" \/>\n<meta property=\"og:image\" content=\"https:\/\/grillette.ch\/wp-content\/uploads\/2023\/01\/Chenin_blanc.jpg\" \/>\n\t<meta property=\"og:image:width\" content=\"480\" \/>\n\t<meta property=\"og:image:height\" content=\"844\" \/>\n\t<meta property=\"og:image:type\" content=\"image\/jpeg\" \/>\n<meta name=\"twitter:card\" content=\"summary_large_image\" \/>\n<script type=\"application\/ld+json\" class=\"yoast-schema-graph\">{\"@context\":\"https:\/\/schema.org\",\"@graph\":[{\"@type\":\"WebPage\",\"@id\":\"https:\/\/grillette.ch\/de\/produit\/chenin-blanc-le-beauregard-2021\/\",\"url\":\"https:\/\/grillette.ch\/de\/produit\/chenin-blanc-le-beauregard-2021\/\",\"name\":\"Chenin Blanc \\\"Le Beauregard\\\" 2024 - Grillette Domaine De Cressier\",\"isPartOf\":{\"@id\":\"https:\/\/grillette.ch\/#website\"},\"primaryImageOfPage\":{\"@id\":\"https:\/\/grillette.ch\/de\/produit\/chenin-blanc-le-beauregard-2021\/#primaryimage\"},\"image\":{\"@id\":\"https:\/\/grillette.ch\/de\/produit\/chenin-blanc-le-beauregard-2021\/#primaryimage\"},\"thumbnailUrl\":\"https:\/\/grillette.ch\/wp-content\/uploads\/2023\/01\/Chenin_blanc.jpg\",\"datePublished\":\"2023-01-09T10:59:14+00:00\",\"dateModified\":\"2025-10-29T10:41:24+00:00\",\"breadcrumb\":{\"@id\":\"https:\/\/grillette.ch\/de\/produit\/chenin-blanc-le-beauregard-2021\/#breadcrumb\"},\"inLanguage\":\"de\",\"potentialAction\":[{\"@type\":\"ReadAction\",\"target\":[\"https:\/\/grillette.ch\/de\/produit\/chenin-blanc-le-beauregard-2021\/\"]}]},{\"@type\":\"ImageObject\",\"inLanguage\":\"de\",\"@id\":\"https:\/\/grillette.ch\/de\/produit\/chenin-blanc-le-beauregard-2021\/#primaryimage\",\"url\":\"https:\/\/grillette.ch\/wp-content\/uploads\/2023\/01\/Chenin_blanc.jpg\",\"contentUrl\":\"https:\/\/grillette.ch\/wp-content\/uploads\/2023\/01\/Chenin_blanc.jpg\",\"width\":480,\"height\":844,\"caption\":\"Chenin Blanc\"},{\"@type\":\"BreadcrumbList\",\"@id\":\"https:\/\/grillette.ch\/de\/produit\/chenin-blanc-le-beauregard-2021\/#breadcrumb\",\"itemListElement\":[{\"@type\":\"ListItem\",\"position\":1,\"name\":\"Accueil\",\"item\":\"https:\/\/grillette.ch\/de\/startseite\/\"},{\"@type\":\"ListItem\",\"position\":2,\"name\":\"Die Boutique\",\"item\":\"https:\/\/grillette.ch\/de\/die-boutique\/\"},{\"@type\":\"ListItem\",\"position\":3,\"name\":\"Chenin Blanc &#8222;Le Beauregard&#8220; 2024\"}]},{\"@type\":\"WebSite\",\"@id\":\"https:\/\/grillette.ch\/#website\",\"url\":\"https:\/\/grillette.ch\/\",\"name\":\"Grillette Domaine De Cressier\",\"description\":\"Les horlogers du vin\",\"publisher\":{\"@id\":\"https:\/\/grillette.ch\/#organization\"},\"potentialAction\":[{\"@type\":\"SearchAction\",\"target\":{\"@type\":\"EntryPoint\",\"urlTemplate\":\"https:\/\/grillette.ch\/?s={search_term_string}\"},\"query-input\":{\"@type\":\"PropertyValueSpecification\",\"valueRequired\":true,\"valueName\":\"search_term_string\"}}],\"inLanguage\":\"de\"},{\"@type\":\"Organization\",\"@id\":\"https:\/\/grillette.ch\/#organization\",\"name\":\"Grillette Domaine De Cressier\",\"url\":\"https:\/\/grillette.ch\/\",\"logo\":{\"@type\":\"ImageObject\",\"inLanguage\":\"de\",\"@id\":\"https:\/\/grillette.ch\/#\/schema\/logo\/image\/\",\"url\":\"https:\/\/grillette.ch\/wp-content\/uploads\/2020\/02\/cropped-Grillette-Horlogers-positif_R-2.jpg\",\"contentUrl\":\"https:\/\/grillette.ch\/wp-content\/uploads\/2020\/02\/cropped-Grillette-Horlogers-positif_R-2.jpg\",\"width\":1325,\"height\":415,\"caption\":\"Grillette Domaine De Cressier\"},\"image\":{\"@id\":\"https:\/\/grillette.ch\/#\/schema\/logo\/image\/\"},\"sameAs\":[\"https:\/\/www.instagram.com\/lagrillette\"]}]}<\/script>\n<!-- \/ Yoast SEO plugin. -->","yoast_head_json":{"title":"Chenin Blanc \"Le Beauregard\" 2024 - Grillette Domaine De Cressier","robots":{"index":"index","follow":"follow","max-snippet":"max-snippet:-1","max-image-preview":"max-image-preview:large","max-video-preview":"max-video-preview:-1"},"canonical":"https:\/\/grillette.ch\/de\/produit\/chenin-blanc-le-beauregard-2021\/","og_locale":"de_DE","og_type":"article","og_title":"Chenin Blanc \"Le Beauregard\" 2024 - Grillette Domaine De Cressier","og_description":"Jahrgang 2024.  100% Chenin Blanc, teilweise im Barrique ausgebaut.  Zitronengelbe Farbe. In der Nase Entwicklung komplexer Aromen von gelben Fr\u00fcchten, Trockenfr\u00fcchten, Zitrusfr\u00fcchten und wei\u00dfen Bl\u00fcten.  Ein lebhafter und nerv\u00f6ser Wein, der hervorragend zu Krustentieren, Fisch und asiatischer K\u00fcche passt. Potenzielle Lagerf\u00e4higkeit von 6-8 Jahren.  VDP des trois lacs","og_url":"https:\/\/grillette.ch\/de\/produit\/chenin-blanc-le-beauregard-2021\/","og_site_name":"Grillette Domaine De Cressier","article_modified_time":"2025-10-29T10:41:24+00:00","og_image":[{"width":480,"height":844,"url":"https:\/\/grillette.ch\/wp-content\/uploads\/2023\/01\/Chenin_blanc.jpg","type":"image\/jpeg"}],"twitter_card":"summary_large_image","schema":{"@context":"https:\/\/schema.org","@graph":[{"@type":"WebPage","@id":"https:\/\/grillette.ch\/de\/produit\/chenin-blanc-le-beauregard-2021\/","url":"https:\/\/grillette.ch\/de\/produit\/chenin-blanc-le-beauregard-2021\/","name":"Chenin Blanc \"Le Beauregard\" 2024 - Grillette Domaine De Cressier","isPartOf":{"@id":"https:\/\/grillette.ch\/#website"},"primaryImageOfPage":{"@id":"https:\/\/grillette.ch\/de\/produit\/chenin-blanc-le-beauregard-2021\/#primaryimage"},"image":{"@id":"https:\/\/grillette.ch\/de\/produit\/chenin-blanc-le-beauregard-2021\/#primaryimage"},"thumbnailUrl":"https:\/\/grillette.ch\/wp-content\/uploads\/2023\/01\/Chenin_blanc.jpg","datePublished":"2023-01-09T10:59:14+00:00","dateModified":"2025-10-29T10:41:24+00:00","breadcrumb":{"@id":"https:\/\/grillette.ch\/de\/produit\/chenin-blanc-le-beauregard-2021\/#breadcrumb"},"inLanguage":"de","potentialAction":[{"@type":"ReadAction","target":["https:\/\/grillette.ch\/de\/produit\/chenin-blanc-le-beauregard-2021\/"]}]},{"@type":"ImageObject","inLanguage":"de","@id":"https:\/\/grillette.ch\/de\/produit\/chenin-blanc-le-beauregard-2021\/#primaryimage","url":"https:\/\/grillette.ch\/wp-content\/uploads\/2023\/01\/Chenin_blanc.jpg","contentUrl":"https:\/\/grillette.ch\/wp-content\/uploads\/2023\/01\/Chenin_blanc.jpg","width":480,"height":844,"caption":"Chenin Blanc"},{"@type":"BreadcrumbList","@id":"https:\/\/grillette.ch\/de\/produit\/chenin-blanc-le-beauregard-2021\/#breadcrumb","itemListElement":[{"@type":"ListItem","position":1,"name":"Accueil","item":"https:\/\/grillette.ch\/de\/startseite\/"},{"@type":"ListItem","position":2,"name":"Die Boutique","item":"https:\/\/grillette.ch\/de\/die-boutique\/"},{"@type":"ListItem","position":3,"name":"Chenin Blanc &#8222;Le Beauregard&#8220; 2024"}]},{"@type":"WebSite","@id":"https:\/\/grillette.ch\/#website","url":"https:\/\/grillette.ch\/","name":"Grillette Domaine De Cressier","description":"Les horlogers du vin","publisher":{"@id":"https:\/\/grillette.ch\/#organization"},"potentialAction":[{"@type":"SearchAction","target":{"@type":"EntryPoint","urlTemplate":"https:\/\/grillette.ch\/?s={search_term_string}"},"query-input":{"@type":"PropertyValueSpecification","valueRequired":true,"valueName":"search_term_string"}}],"inLanguage":"de"},{"@type":"Organization","@id":"https:\/\/grillette.ch\/#organization","name":"Grillette Domaine De Cressier","url":"https:\/\/grillette.ch\/","logo":{"@type":"ImageObject","inLanguage":"de","@id":"https:\/\/grillette.ch\/#\/schema\/logo\/image\/","url":"https:\/\/grillette.ch\/wp-content\/uploads\/2020\/02\/cropped-Grillette-Horlogers-positif_R-2.jpg","contentUrl":"https:\/\/grillette.ch\/wp-content\/uploads\/2020\/02\/cropped-Grillette-Horlogers-positif_R-2.jpg","width":1325,"height":415,"caption":"Grillette Domaine De Cressier"},"image":{"@id":"https:\/\/grillette.ch\/#\/schema\/logo\/image\/"},"sameAs":["https:\/\/www.instagram.com\/lagrillette"]}]}},"jetpack_sharing_enabled":true,"_links":{"self":[{"href":"https:\/\/grillette.ch\/de\/wp-json\/wp\/v2\/product\/33175"}],"collection":[{"href":"https:\/\/grillette.ch\/de\/wp-json\/wp\/v2\/product"}],"about":[{"href":"https:\/\/grillette.ch\/de\/wp-json\/wp\/v2\/types\/product"}],"wp:featuredmedia":[{"embeddable":true,"href":"https:\/\/grillette.ch\/de\/wp-json\/wp\/v2\/media\/33177"}],"wp:attachment":[{"href":"https:\/\/grillette.ch\/de\/wp-json\/wp\/v2\/media?parent=33175"}],"wp:term":[{"taxonomy":"product_brand","embeddable":true,"href":"https:\/\/grillette.ch\/de\/wp-json\/wp\/v2\/product_brand?post=33175"},{"taxonomy":"product_cat","embeddable":true,"href":"https:\/\/grillette.ch\/de\/wp-json\/wp\/v2\/product_cat?post=33175"},{"taxonomy":"product_tag","embeddable":true,"href":"https:\/\/grillette.ch\/de\/wp-json\/wp\/v2\/product_tag?post=33175"}],"curies":[{"name":"wp","href":"https:\/\/api.w.org\/{rel}","templated":true}]}}