{"id":33179,"date":"2023-01-10T07:00:00","date_gmt":"2023-01-10T06:00:00","guid":{"rendered":"https:\/\/grillette.ch\/?post_type=product&#038;p=33179"},"modified":"2026-01-08T16:49:56","modified_gmt":"2026-01-08T15:49:56","slug":"non-filtre-2024","status":"publish","type":"product","link":"https:\/\/grillette.ch\/de\/produit\/non-filtre-2024\/","title":{"rendered":"Non Filtr\u00e9 2025"},"content":{"rendered":"<p><br data-mce-bogus=\"1\"><\/p>\n","protected":false},"excerpt":{"rendered":"<p>Chasselas Non Filtr\u00e9 2025<\/p>\n<p><strong>(ACHTUNG! Wird ab dem 21. Januar 2026 geliefert)<\/strong><\/p>\n<p><\/p>\n<p>Der Neuch\u00e2tel Non Filtr\u00e9 ist eine exklusive Neuenburger Spezialit\u00e4t und zeichnet sich durch seinen sehr typischen Charakter aus.<\/p>\n<p>Die tr\u00fcbe Farbe, das Prickeln und die Frische zeichnen diesen aromatischen Wein aus. Ein Highlight sind seine exotischen Aromen.<\/p>\n<p>Der Chasselas Non Filtr\u00e9 ist ein frischer Aperitifwein, welcher aber auch hervorragend zu Spargel, S\u00fcsswasserfischen, Sauerkraut, frischen und halbharten K\u00e4sesorten oder dem traditionellen Fondue moiti\u00e9-moiti\u00e9 passt.<\/p>\n<p>Die Haltbarkeit des Weines ist sehr gut und er kann mehrere Monate nach der Abf\u00fcllung genossen werden.<\/p>\n<p><\/p>\n<p>Sie haben richtig gesehen! Wir haben die Etiketten des Non Filtr\u00e9 nicht etwa aus Versehen falsch herum aufgeklebt.Mit dieser Aktion m\u00f6chten Neuch\u00e2tel Vins et Terroir und die Neuenburger Weing\u00fcter hervorheben, wie wichtig es ist, den Non-Filtr\u00e9 vor dem \u00d6ffnen umzudrehen. Dieser Schritt widerspricht dem gesunden Menschenverstand jedes Weinkenners, ist bei diesem Wein aber n\u00f6tig, um die ruhenden Hefepartikel wieder ins Schweben zu bringen und ihm sein typisches tr\u00fcbes, Aussehen zu verleihen. Der Non Filtr\u00e9 , seit 1975 eine einzigartige Neuenburger Spezialit\u00e4t, ist der erste Schweizer Wein des Jahres. Nach einer geringen Ernte und gespannt darauf, seinen neuen Jahrgang vorzustellen, gab Henri-Alexandre Godet damals seinen Verwandten einen unfiltrierten Chasselas zum Probieren. Sie waren begeistert und so beschloss er, diesen unfiltrierten Wein jedes Jahr herzustellen und zu verkaufen. Die Neuenburger Winzer sind stolz darauf, Ihnen diesen Wein jeweils ab dem dritten Mittwoch im Januar anzubieten, wie es ein kantonaler Erlass vorsieht.<\/p>\n","protected":false},"featured_media":33181,"template":"","meta":[],"product_brand":[],"product_cat":[93,95],"product_tag":[],"class_list":{"0":"post-33179","1":"product","2":"type-product","3":"status-publish","4":"has-post-thumbnail","6":"product_cat-classique","7":"product_cat-weissweine","9":"first","10":"instock","11":"taxable","12":"shipping-taxable","13":"purchasable","14":"product-type-simple"},"yoast_head":"<!-- This site is optimized with the Yoast SEO plugin v24.3 - https:\/\/yoast.com\/wordpress\/plugins\/seo\/ -->\n<title>Non Filtr\u00e9 2025 - Grillette Domaine De Cressier<\/title>\n<meta name=\"description\" content=\"Chasselas Non Filtr\u00e9 2024. Premier vin de l&#039;ann\u00e9e 2024. Un chasselas 100% neuch\u00e2telois, id\u00e9al en ap\u00e9ritif. Nous sommes heureux de vous pr\u00e9senter notre premier vin 2024.\" \/>\n<meta name=\"robots\" content=\"index, follow, max-snippet:-1, max-image-preview:large, max-video-preview:-1\" \/>\n<link rel=\"canonical\" href=\"https:\/\/grillette.ch\/de\/produit\/non-filtre-2024\/\" \/>\n<meta property=\"og:locale\" content=\"de_DE\" \/>\n<meta property=\"og:type\" content=\"article\" \/>\n<meta property=\"og:title\" content=\"Non Filtr\u00e9 2025 - Grillette Domaine De Cressier\" \/>\n<meta property=\"og:description\" content=\"Chasselas Non Filtr\u00e9 2024. Premier vin de l&#039;ann\u00e9e 2024. Un chasselas 100% neuch\u00e2telois, id\u00e9al en ap\u00e9ritif. Nous sommes heureux de vous pr\u00e9senter notre premier vin 2024.\" \/>\n<meta property=\"og:url\" content=\"https:\/\/grillette.ch\/de\/produit\/non-filtre-2024\/\" \/>\n<meta property=\"og:site_name\" content=\"Grillette Domaine De Cressier\" \/>\n<meta property=\"article:modified_time\" content=\"2026-01-08T15:49:56+00:00\" \/>\n<meta property=\"og:image\" content=\"https:\/\/grillette.ch\/wp-content\/uploads\/2023\/01\/NOF_2022-e1687266819614.jpg\" \/>\n\t<meta property=\"og:image:width\" content=\"480\" \/>\n\t<meta property=\"og:image:height\" content=\"844\" \/>\n\t<meta property=\"og:image:type\" content=\"image\/jpeg\" \/>\n<meta name=\"twitter:card\" content=\"summary_large_image\" \/>\n<meta name=\"twitter:label1\" content=\"Gesch\u00e4tzte Lesezeit\" \/>\n\t<meta name=\"twitter:data1\" content=\"1\u00a0Minute\" \/>\n<script type=\"application\/ld+json\" class=\"yoast-schema-graph\">{\"@context\":\"https:\/\/schema.org\",\"@graph\":[{\"@type\":\"WebPage\",\"@id\":\"https:\/\/grillette.ch\/de\/produit\/non-filtre-2024\/\",\"url\":\"https:\/\/grillette.ch\/de\/produit\/non-filtre-2024\/\",\"name\":\"Non Filtr\u00e9 2025 - Grillette Domaine De Cressier\",\"isPartOf\":{\"@id\":\"https:\/\/grillette.ch\/#website\"},\"primaryImageOfPage\":{\"@id\":\"https:\/\/grillette.ch\/de\/produit\/non-filtre-2024\/#primaryimage\"},\"image\":{\"@id\":\"https:\/\/grillette.ch\/de\/produit\/non-filtre-2024\/#primaryimage\"},\"thumbnailUrl\":\"https:\/\/grillette.ch\/wp-content\/uploads\/2023\/01\/NOF_2022-e1687266819614.jpg\",\"datePublished\":\"2023-01-10T06:00:00+00:00\",\"dateModified\":\"2026-01-08T15:49:56+00:00\",\"description\":\"Chasselas Non Filtr\u00e9 2024. Premier vin de l'ann\u00e9e 2024. Un chasselas 100% neuch\u00e2telois, id\u00e9al en ap\u00e9ritif. Nous sommes heureux de vous pr\u00e9senter notre premier vin 2024.\",\"breadcrumb\":{\"@id\":\"https:\/\/grillette.ch\/de\/produit\/non-filtre-2024\/#breadcrumb\"},\"inLanguage\":\"de\",\"potentialAction\":[{\"@type\":\"ReadAction\",\"target\":[\"https:\/\/grillette.ch\/de\/produit\/non-filtre-2024\/\"]}]},{\"@type\":\"ImageObject\",\"inLanguage\":\"de\",\"@id\":\"https:\/\/grillette.ch\/de\/produit\/non-filtre-2024\/#primaryimage\",\"url\":\"https:\/\/grillette.ch\/wp-content\/uploads\/2023\/01\/NOF_2022-e1687266819614.jpg\",\"contentUrl\":\"https:\/\/grillette.ch\/wp-content\/uploads\/2023\/01\/NOF_2022-e1687266819614.jpg\",\"width\":480,\"height\":844,\"caption\":\"Non Filtr\u00e9 2022\"},{\"@type\":\"BreadcrumbList\",\"@id\":\"https:\/\/grillette.ch\/de\/produit\/non-filtre-2024\/#breadcrumb\",\"itemListElement\":[{\"@type\":\"ListItem\",\"position\":1,\"name\":\"Accueil\",\"item\":\"https:\/\/grillette.ch\/de\/startseite\/\"},{\"@type\":\"ListItem\",\"position\":2,\"name\":\"Die Boutique\",\"item\":\"https:\/\/grillette.ch\/de\/die-boutique\/\"},{\"@type\":\"ListItem\",\"position\":3,\"name\":\"Non Filtr\u00e9 2025\"}]},{\"@type\":\"WebSite\",\"@id\":\"https:\/\/grillette.ch\/#website\",\"url\":\"https:\/\/grillette.ch\/\",\"name\":\"Grillette Domaine De Cressier\",\"description\":\"Les horlogers du vin\",\"publisher\":{\"@id\":\"https:\/\/grillette.ch\/#organization\"},\"potentialAction\":[{\"@type\":\"SearchAction\",\"target\":{\"@type\":\"EntryPoint\",\"urlTemplate\":\"https:\/\/grillette.ch\/?s={search_term_string}\"},\"query-input\":{\"@type\":\"PropertyValueSpecification\",\"valueRequired\":true,\"valueName\":\"search_term_string\"}}],\"inLanguage\":\"de\"},{\"@type\":\"Organization\",\"@id\":\"https:\/\/grillette.ch\/#organization\",\"name\":\"Grillette Domaine De Cressier\",\"url\":\"https:\/\/grillette.ch\/\",\"logo\":{\"@type\":\"ImageObject\",\"inLanguage\":\"de\",\"@id\":\"https:\/\/grillette.ch\/#\/schema\/logo\/image\/\",\"url\":\"https:\/\/grillette.ch\/wp-content\/uploads\/2020\/02\/cropped-Grillette-Horlogers-positif_R-2.jpg\",\"contentUrl\":\"https:\/\/grillette.ch\/wp-content\/uploads\/2020\/02\/cropped-Grillette-Horlogers-positif_R-2.jpg\",\"width\":1325,\"height\":415,\"caption\":\"Grillette Domaine De Cressier\"},\"image\":{\"@id\":\"https:\/\/grillette.ch\/#\/schema\/logo\/image\/\"},\"sameAs\":[\"https:\/\/www.instagram.com\/lagrillette\"]}]}<\/script>\n<!-- \/ Yoast SEO plugin. -->","yoast_head_json":{"title":"Non Filtr\u00e9 2025 - Grillette Domaine De Cressier","description":"Chasselas Non Filtr\u00e9 2024. Premier vin de l'ann\u00e9e 2024. Un chasselas 100% neuch\u00e2telois, id\u00e9al en ap\u00e9ritif. Nous sommes heureux de vous pr\u00e9senter notre premier vin 2024.","robots":{"index":"index","follow":"follow","max-snippet":"max-snippet:-1","max-image-preview":"max-image-preview:large","max-video-preview":"max-video-preview:-1"},"canonical":"https:\/\/grillette.ch\/de\/produit\/non-filtre-2024\/","og_locale":"de_DE","og_type":"article","og_title":"Non Filtr\u00e9 2025 - Grillette Domaine De Cressier","og_description":"Chasselas Non Filtr\u00e9 2024. Premier vin de l'ann\u00e9e 2024. Un chasselas 100% neuch\u00e2telois, id\u00e9al en ap\u00e9ritif. Nous sommes heureux de vous pr\u00e9senter notre premier vin 2024.","og_url":"https:\/\/grillette.ch\/de\/produit\/non-filtre-2024\/","og_site_name":"Grillette Domaine De Cressier","article_modified_time":"2026-01-08T15:49:56+00:00","og_image":[{"width":480,"height":844,"url":"https:\/\/grillette.ch\/wp-content\/uploads\/2023\/01\/NOF_2022-e1687266819614.jpg","type":"image\/jpeg"}],"twitter_card":"summary_large_image","twitter_misc":{"Gesch\u00e4tzte Lesezeit":"1\u00a0Minute"},"schema":{"@context":"https:\/\/schema.org","@graph":[{"@type":"WebPage","@id":"https:\/\/grillette.ch\/de\/produit\/non-filtre-2024\/","url":"https:\/\/grillette.ch\/de\/produit\/non-filtre-2024\/","name":"Non Filtr\u00e9 2025 - Grillette Domaine De Cressier","isPartOf":{"@id":"https:\/\/grillette.ch\/#website"},"primaryImageOfPage":{"@id":"https:\/\/grillette.ch\/de\/produit\/non-filtre-2024\/#primaryimage"},"image":{"@id":"https:\/\/grillette.ch\/de\/produit\/non-filtre-2024\/#primaryimage"},"thumbnailUrl":"https:\/\/grillette.ch\/wp-content\/uploads\/2023\/01\/NOF_2022-e1687266819614.jpg","datePublished":"2023-01-10T06:00:00+00:00","dateModified":"2026-01-08T15:49:56+00:00","description":"Chasselas Non Filtr\u00e9 2024. Premier vin de l'ann\u00e9e 2024. Un chasselas 100% neuch\u00e2telois, id\u00e9al en ap\u00e9ritif. Nous sommes heureux de vous pr\u00e9senter notre premier vin 2024.","breadcrumb":{"@id":"https:\/\/grillette.ch\/de\/produit\/non-filtre-2024\/#breadcrumb"},"inLanguage":"de","potentialAction":[{"@type":"ReadAction","target":["https:\/\/grillette.ch\/de\/produit\/non-filtre-2024\/"]}]},{"@type":"ImageObject","inLanguage":"de","@id":"https:\/\/grillette.ch\/de\/produit\/non-filtre-2024\/#primaryimage","url":"https:\/\/grillette.ch\/wp-content\/uploads\/2023\/01\/NOF_2022-e1687266819614.jpg","contentUrl":"https:\/\/grillette.ch\/wp-content\/uploads\/2023\/01\/NOF_2022-e1687266819614.jpg","width":480,"height":844,"caption":"Non Filtr\u00e9 2022"},{"@type":"BreadcrumbList","@id":"https:\/\/grillette.ch\/de\/produit\/non-filtre-2024\/#breadcrumb","itemListElement":[{"@type":"ListItem","position":1,"name":"Accueil","item":"https:\/\/grillette.ch\/de\/startseite\/"},{"@type":"ListItem","position":2,"name":"Die Boutique","item":"https:\/\/grillette.ch\/de\/die-boutique\/"},{"@type":"ListItem","position":3,"name":"Non Filtr\u00e9 2025"}]},{"@type":"WebSite","@id":"https:\/\/grillette.ch\/#website","url":"https:\/\/grillette.ch\/","name":"Grillette Domaine De Cressier","description":"Les horlogers du vin","publisher":{"@id":"https:\/\/grillette.ch\/#organization"},"potentialAction":[{"@type":"SearchAction","target":{"@type":"EntryPoint","urlTemplate":"https:\/\/grillette.ch\/?s={search_term_string}"},"query-input":{"@type":"PropertyValueSpecification","valueRequired":true,"valueName":"search_term_string"}}],"inLanguage":"de"},{"@type":"Organization","@id":"https:\/\/grillette.ch\/#organization","name":"Grillette Domaine De Cressier","url":"https:\/\/grillette.ch\/","logo":{"@type":"ImageObject","inLanguage":"de","@id":"https:\/\/grillette.ch\/#\/schema\/logo\/image\/","url":"https:\/\/grillette.ch\/wp-content\/uploads\/2020\/02\/cropped-Grillette-Horlogers-positif_R-2.jpg","contentUrl":"https:\/\/grillette.ch\/wp-content\/uploads\/2020\/02\/cropped-Grillette-Horlogers-positif_R-2.jpg","width":1325,"height":415,"caption":"Grillette Domaine De Cressier"},"image":{"@id":"https:\/\/grillette.ch\/#\/schema\/logo\/image\/"},"sameAs":["https:\/\/www.instagram.com\/lagrillette"]}]}},"jetpack_sharing_enabled":true,"_links":{"self":[{"href":"https:\/\/grillette.ch\/de\/wp-json\/wp\/v2\/product\/33179"}],"collection":[{"href":"https:\/\/grillette.ch\/de\/wp-json\/wp\/v2\/product"}],"about":[{"href":"https:\/\/grillette.ch\/de\/wp-json\/wp\/v2\/types\/product"}],"wp:featuredmedia":[{"embeddable":true,"href":"https:\/\/grillette.ch\/de\/wp-json\/wp\/v2\/media\/33181"}],"wp:attachment":[{"href":"https:\/\/grillette.ch\/de\/wp-json\/wp\/v2\/media?parent=33179"}],"wp:term":[{"taxonomy":"product_brand","embeddable":true,"href":"https:\/\/grillette.ch\/de\/wp-json\/wp\/v2\/product_brand?post=33179"},{"taxonomy":"product_cat","embeddable":true,"href":"https:\/\/grillette.ch\/de\/wp-json\/wp\/v2\/product_cat?post=33179"},{"taxonomy":"product_tag","embeddable":true,"href":"https:\/\/grillette.ch\/de\/wp-json\/wp\/v2\/product_tag?post=33179"}],"curies":[{"name":"wp","href":"https:\/\/api.w.org\/{rel}","templated":true}]}}