{"id":33401,"date":"2023-07-14T08:57:33","date_gmt":"2023-07-14T06:57:33","guid":{"rendered":"https:\/\/grillette.ch\/?post_type=product&#038;p=33401"},"modified":"2026-01-08T08:55:04","modified_gmt":"2026-01-08T07:55:04","slug":"cabernet-franc-passerille-vernissage-le-palin-magnum","status":"publish","type":"product","link":"https:\/\/grillette.ch\/de\/produit\/cabernet-franc-passerille-vernissage-le-palin-magnum\/","title":{"rendered":"Cabernet Franc Passerill\u00e9 Vernissage &#8222;Le Palin&#8220; Magnum 2023"},"content":{"rendered":"","protected":false},"excerpt":{"rendered":"<p>Jahrgang 2023.<\/p>\n<p>100% Cabernet Franc, 18 Monate im Barrique.<\/p>\n<p>Die Trauben werden in kleinen Kisten geerntet und vor dem Pressen Luftgetrocknet getrocknet. Die Mazeration und Fermentation erfolgen in offenen Barriques \u00fcber einen Zeitraum von drei Wochen.<\/p>\n<p>Tief granatrote Farbe. Verstr\u00f6mt Aromen von N\u00fcssen, Kaffee und gekochten Pflaumen. Sehr vielschichtig strukturiert mit feinen und gut unterst\u00fctzten Tanninen. Am Gaumen dr\u00fcckt die Erinnerung an sehr reife rote Fr\u00fcchte einen aussergew\u00f6hnlichen Reichtum aus.<\/p>\n<p>Passt hervorragend zu rotem Fleisch, Wild und K\u00e4se mit grossartigem Charakter, wie auch zu Blauschimmelk\u00e4se. Hervorragend in Kombination mit Schokolade.<\/p>\n<p>Empfohlene Serviertemperatur: 14 \u201316 \u00b0C<\/p>\n<p>&nbsp;<\/p>\n<p><em>Enth\u00e4lt Sulfite &#8211; Vin de pays des trois-lacs &#8211; 16% vol.<\/em><\/p>\n","protected":false},"featured_media":31498,"template":"","meta":[],"product_brand":[],"product_cat":[91,90],"product_tag":[],"class_list":{"0":"post-33401","1":"product","2":"type-product","3":"status-publish","4":"has-post-thumbnail","6":"product_cat-rotweine","7":"product_cat-vernissage","9":"first","10":"instock","11":"taxable","12":"shipping-taxable","13":"purchasable","14":"product-type-simple"},"yoast_head":"<!-- This site is optimized with the Yoast SEO plugin v24.3 - https:\/\/yoast.com\/wordpress\/plugins\/seo\/ -->\n<title>Cabernet Franc Passerill\u00e9 Vernissage &quot;Le Palin&quot; Magnum 2023 - Grillette Domaine De Cressier<\/title>\n<meta name=\"robots\" content=\"index, follow, max-snippet:-1, max-image-preview:large, max-video-preview:-1\" \/>\n<link rel=\"canonical\" href=\"https:\/\/grillette.ch\/de\/produit\/cabernet-franc-passerille-vernissage-le-palin-magnum\/\" \/>\n<meta property=\"og:locale\" content=\"de_DE\" \/>\n<meta property=\"og:type\" content=\"article\" \/>\n<meta property=\"og:title\" content=\"Cabernet Franc Passerill\u00e9 Vernissage &quot;Le Palin&quot; Magnum 2023 - Grillette Domaine De Cressier\" \/>\n<meta property=\"og:description\" content=\"Jahrgang 2023.  100% Cabernet Franc, 18 Monate im Barrique.  Die Trauben werden in kleinen Kisten geerntet und vor dem Pressen Luftgetrocknet getrocknet. Die Mazeration und Fermentation erfolgen in offenen Barriques \u00fcber einen Zeitraum von drei Wochen.  Tief granatrote Farbe. Verstr\u00f6mt Aromen von N\u00fcssen, Kaffee und gekochten Pflaumen. Sehr vielschichtig strukturiert mit feinen und gut unterst\u00fctzten Tanninen. Am Gaumen dr\u00fcckt die Erinnerung an sehr reife rote Fr\u00fcchte einen aussergew\u00f6hnlichen Reichtum aus.  Passt hervorragend zu rotem Fleisch, Wild und K\u00e4se mit grossartigem Charakter, wie auch zu Blauschimmelk\u00e4se. Hervorragend in Kombination mit Schokolade.  Empfohlene Serviertemperatur: 14 \u201316 \u00b0C  &nbsp;  Enth\u00e4lt Sulfite - Vin de pays des trois-lacs - 16% vol.\" \/>\n<meta property=\"og:url\" content=\"https:\/\/grillette.ch\/de\/produit\/cabernet-franc-passerille-vernissage-le-palin-magnum\/\" \/>\n<meta property=\"og:site_name\" content=\"Grillette Domaine De Cressier\" \/>\n<meta property=\"article:modified_time\" content=\"2026-01-08T07:55:04+00:00\" \/>\n<meta property=\"og:image\" content=\"https:\/\/grillette.ch\/wp-content\/uploads\/2020\/05\/CFP-Magnum.jpg\" \/>\n\t<meta property=\"og:image:width\" content=\"800\" \/>\n\t<meta property=\"og:image:height\" content=\"1406\" \/>\n\t<meta property=\"og:image:type\" content=\"image\/jpeg\" \/>\n<meta name=\"twitter:card\" content=\"summary_large_image\" \/>\n<meta name=\"twitter:label1\" content=\"Gesch\u00e4tzte Lesezeit\" \/>\n\t<meta name=\"twitter:data1\" content=\"1\u00a0Minute\" \/>\n<script type=\"application\/ld+json\" class=\"yoast-schema-graph\">{\"@context\":\"https:\/\/schema.org\",\"@graph\":[{\"@type\":\"WebPage\",\"@id\":\"https:\/\/grillette.ch\/de\/produit\/cabernet-franc-passerille-vernissage-le-palin-magnum\/\",\"url\":\"https:\/\/grillette.ch\/de\/produit\/cabernet-franc-passerille-vernissage-le-palin-magnum\/\",\"name\":\"Cabernet Franc Passerill\u00e9 Vernissage \\\"Le Palin\\\" Magnum 2023 - Grillette Domaine De Cressier\",\"isPartOf\":{\"@id\":\"https:\/\/grillette.ch\/#website\"},\"primaryImageOfPage\":{\"@id\":\"https:\/\/grillette.ch\/de\/produit\/cabernet-franc-passerille-vernissage-le-palin-magnum\/#primaryimage\"},\"image\":{\"@id\":\"https:\/\/grillette.ch\/de\/produit\/cabernet-franc-passerille-vernissage-le-palin-magnum\/#primaryimage\"},\"thumbnailUrl\":\"https:\/\/grillette.ch\/wp-content\/uploads\/2020\/05\/CFP-Magnum.jpg\",\"datePublished\":\"2023-07-14T06:57:33+00:00\",\"dateModified\":\"2026-01-08T07:55:04+00:00\",\"breadcrumb\":{\"@id\":\"https:\/\/grillette.ch\/de\/produit\/cabernet-franc-passerille-vernissage-le-palin-magnum\/#breadcrumb\"},\"inLanguage\":\"de\",\"potentialAction\":[{\"@type\":\"ReadAction\",\"target\":[\"https:\/\/grillette.ch\/de\/produit\/cabernet-franc-passerille-vernissage-le-palin-magnum\/\"]}]},{\"@type\":\"ImageObject\",\"inLanguage\":\"de\",\"@id\":\"https:\/\/grillette.ch\/de\/produit\/cabernet-franc-passerille-vernissage-le-palin-magnum\/#primaryimage\",\"url\":\"https:\/\/grillette.ch\/wp-content\/uploads\/2020\/05\/CFP-Magnum.jpg\",\"contentUrl\":\"https:\/\/grillette.ch\/wp-content\/uploads\/2020\/05\/CFP-Magnum.jpg\",\"width\":800,\"height\":1406},{\"@type\":\"BreadcrumbList\",\"@id\":\"https:\/\/grillette.ch\/de\/produit\/cabernet-franc-passerille-vernissage-le-palin-magnum\/#breadcrumb\",\"itemListElement\":[{\"@type\":\"ListItem\",\"position\":1,\"name\":\"Accueil\",\"item\":\"https:\/\/grillette.ch\/de\/startseite\/\"},{\"@type\":\"ListItem\",\"position\":2,\"name\":\"Die Boutique\",\"item\":\"https:\/\/grillette.ch\/de\/die-boutique\/\"},{\"@type\":\"ListItem\",\"position\":3,\"name\":\"Cabernet Franc Passerill\u00e9 Vernissage \u00ab\u00a0Le Palin\u00a0\u00bb Magnum 2023\"}]},{\"@type\":\"WebSite\",\"@id\":\"https:\/\/grillette.ch\/#website\",\"url\":\"https:\/\/grillette.ch\/\",\"name\":\"Grillette Domaine De Cressier\",\"description\":\"Les horlogers du vin\",\"publisher\":{\"@id\":\"https:\/\/grillette.ch\/#organization\"},\"potentialAction\":[{\"@type\":\"SearchAction\",\"target\":{\"@type\":\"EntryPoint\",\"urlTemplate\":\"https:\/\/grillette.ch\/?s={search_term_string}\"},\"query-input\":{\"@type\":\"PropertyValueSpecification\",\"valueRequired\":true,\"valueName\":\"search_term_string\"}}],\"inLanguage\":\"de\"},{\"@type\":\"Organization\",\"@id\":\"https:\/\/grillette.ch\/#organization\",\"name\":\"Grillette Domaine De Cressier\",\"url\":\"https:\/\/grillette.ch\/\",\"logo\":{\"@type\":\"ImageObject\",\"inLanguage\":\"de\",\"@id\":\"https:\/\/grillette.ch\/#\/schema\/logo\/image\/\",\"url\":\"https:\/\/grillette.ch\/wp-content\/uploads\/2020\/02\/cropped-Grillette-Horlogers-positif_R-2.jpg\",\"contentUrl\":\"https:\/\/grillette.ch\/wp-content\/uploads\/2020\/02\/cropped-Grillette-Horlogers-positif_R-2.jpg\",\"width\":1325,\"height\":415,\"caption\":\"Grillette Domaine De Cressier\"},\"image\":{\"@id\":\"https:\/\/grillette.ch\/#\/schema\/logo\/image\/\"},\"sameAs\":[\"https:\/\/www.instagram.com\/lagrillette\"]}]}<\/script>\n<!-- \/ Yoast SEO plugin. -->","yoast_head_json":{"title":"Cabernet Franc Passerill\u00e9 Vernissage \"Le Palin\" Magnum 2023 - Grillette Domaine De Cressier","robots":{"index":"index","follow":"follow","max-snippet":"max-snippet:-1","max-image-preview":"max-image-preview:large","max-video-preview":"max-video-preview:-1"},"canonical":"https:\/\/grillette.ch\/de\/produit\/cabernet-franc-passerille-vernissage-le-palin-magnum\/","og_locale":"de_DE","og_type":"article","og_title":"Cabernet Franc Passerill\u00e9 Vernissage \"Le Palin\" Magnum 2023 - Grillette Domaine De Cressier","og_description":"Jahrgang 2023.  100% Cabernet Franc, 18 Monate im Barrique.  Die Trauben werden in kleinen Kisten geerntet und vor dem Pressen Luftgetrocknet getrocknet. Die Mazeration und Fermentation erfolgen in offenen Barriques \u00fcber einen Zeitraum von drei Wochen.  Tief granatrote Farbe. Verstr\u00f6mt Aromen von N\u00fcssen, Kaffee und gekochten Pflaumen. Sehr vielschichtig strukturiert mit feinen und gut unterst\u00fctzten Tanninen. Am Gaumen dr\u00fcckt die Erinnerung an sehr reife rote Fr\u00fcchte einen aussergew\u00f6hnlichen Reichtum aus.  Passt hervorragend zu rotem Fleisch, Wild und K\u00e4se mit grossartigem Charakter, wie auch zu Blauschimmelk\u00e4se. Hervorragend in Kombination mit Schokolade.  Empfohlene Serviertemperatur: 14 \u201316 \u00b0C  &nbsp;  Enth\u00e4lt Sulfite - Vin de pays des trois-lacs - 16% vol.","og_url":"https:\/\/grillette.ch\/de\/produit\/cabernet-franc-passerille-vernissage-le-palin-magnum\/","og_site_name":"Grillette Domaine De Cressier","article_modified_time":"2026-01-08T07:55:04+00:00","og_image":[{"width":800,"height":1406,"url":"https:\/\/grillette.ch\/wp-content\/uploads\/2020\/05\/CFP-Magnum.jpg","type":"image\/jpeg"}],"twitter_card":"summary_large_image","twitter_misc":{"Gesch\u00e4tzte Lesezeit":"1\u00a0Minute"},"schema":{"@context":"https:\/\/schema.org","@graph":[{"@type":"WebPage","@id":"https:\/\/grillette.ch\/de\/produit\/cabernet-franc-passerille-vernissage-le-palin-magnum\/","url":"https:\/\/grillette.ch\/de\/produit\/cabernet-franc-passerille-vernissage-le-palin-magnum\/","name":"Cabernet Franc Passerill\u00e9 Vernissage \"Le Palin\" Magnum 2023 - Grillette Domaine De Cressier","isPartOf":{"@id":"https:\/\/grillette.ch\/#website"},"primaryImageOfPage":{"@id":"https:\/\/grillette.ch\/de\/produit\/cabernet-franc-passerille-vernissage-le-palin-magnum\/#primaryimage"},"image":{"@id":"https:\/\/grillette.ch\/de\/produit\/cabernet-franc-passerille-vernissage-le-palin-magnum\/#primaryimage"},"thumbnailUrl":"https:\/\/grillette.ch\/wp-content\/uploads\/2020\/05\/CFP-Magnum.jpg","datePublished":"2023-07-14T06:57:33+00:00","dateModified":"2026-01-08T07:55:04+00:00","breadcrumb":{"@id":"https:\/\/grillette.ch\/de\/produit\/cabernet-franc-passerille-vernissage-le-palin-magnum\/#breadcrumb"},"inLanguage":"de","potentialAction":[{"@type":"ReadAction","target":["https:\/\/grillette.ch\/de\/produit\/cabernet-franc-passerille-vernissage-le-palin-magnum\/"]}]},{"@type":"ImageObject","inLanguage":"de","@id":"https:\/\/grillette.ch\/de\/produit\/cabernet-franc-passerille-vernissage-le-palin-magnum\/#primaryimage","url":"https:\/\/grillette.ch\/wp-content\/uploads\/2020\/05\/CFP-Magnum.jpg","contentUrl":"https:\/\/grillette.ch\/wp-content\/uploads\/2020\/05\/CFP-Magnum.jpg","width":800,"height":1406},{"@type":"BreadcrumbList","@id":"https:\/\/grillette.ch\/de\/produit\/cabernet-franc-passerille-vernissage-le-palin-magnum\/#breadcrumb","itemListElement":[{"@type":"ListItem","position":1,"name":"Accueil","item":"https:\/\/grillette.ch\/de\/startseite\/"},{"@type":"ListItem","position":2,"name":"Die Boutique","item":"https:\/\/grillette.ch\/de\/die-boutique\/"},{"@type":"ListItem","position":3,"name":"Cabernet Franc Passerill\u00e9 Vernissage \u00ab\u00a0Le Palin\u00a0\u00bb Magnum 2023"}]},{"@type":"WebSite","@id":"https:\/\/grillette.ch\/#website","url":"https:\/\/grillette.ch\/","name":"Grillette Domaine De Cressier","description":"Les horlogers du vin","publisher":{"@id":"https:\/\/grillette.ch\/#organization"},"potentialAction":[{"@type":"SearchAction","target":{"@type":"EntryPoint","urlTemplate":"https:\/\/grillette.ch\/?s={search_term_string}"},"query-input":{"@type":"PropertyValueSpecification","valueRequired":true,"valueName":"search_term_string"}}],"inLanguage":"de"},{"@type":"Organization","@id":"https:\/\/grillette.ch\/#organization","name":"Grillette Domaine De Cressier","url":"https:\/\/grillette.ch\/","logo":{"@type":"ImageObject","inLanguage":"de","@id":"https:\/\/grillette.ch\/#\/schema\/logo\/image\/","url":"https:\/\/grillette.ch\/wp-content\/uploads\/2020\/02\/cropped-Grillette-Horlogers-positif_R-2.jpg","contentUrl":"https:\/\/grillette.ch\/wp-content\/uploads\/2020\/02\/cropped-Grillette-Horlogers-positif_R-2.jpg","width":1325,"height":415,"caption":"Grillette Domaine De Cressier"},"image":{"@id":"https:\/\/grillette.ch\/#\/schema\/logo\/image\/"},"sameAs":["https:\/\/www.instagram.com\/lagrillette"]}]}},"jetpack_sharing_enabled":true,"_links":{"self":[{"href":"https:\/\/grillette.ch\/de\/wp-json\/wp\/v2\/product\/33401"}],"collection":[{"href":"https:\/\/grillette.ch\/de\/wp-json\/wp\/v2\/product"}],"about":[{"href":"https:\/\/grillette.ch\/de\/wp-json\/wp\/v2\/types\/product"}],"wp:featuredmedia":[{"embeddable":true,"href":"https:\/\/grillette.ch\/de\/wp-json\/wp\/v2\/media\/31498"}],"wp:attachment":[{"href":"https:\/\/grillette.ch\/de\/wp-json\/wp\/v2\/media?parent=33401"}],"wp:term":[{"taxonomy":"product_brand","embeddable":true,"href":"https:\/\/grillette.ch\/de\/wp-json\/wp\/v2\/product_brand?post=33401"},{"taxonomy":"product_cat","embeddable":true,"href":"https:\/\/grillette.ch\/de\/wp-json\/wp\/v2\/product_cat?post=33401"},{"taxonomy":"product_tag","embeddable":true,"href":"https:\/\/grillette.ch\/de\/wp-json\/wp\/v2\/product_tag?post=33401"}],"curies":[{"name":"wp","href":"https:\/\/api.w.org\/{rel}","templated":true}]}}