{"id":33961,"date":"2024-07-18T08:00:45","date_gmt":"2024-07-03T12:50:45","guid":{"rendered":"https:\/\/grillette.ch\/?post_type=product&#038;p=33961"},"modified":"2024-12-19T11:02:50","modified_gmt":"2024-12-19T10:02:50","slug":"poster-grillette-praezision-und-roseweine","status":"publish","type":"product","link":"https:\/\/grillette.ch\/de\/produit\/poster-grillette-praezision-und-roseweine\/","title":{"rendered":"Poster Grillette \u201ePr\u00e4zision &#038; Ros\u00e9weine\u201c"},"content":{"rendered":"","protected":false},"excerpt":{"rendered":"<p>Kaufen Sie das Poster und feiern Sie mit uns!<br \/>\nOb Sie nun Weinliebhaber, passionierter Sammler oder einfach auf der Suche nach einem originellen Souvenir sind, kaufen Sie unser Poster im A3-Format.<\/p>\n<p>Ein h\u00fcbsches Souvenir, das Sie sicherlich an die emotionalen Momente erinnern wird, die Sie in La Grillette und in der Region verbracht haben.<\/p>\n<p>&nbsp;<\/p>\n<p>Anl\u00e4sslich unseres 140-j\u00e4hrigen Jubil\u00e4ums haben wir eine Reihe von Bildern entwickelt, die unser Terroir und unsere Philosophie illustrieren.<\/p>\n<p>Diese minimalistischen Plakate, die Kunst und modernes Design mit einem Vintage-Stil vermischen, heben unser Terroir hervor, indem sie an ikonische Orte unserer Region erinnern. Jedes Poster ist ein Kunstwerk f\u00fcr sich, das sorgf\u00e4ltig gestaltet wurde, um unsere Leidenschaft widerzuspiegeln. Inspiriert von der zeitlosen Sch\u00f6nheit der Orte, die uns umgeben, fesseln diese Poster die Fantasie und laden dazu ein, das Wesen unseres Weinguts zu entdecken. Sie sind eine wahre Erfassung des Geistes von La Grillette.<\/p>\n","protected":false},"featured_media":33963,"template":"","meta":[],"product_brand":[],"product_cat":[109,103],"product_tag":[],"class_list":{"0":"post-33961","1":"product","2":"type-product","3":"status-publish","4":"has-post-thumbnail","6":"product_cat-geschenk-box","7":"product_cat-zubehor","9":"first","10":"instock","11":"taxable","12":"shipping-taxable","13":"purchasable","14":"product-type-simple"},"yoast_head":"<!-- This site is optimized with the Yoast SEO plugin v24.3 - https:\/\/yoast.com\/wordpress\/plugins\/seo\/ -->\n<title>Poster Grillette \u201ePr\u00e4zision &amp; Ros\u00e9weine\u201c - Grillette Domaine De Cressier<\/title>\n<meta name=\"description\" content=\"Poster grillette &quot;innovation und Weissweine&quot; - Grillette Geburstag\" \/>\n<meta name=\"robots\" content=\"index, follow, max-snippet:-1, max-image-preview:large, max-video-preview:-1\" \/>\n<link rel=\"canonical\" href=\"https:\/\/grillette.ch\/de\/produit\/poster-grillette-praezision-und-roseweine\/\" \/>\n<meta property=\"og:locale\" content=\"de_DE\" \/>\n<meta property=\"og:type\" content=\"article\" \/>\n<meta property=\"og:title\" content=\"Poster Grillette \u201ePr\u00e4zision &amp; Ros\u00e9weine\u201c - Grillette Domaine De Cressier\" \/>\n<meta property=\"og:description\" content=\"Poster grillette &quot;innovation und Weissweine&quot; - Grillette Geburstag\" \/>\n<meta property=\"og:url\" content=\"https:\/\/grillette.ch\/de\/produit\/poster-grillette-praezision-und-roseweine\/\" \/>\n<meta property=\"og:site_name\" content=\"Grillette Domaine De Cressier\" \/>\n<meta property=\"article:modified_time\" content=\"2024-12-19T10:02:50+00:00\" \/>\n<meta property=\"og:image\" content=\"https:\/\/grillette.ch\/wp-content\/uploads\/2024\/07\/Affiche-1-scaled.jpg\" \/>\n\t<meta property=\"og:image:width\" content=\"1815\" \/>\n\t<meta property=\"og:image:height\" content=\"2560\" \/>\n\t<meta property=\"og:image:type\" content=\"image\/jpeg\" \/>\n<meta name=\"twitter:card\" content=\"summary_large_image\" \/>\n<meta name=\"twitter:label1\" content=\"Gesch\u00e4tzte Lesezeit\" \/>\n\t<meta name=\"twitter:data1\" content=\"1\u00a0Minute\" \/>\n<script type=\"application\/ld+json\" class=\"yoast-schema-graph\">{\"@context\":\"https:\/\/schema.org\",\"@graph\":[{\"@type\":\"WebPage\",\"@id\":\"https:\/\/grillette.ch\/de\/produit\/poster-grillette-praezision-und-roseweine\/\",\"url\":\"https:\/\/grillette.ch\/de\/produit\/poster-grillette-praezision-und-roseweine\/\",\"name\":\"Poster Grillette \u201ePr\u00e4zision & Ros\u00e9weine\u201c - Grillette Domaine De Cressier\",\"isPartOf\":{\"@id\":\"https:\/\/grillette.ch\/#website\"},\"primaryImageOfPage\":{\"@id\":\"https:\/\/grillette.ch\/de\/produit\/poster-grillette-praezision-und-roseweine\/#primaryimage\"},\"image\":{\"@id\":\"https:\/\/grillette.ch\/de\/produit\/poster-grillette-praezision-und-roseweine\/#primaryimage\"},\"thumbnailUrl\":\"https:\/\/grillette.ch\/wp-content\/uploads\/2024\/07\/Affiche-1-scaled.jpg\",\"datePublished\":\"2024-07-03T12:50:45+00:00\",\"dateModified\":\"2024-12-19T10:02:50+00:00\",\"description\":\"Poster grillette \\\"innovation und Weissweine\\\" - Grillette Geburstag\",\"breadcrumb\":{\"@id\":\"https:\/\/grillette.ch\/de\/produit\/poster-grillette-praezision-und-roseweine\/#breadcrumb\"},\"inLanguage\":\"de\",\"potentialAction\":[{\"@type\":\"ReadAction\",\"target\":[\"https:\/\/grillette.ch\/de\/produit\/poster-grillette-praezision-und-roseweine\/\"]}]},{\"@type\":\"ImageObject\",\"inLanguage\":\"de\",\"@id\":\"https:\/\/grillette.ch\/de\/produit\/poster-grillette-praezision-und-roseweine\/#primaryimage\",\"url\":\"https:\/\/grillette.ch\/wp-content\/uploads\/2024\/07\/Affiche-1-scaled.jpg\",\"contentUrl\":\"https:\/\/grillette.ch\/wp-content\/uploads\/2024\/07\/Affiche-1-scaled.jpg\",\"width\":1815,\"height\":2560,\"caption\":\"Affiche Grillette La pr\u00e9cision et les vins ros\u00e9s\"},{\"@type\":\"BreadcrumbList\",\"@id\":\"https:\/\/grillette.ch\/de\/produit\/poster-grillette-praezision-und-roseweine\/#breadcrumb\",\"itemListElement\":[{\"@type\":\"ListItem\",\"position\":1,\"name\":\"Accueil\",\"item\":\"https:\/\/grillette.ch\/de\/startseite\/\"},{\"@type\":\"ListItem\",\"position\":2,\"name\":\"Die Boutique\",\"item\":\"https:\/\/grillette.ch\/de\/die-boutique\/\"},{\"@type\":\"ListItem\",\"position\":3,\"name\":\"Poster Grillette \u201ePr\u00e4zision &#038; Ros\u00e9weine\u201c\"}]},{\"@type\":\"WebSite\",\"@id\":\"https:\/\/grillette.ch\/#website\",\"url\":\"https:\/\/grillette.ch\/\",\"name\":\"Grillette Domaine De Cressier\",\"description\":\"Les horlogers du vin\",\"publisher\":{\"@id\":\"https:\/\/grillette.ch\/#organization\"},\"potentialAction\":[{\"@type\":\"SearchAction\",\"target\":{\"@type\":\"EntryPoint\",\"urlTemplate\":\"https:\/\/grillette.ch\/?s={search_term_string}\"},\"query-input\":{\"@type\":\"PropertyValueSpecification\",\"valueRequired\":true,\"valueName\":\"search_term_string\"}}],\"inLanguage\":\"de\"},{\"@type\":\"Organization\",\"@id\":\"https:\/\/grillette.ch\/#organization\",\"name\":\"Grillette Domaine De Cressier\",\"url\":\"https:\/\/grillette.ch\/\",\"logo\":{\"@type\":\"ImageObject\",\"inLanguage\":\"de\",\"@id\":\"https:\/\/grillette.ch\/#\/schema\/logo\/image\/\",\"url\":\"https:\/\/grillette.ch\/wp-content\/uploads\/2020\/02\/cropped-Grillette-Horlogers-positif_R-2.jpg\",\"contentUrl\":\"https:\/\/grillette.ch\/wp-content\/uploads\/2020\/02\/cropped-Grillette-Horlogers-positif_R-2.jpg\",\"width\":1325,\"height\":415,\"caption\":\"Grillette Domaine De Cressier\"},\"image\":{\"@id\":\"https:\/\/grillette.ch\/#\/schema\/logo\/image\/\"},\"sameAs\":[\"https:\/\/www.instagram.com\/lagrillette\"]}]}<\/script>\n<!-- \/ Yoast SEO plugin. -->","yoast_head_json":{"title":"Poster Grillette \u201ePr\u00e4zision & Ros\u00e9weine\u201c - Grillette Domaine De Cressier","description":"Poster grillette \"innovation und Weissweine\" - Grillette Geburstag","robots":{"index":"index","follow":"follow","max-snippet":"max-snippet:-1","max-image-preview":"max-image-preview:large","max-video-preview":"max-video-preview:-1"},"canonical":"https:\/\/grillette.ch\/de\/produit\/poster-grillette-praezision-und-roseweine\/","og_locale":"de_DE","og_type":"article","og_title":"Poster Grillette \u201ePr\u00e4zision & Ros\u00e9weine\u201c - Grillette Domaine De Cressier","og_description":"Poster grillette \"innovation und Weissweine\" - Grillette Geburstag","og_url":"https:\/\/grillette.ch\/de\/produit\/poster-grillette-praezision-und-roseweine\/","og_site_name":"Grillette Domaine De Cressier","article_modified_time":"2024-12-19T10:02:50+00:00","og_image":[{"width":1815,"height":2560,"url":"https:\/\/grillette.ch\/wp-content\/uploads\/2024\/07\/Affiche-1-scaled.jpg","type":"image\/jpeg"}],"twitter_card":"summary_large_image","twitter_misc":{"Gesch\u00e4tzte Lesezeit":"1\u00a0Minute"},"schema":{"@context":"https:\/\/schema.org","@graph":[{"@type":"WebPage","@id":"https:\/\/grillette.ch\/de\/produit\/poster-grillette-praezision-und-roseweine\/","url":"https:\/\/grillette.ch\/de\/produit\/poster-grillette-praezision-und-roseweine\/","name":"Poster Grillette \u201ePr\u00e4zision & Ros\u00e9weine\u201c - Grillette Domaine De Cressier","isPartOf":{"@id":"https:\/\/grillette.ch\/#website"},"primaryImageOfPage":{"@id":"https:\/\/grillette.ch\/de\/produit\/poster-grillette-praezision-und-roseweine\/#primaryimage"},"image":{"@id":"https:\/\/grillette.ch\/de\/produit\/poster-grillette-praezision-und-roseweine\/#primaryimage"},"thumbnailUrl":"https:\/\/grillette.ch\/wp-content\/uploads\/2024\/07\/Affiche-1-scaled.jpg","datePublished":"2024-07-03T12:50:45+00:00","dateModified":"2024-12-19T10:02:50+00:00","description":"Poster grillette \"innovation und Weissweine\" - Grillette Geburstag","breadcrumb":{"@id":"https:\/\/grillette.ch\/de\/produit\/poster-grillette-praezision-und-roseweine\/#breadcrumb"},"inLanguage":"de","potentialAction":[{"@type":"ReadAction","target":["https:\/\/grillette.ch\/de\/produit\/poster-grillette-praezision-und-roseweine\/"]}]},{"@type":"ImageObject","inLanguage":"de","@id":"https:\/\/grillette.ch\/de\/produit\/poster-grillette-praezision-und-roseweine\/#primaryimage","url":"https:\/\/grillette.ch\/wp-content\/uploads\/2024\/07\/Affiche-1-scaled.jpg","contentUrl":"https:\/\/grillette.ch\/wp-content\/uploads\/2024\/07\/Affiche-1-scaled.jpg","width":1815,"height":2560,"caption":"Affiche Grillette La pr\u00e9cision et les vins ros\u00e9s"},{"@type":"BreadcrumbList","@id":"https:\/\/grillette.ch\/de\/produit\/poster-grillette-praezision-und-roseweine\/#breadcrumb","itemListElement":[{"@type":"ListItem","position":1,"name":"Accueil","item":"https:\/\/grillette.ch\/de\/startseite\/"},{"@type":"ListItem","position":2,"name":"Die Boutique","item":"https:\/\/grillette.ch\/de\/die-boutique\/"},{"@type":"ListItem","position":3,"name":"Poster Grillette \u201ePr\u00e4zision &#038; Ros\u00e9weine\u201c"}]},{"@type":"WebSite","@id":"https:\/\/grillette.ch\/#website","url":"https:\/\/grillette.ch\/","name":"Grillette Domaine De Cressier","description":"Les horlogers du vin","publisher":{"@id":"https:\/\/grillette.ch\/#organization"},"potentialAction":[{"@type":"SearchAction","target":{"@type":"EntryPoint","urlTemplate":"https:\/\/grillette.ch\/?s={search_term_string}"},"query-input":{"@type":"PropertyValueSpecification","valueRequired":true,"valueName":"search_term_string"}}],"inLanguage":"de"},{"@type":"Organization","@id":"https:\/\/grillette.ch\/#organization","name":"Grillette Domaine De Cressier","url":"https:\/\/grillette.ch\/","logo":{"@type":"ImageObject","inLanguage":"de","@id":"https:\/\/grillette.ch\/#\/schema\/logo\/image\/","url":"https:\/\/grillette.ch\/wp-content\/uploads\/2020\/02\/cropped-Grillette-Horlogers-positif_R-2.jpg","contentUrl":"https:\/\/grillette.ch\/wp-content\/uploads\/2020\/02\/cropped-Grillette-Horlogers-positif_R-2.jpg","width":1325,"height":415,"caption":"Grillette Domaine De Cressier"},"image":{"@id":"https:\/\/grillette.ch\/#\/schema\/logo\/image\/"},"sameAs":["https:\/\/www.instagram.com\/lagrillette"]}]}},"jetpack_sharing_enabled":true,"_links":{"self":[{"href":"https:\/\/grillette.ch\/de\/wp-json\/wp\/v2\/product\/33961"}],"collection":[{"href":"https:\/\/grillette.ch\/de\/wp-json\/wp\/v2\/product"}],"about":[{"href":"https:\/\/grillette.ch\/de\/wp-json\/wp\/v2\/types\/product"}],"wp:featuredmedia":[{"embeddable":true,"href":"https:\/\/grillette.ch\/de\/wp-json\/wp\/v2\/media\/33963"}],"wp:attachment":[{"href":"https:\/\/grillette.ch\/de\/wp-json\/wp\/v2\/media?parent=33961"}],"wp:term":[{"taxonomy":"product_brand","embeddable":true,"href":"https:\/\/grillette.ch\/de\/wp-json\/wp\/v2\/product_brand?post=33961"},{"taxonomy":"product_cat","embeddable":true,"href":"https:\/\/grillette.ch\/de\/wp-json\/wp\/v2\/product_cat?post=33961"},{"taxonomy":"product_tag","embeddable":true,"href":"https:\/\/grillette.ch\/de\/wp-json\/wp\/v2\/product_tag?post=33961"}],"curies":[{"name":"wp","href":"https:\/\/api.w.org\/{rel}","templated":true}]}}