{"id":34154,"date":"2025-01-08T08:38:17","date_gmt":"2025-01-08T07:38:17","guid":{"rendered":"https:\/\/grillette.ch\/produit\/cuvee-speciale-lauberhorn-rouge\/"},"modified":"2026-01-08T11:45:48","modified_gmt":"2026-01-08T10:45:48","slug":"cuvee-speciale-lauberhorn-rouge","status":"publish","type":"product","link":"https:\/\/grillette.ch\/de\/produit\/cuvee-speciale-lauberhorn-rouge\/","title":{"rendered":"Cuv\u00e9e sp\u00e9ciale Lauberhorn &#8211; rouge"},"content":{"rendered":"","protected":false},"excerpt":{"rendered":"<p>Jahrgang 2024. <em><strong>Ab dem 14. Januar 2026 verf\u00fcgbar<\/strong><\/em><\/p>\n<p>Rotwein-Cuv\u00e9e.<\/p>\n<p>Entdecken Sie eine au\u00dfergew\u00f6hnliche Cuv\u00e9e, die Eleganz und Charakter vereint. Mit einer perfekt ausgewogenen Struktur, kr\u00e4ftigen Aromen und einem lang anhaltenden Abgang. Diese Cuv\u00e9e f\u00e4ngt die Essenz der Schweizer Berge und den Geist des ber\u00fchmten Wengen-Rennens ein.<\/p>\n<p>Genie\u00dfen Sie diese Cuv\u00e9e mit Blick auf die legend\u00e4re Lauberhornabfahrt oder zu einer wohlverdienten Mahlzeit nach einem Tag auf der Piste.<\/p>\n<p>Erh\u00e4ltlich in Rot und Wei\u00df, um all Ihren W\u00fcnschen gerecht zu werden.<\/p>\n<p>Der perfekte Begleiter f\u00fcr alle, die die Berge, das Skifahren und gemeinsame Erlebnisse lieben.<\/p>\n<p>&nbsp;<\/p>\n<p>p.s.: Wenn Sie den Cuv\u00e9e Blanche und den Cuv\u00e9e Rouge nebeneinander stellen, sehen Sie die Silhouette des Bergpanoramas beim Lauberhornrennen \ud83d\ude09.<\/p>\n","protected":false},"featured_media":34146,"template":"","meta":[],"product_brand":[],"product_cat":[96,91],"product_tag":[],"class_list":{"0":"post-34154","1":"product","2":"type-product","3":"status-publish","4":"has-post-thumbnail","6":"product_cat-premier","7":"product_cat-rotweine","9":"first","10":"instock","11":"taxable","12":"shipping-taxable","13":"purchasable","14":"product-type-simple"},"yoast_head":"<!-- This site is optimized with the Yoast SEO plugin v24.3 - https:\/\/yoast.com\/wordpress\/plugins\/seo\/ -->\n<title>Cuv\u00e9e sp\u00e9ciale Lauberhorn - rouge - Grillette Domaine De Cressier<\/title>\n<meta name=\"description\" content=\"D\u00e9couvrez notre cuv\u00e9e sp\u00e9ciale Lauberhorn - rouge. Une cuv\u00e9e sp\u00e9cialement produite en tant que sponsor des courses officielles de ski \u00e0 Wengen.\" \/>\n<meta name=\"robots\" content=\"index, follow, max-snippet:-1, max-image-preview:large, max-video-preview:-1\" \/>\n<link rel=\"canonical\" href=\"https:\/\/grillette.ch\/de\/produit\/cuvee-speciale-lauberhorn-rouge\/\" \/>\n<meta property=\"og:locale\" content=\"de_DE\" \/>\n<meta property=\"og:type\" content=\"article\" \/>\n<meta property=\"og:title\" content=\"Cuv\u00e9e sp\u00e9ciale Lauberhorn - rouge - Grillette Domaine De Cressier\" \/>\n<meta property=\"og:description\" content=\"D\u00e9couvrez notre cuv\u00e9e sp\u00e9ciale Lauberhorn - rouge. Une cuv\u00e9e sp\u00e9cialement produite en tant que sponsor des courses officielles de ski \u00e0 Wengen.\" \/>\n<meta property=\"og:url\" content=\"https:\/\/grillette.ch\/de\/produit\/cuvee-speciale-lauberhorn-rouge\/\" \/>\n<meta property=\"og:site_name\" content=\"Grillette Domaine De Cressier\" \/>\n<meta property=\"article:modified_time\" content=\"2026-01-08T10:45:48+00:00\" \/>\n<meta property=\"og:image\" content=\"https:\/\/grillette.ch\/wp-content\/uploads\/2025\/01\/Lauberhorn-Rouge.png\" \/>\n\t<meta property=\"og:image:width\" content=\"800\" \/>\n\t<meta property=\"og:image:height\" content=\"1406\" \/>\n\t<meta property=\"og:image:type\" content=\"image\/png\" \/>\n<meta name=\"twitter:card\" content=\"summary_large_image\" \/>\n<script type=\"application\/ld+json\" class=\"yoast-schema-graph\">{\"@context\":\"https:\/\/schema.org\",\"@graph\":[{\"@type\":\"WebPage\",\"@id\":\"https:\/\/grillette.ch\/de\/produit\/cuvee-speciale-lauberhorn-rouge\/\",\"url\":\"https:\/\/grillette.ch\/de\/produit\/cuvee-speciale-lauberhorn-rouge\/\",\"name\":\"Cuv\u00e9e sp\u00e9ciale Lauberhorn - rouge - Grillette Domaine De Cressier\",\"isPartOf\":{\"@id\":\"https:\/\/grillette.ch\/#website\"},\"primaryImageOfPage\":{\"@id\":\"https:\/\/grillette.ch\/de\/produit\/cuvee-speciale-lauberhorn-rouge\/#primaryimage\"},\"image\":{\"@id\":\"https:\/\/grillette.ch\/de\/produit\/cuvee-speciale-lauberhorn-rouge\/#primaryimage\"},\"thumbnailUrl\":\"https:\/\/grillette.ch\/wp-content\/uploads\/2025\/01\/Lauberhorn-Rouge.png\",\"datePublished\":\"2025-01-08T07:38:17+00:00\",\"dateModified\":\"2026-01-08T10:45:48+00:00\",\"description\":\"D\u00e9couvrez notre cuv\u00e9e sp\u00e9ciale Lauberhorn - rouge. Une cuv\u00e9e sp\u00e9cialement produite en tant que sponsor des courses officielles de ski \u00e0 Wengen.\",\"breadcrumb\":{\"@id\":\"https:\/\/grillette.ch\/de\/produit\/cuvee-speciale-lauberhorn-rouge\/#breadcrumb\"},\"inLanguage\":\"de\",\"potentialAction\":[{\"@type\":\"ReadAction\",\"target\":[\"https:\/\/grillette.ch\/de\/produit\/cuvee-speciale-lauberhorn-rouge\/\"]}]},{\"@type\":\"ImageObject\",\"inLanguage\":\"de\",\"@id\":\"https:\/\/grillette.ch\/de\/produit\/cuvee-speciale-lauberhorn-rouge\/#primaryimage\",\"url\":\"https:\/\/grillette.ch\/wp-content\/uploads\/2025\/01\/Lauberhorn-Rouge.png\",\"contentUrl\":\"https:\/\/grillette.ch\/wp-content\/uploads\/2025\/01\/Lauberhorn-Rouge.png\",\"width\":800,\"height\":1406},{\"@type\":\"BreadcrumbList\",\"@id\":\"https:\/\/grillette.ch\/de\/produit\/cuvee-speciale-lauberhorn-rouge\/#breadcrumb\",\"itemListElement\":[{\"@type\":\"ListItem\",\"position\":1,\"name\":\"Accueil\",\"item\":\"https:\/\/grillette.ch\/de\/startseite\/\"},{\"@type\":\"ListItem\",\"position\":2,\"name\":\"Die Boutique\",\"item\":\"https:\/\/grillette.ch\/de\/die-boutique\/\"},{\"@type\":\"ListItem\",\"position\":3,\"name\":\"Cuv\u00e9e sp\u00e9ciale Lauberhorn &#8211; rouge\"}]},{\"@type\":\"WebSite\",\"@id\":\"https:\/\/grillette.ch\/#website\",\"url\":\"https:\/\/grillette.ch\/\",\"name\":\"Grillette Domaine De Cressier\",\"description\":\"Les horlogers du vin\",\"publisher\":{\"@id\":\"https:\/\/grillette.ch\/#organization\"},\"potentialAction\":[{\"@type\":\"SearchAction\",\"target\":{\"@type\":\"EntryPoint\",\"urlTemplate\":\"https:\/\/grillette.ch\/?s={search_term_string}\"},\"query-input\":{\"@type\":\"PropertyValueSpecification\",\"valueRequired\":true,\"valueName\":\"search_term_string\"}}],\"inLanguage\":\"de\"},{\"@type\":\"Organization\",\"@id\":\"https:\/\/grillette.ch\/#organization\",\"name\":\"Grillette Domaine De Cressier\",\"url\":\"https:\/\/grillette.ch\/\",\"logo\":{\"@type\":\"ImageObject\",\"inLanguage\":\"de\",\"@id\":\"https:\/\/grillette.ch\/#\/schema\/logo\/image\/\",\"url\":\"https:\/\/grillette.ch\/wp-content\/uploads\/2020\/02\/cropped-Grillette-Horlogers-positif_R-2.jpg\",\"contentUrl\":\"https:\/\/grillette.ch\/wp-content\/uploads\/2020\/02\/cropped-Grillette-Horlogers-positif_R-2.jpg\",\"width\":1325,\"height\":415,\"caption\":\"Grillette Domaine De Cressier\"},\"image\":{\"@id\":\"https:\/\/grillette.ch\/#\/schema\/logo\/image\/\"},\"sameAs\":[\"https:\/\/www.instagram.com\/lagrillette\"]}]}<\/script>\n<!-- \/ Yoast SEO plugin. -->","yoast_head_json":{"title":"Cuv\u00e9e sp\u00e9ciale Lauberhorn - rouge - Grillette Domaine De Cressier","description":"D\u00e9couvrez notre cuv\u00e9e sp\u00e9ciale Lauberhorn - rouge. Une cuv\u00e9e sp\u00e9cialement produite en tant que sponsor des courses officielles de ski \u00e0 Wengen.","robots":{"index":"index","follow":"follow","max-snippet":"max-snippet:-1","max-image-preview":"max-image-preview:large","max-video-preview":"max-video-preview:-1"},"canonical":"https:\/\/grillette.ch\/de\/produit\/cuvee-speciale-lauberhorn-rouge\/","og_locale":"de_DE","og_type":"article","og_title":"Cuv\u00e9e sp\u00e9ciale Lauberhorn - rouge - Grillette Domaine De Cressier","og_description":"D\u00e9couvrez notre cuv\u00e9e sp\u00e9ciale Lauberhorn - rouge. Une cuv\u00e9e sp\u00e9cialement produite en tant que sponsor des courses officielles de ski \u00e0 Wengen.","og_url":"https:\/\/grillette.ch\/de\/produit\/cuvee-speciale-lauberhorn-rouge\/","og_site_name":"Grillette Domaine De Cressier","article_modified_time":"2026-01-08T10:45:48+00:00","og_image":[{"width":800,"height":1406,"url":"https:\/\/grillette.ch\/wp-content\/uploads\/2025\/01\/Lauberhorn-Rouge.png","type":"image\/png"}],"twitter_card":"summary_large_image","schema":{"@context":"https:\/\/schema.org","@graph":[{"@type":"WebPage","@id":"https:\/\/grillette.ch\/de\/produit\/cuvee-speciale-lauberhorn-rouge\/","url":"https:\/\/grillette.ch\/de\/produit\/cuvee-speciale-lauberhorn-rouge\/","name":"Cuv\u00e9e sp\u00e9ciale Lauberhorn - rouge - Grillette Domaine De Cressier","isPartOf":{"@id":"https:\/\/grillette.ch\/#website"},"primaryImageOfPage":{"@id":"https:\/\/grillette.ch\/de\/produit\/cuvee-speciale-lauberhorn-rouge\/#primaryimage"},"image":{"@id":"https:\/\/grillette.ch\/de\/produit\/cuvee-speciale-lauberhorn-rouge\/#primaryimage"},"thumbnailUrl":"https:\/\/grillette.ch\/wp-content\/uploads\/2025\/01\/Lauberhorn-Rouge.png","datePublished":"2025-01-08T07:38:17+00:00","dateModified":"2026-01-08T10:45:48+00:00","description":"D\u00e9couvrez notre cuv\u00e9e sp\u00e9ciale Lauberhorn - rouge. Une cuv\u00e9e sp\u00e9cialement produite en tant que sponsor des courses officielles de ski \u00e0 Wengen.","breadcrumb":{"@id":"https:\/\/grillette.ch\/de\/produit\/cuvee-speciale-lauberhorn-rouge\/#breadcrumb"},"inLanguage":"de","potentialAction":[{"@type":"ReadAction","target":["https:\/\/grillette.ch\/de\/produit\/cuvee-speciale-lauberhorn-rouge\/"]}]},{"@type":"ImageObject","inLanguage":"de","@id":"https:\/\/grillette.ch\/de\/produit\/cuvee-speciale-lauberhorn-rouge\/#primaryimage","url":"https:\/\/grillette.ch\/wp-content\/uploads\/2025\/01\/Lauberhorn-Rouge.png","contentUrl":"https:\/\/grillette.ch\/wp-content\/uploads\/2025\/01\/Lauberhorn-Rouge.png","width":800,"height":1406},{"@type":"BreadcrumbList","@id":"https:\/\/grillette.ch\/de\/produit\/cuvee-speciale-lauberhorn-rouge\/#breadcrumb","itemListElement":[{"@type":"ListItem","position":1,"name":"Accueil","item":"https:\/\/grillette.ch\/de\/startseite\/"},{"@type":"ListItem","position":2,"name":"Die Boutique","item":"https:\/\/grillette.ch\/de\/die-boutique\/"},{"@type":"ListItem","position":3,"name":"Cuv\u00e9e sp\u00e9ciale Lauberhorn &#8211; rouge"}]},{"@type":"WebSite","@id":"https:\/\/grillette.ch\/#website","url":"https:\/\/grillette.ch\/","name":"Grillette Domaine De Cressier","description":"Les horlogers du vin","publisher":{"@id":"https:\/\/grillette.ch\/#organization"},"potentialAction":[{"@type":"SearchAction","target":{"@type":"EntryPoint","urlTemplate":"https:\/\/grillette.ch\/?s={search_term_string}"},"query-input":{"@type":"PropertyValueSpecification","valueRequired":true,"valueName":"search_term_string"}}],"inLanguage":"de"},{"@type":"Organization","@id":"https:\/\/grillette.ch\/#organization","name":"Grillette Domaine De Cressier","url":"https:\/\/grillette.ch\/","logo":{"@type":"ImageObject","inLanguage":"de","@id":"https:\/\/grillette.ch\/#\/schema\/logo\/image\/","url":"https:\/\/grillette.ch\/wp-content\/uploads\/2020\/02\/cropped-Grillette-Horlogers-positif_R-2.jpg","contentUrl":"https:\/\/grillette.ch\/wp-content\/uploads\/2020\/02\/cropped-Grillette-Horlogers-positif_R-2.jpg","width":1325,"height":415,"caption":"Grillette Domaine De Cressier"},"image":{"@id":"https:\/\/grillette.ch\/#\/schema\/logo\/image\/"},"sameAs":["https:\/\/www.instagram.com\/lagrillette"]}]}},"jetpack_sharing_enabled":true,"_links":{"self":[{"href":"https:\/\/grillette.ch\/de\/wp-json\/wp\/v2\/product\/34154"}],"collection":[{"href":"https:\/\/grillette.ch\/de\/wp-json\/wp\/v2\/product"}],"about":[{"href":"https:\/\/grillette.ch\/de\/wp-json\/wp\/v2\/types\/product"}],"wp:featuredmedia":[{"embeddable":true,"href":"https:\/\/grillette.ch\/de\/wp-json\/wp\/v2\/media\/34146"}],"wp:attachment":[{"href":"https:\/\/grillette.ch\/de\/wp-json\/wp\/v2\/media?parent=34154"}],"wp:term":[{"taxonomy":"product_brand","embeddable":true,"href":"https:\/\/grillette.ch\/de\/wp-json\/wp\/v2\/product_brand?post=34154"},{"taxonomy":"product_cat","embeddable":true,"href":"https:\/\/grillette.ch\/de\/wp-json\/wp\/v2\/product_cat?post=34154"},{"taxonomy":"product_tag","embeddable":true,"href":"https:\/\/grillette.ch\/de\/wp-json\/wp\/v2\/product_tag?post=34154"}],"curies":[{"name":"wp","href":"https:\/\/api.w.org\/{rel}","templated":true}]}}