{"id":34251,"date":"2025-03-14T08:13:40","date_gmt":"2025-03-14T07:13:40","guid":{"rendered":"https:\/\/grillette.ch\/?post_type=product&#038;p=34251"},"modified":"2025-11-26T20:18:35","modified_gmt":"2025-11-26T19:18:35","slug":"syrah-vernissage-les-treilles-2020","status":"publish","type":"product","link":"https:\/\/grillette.ch\/de\/produit\/syrah-vernissage-les-treilles-2020\/","title":{"rendered":"Syrah Vernissage &#8222;Les Treilles&#8220; 2020"},"content":{"rendered":"","protected":false},"excerpt":{"rendered":"<p>Mill\u00e9sime 2020<\/p>\n<p>100% Syrah, barriques 18 mois. Un petit joyau rare du Domaine !<\/p>\n<p>Robe pourpre. La Syrah exprime de magnifiques notes d&#8217;\u00e9pices, de poivre noir et de baies des bois.\u00a0Elle accompagne \u00e0 merveilles la chasse, les viandes rouges, le magret de canard. Garde potentielle de 10 ans.<\/p>\n<p>Plongez dans l\u2019\u00e9l\u00e9gance absolue avec cette Syrah unique, n\u00e9e d\u2019un savoir-faire d\u2019orf\u00e8vre et d\u2019une s\u00e9lection minutieuse.<\/p>\n<p>Temp\u00e9rature de service conseill\u00e9e: 14\u00b0-16\u00b0<\/p>\n<p>&nbsp;<\/p>\n<p><em>Contient des sulfites \u2013 Vin de pays des trois-lacs \u2013 75cl &#8211; 13,5% vol.<\/em><\/p>\n","protected":false},"featured_media":30658,"template":"","meta":[],"product_brand":[],"product_cat":[27,43],"product_tag":[],"class_list":{"0":"post-34251","1":"product","2":"type-product","3":"status-publish","4":"has-post-thumbnail","6":"product_cat-les-vernissages","7":"product_cat-les-vins-rouges","9":"first","10":"instock","11":"taxable","12":"shipping-taxable","13":"purchasable","14":"product-type-simple"},"yoast_head":"<!-- This site is optimized with the Yoast SEO plugin v24.3 - https:\/\/yoast.com\/wordpress\/plugins\/seo\/ -->\n<title>Syrah Vernissage &quot;Les Treilles&quot; 2020 - Grillette Domaine De Cressier<\/title>\n<meta name=\"description\" content=\"ne micro-cuv\u00e9e d\u2019exception, un nectar rare et pr\u00e9cieux\u2026 Syrah Vernissage, 2020. Une syrah de Neuch\u00e2tel. Plongez dans l\u2019\u00e9l\u00e9gance absolue avec cette Syrah unique.\" \/>\n<meta name=\"robots\" content=\"index, follow, max-snippet:-1, max-image-preview:large, max-video-preview:-1\" \/>\n<link rel=\"canonical\" href=\"https:\/\/grillette.ch\/produit\/syrah-vernissage-les-treilles-2020\/\" \/>\n<meta property=\"og:locale\" content=\"de_DE\" \/>\n<meta property=\"og:type\" content=\"article\" \/>\n<meta property=\"og:title\" content=\"Syrah Vernissage &quot;Les Treilles&quot; 2020 - Grillette Domaine De Cressier\" \/>\n<meta property=\"og:description\" content=\"ne micro-cuv\u00e9e d\u2019exception, un nectar rare et pr\u00e9cieux\u2026 Syrah Vernissage, 2020. Une syrah de Neuch\u00e2tel. Plongez dans l\u2019\u00e9l\u00e9gance absolue avec cette Syrah unique.\" \/>\n<meta property=\"og:url\" content=\"https:\/\/grillette.ch\/produit\/syrah-vernissage-les-treilles-2020\/\" \/>\n<meta property=\"og:site_name\" content=\"Grillette Domaine De Cressier\" \/>\n<meta property=\"article:modified_time\" content=\"2025-11-26T19:18:35+00:00\" \/>\n<meta property=\"og:image\" content=\"https:\/\/grillette.ch\/wp-content\/uploads\/2020\/05\/Syrah-Vernissage.jpg\" \/>\n\t<meta property=\"og:image:width\" content=\"800\" \/>\n\t<meta property=\"og:image:height\" content=\"1406\" \/>\n\t<meta property=\"og:image:type\" content=\"image\/jpeg\" \/>\n<meta name=\"twitter:card\" content=\"summary_large_image\" \/>\n<meta name=\"twitter:label1\" content=\"Gesch\u00e4tzte Lesezeit\" \/>\n\t<meta name=\"twitter:data1\" content=\"1\u00a0Minute\" \/>\n<script type=\"application\/ld+json\" class=\"yoast-schema-graph\">{\"@context\":\"https:\/\/schema.org\",\"@graph\":[{\"@type\":\"WebPage\",\"@id\":\"https:\/\/grillette.ch\/produit\/syrah-vernissage-les-treilles-2020\/\",\"url\":\"https:\/\/grillette.ch\/produit\/syrah-vernissage-les-treilles-2020\/\",\"name\":\"Syrah Vernissage \\\"Les Treilles\\\" 2020 - Grillette Domaine De Cressier\",\"isPartOf\":{\"@id\":\"https:\/\/grillette.ch\/#website\"},\"primaryImageOfPage\":{\"@id\":\"https:\/\/grillette.ch\/produit\/syrah-vernissage-les-treilles-2020\/#primaryimage\"},\"image\":{\"@id\":\"https:\/\/grillette.ch\/produit\/syrah-vernissage-les-treilles-2020\/#primaryimage\"},\"thumbnailUrl\":\"https:\/\/grillette.ch\/wp-content\/uploads\/2020\/05\/Syrah-Vernissage.jpg\",\"datePublished\":\"2025-03-14T07:13:40+00:00\",\"dateModified\":\"2025-11-26T19:18:35+00:00\",\"description\":\"ne micro-cuv\u00e9e d\u2019exception, un nectar rare et pr\u00e9cieux\u2026 Syrah Vernissage, 2020. Une syrah de Neuch\u00e2tel. Plongez dans l\u2019\u00e9l\u00e9gance absolue avec cette Syrah unique.\",\"breadcrumb\":{\"@id\":\"https:\/\/grillette.ch\/produit\/syrah-vernissage-les-treilles-2020\/#breadcrumb\"},\"inLanguage\":\"de\",\"potentialAction\":[{\"@type\":\"ReadAction\",\"target\":[\"https:\/\/grillette.ch\/produit\/syrah-vernissage-les-treilles-2020\/\"]}]},{\"@type\":\"ImageObject\",\"inLanguage\":\"de\",\"@id\":\"https:\/\/grillette.ch\/produit\/syrah-vernissage-les-treilles-2020\/#primaryimage\",\"url\":\"https:\/\/grillette.ch\/wp-content\/uploads\/2020\/05\/Syrah-Vernissage.jpg\",\"contentUrl\":\"https:\/\/grillette.ch\/wp-content\/uploads\/2020\/05\/Syrah-Vernissage.jpg\",\"width\":800,\"height\":1406},{\"@type\":\"BreadcrumbList\",\"@id\":\"https:\/\/grillette.ch\/produit\/syrah-vernissage-les-treilles-2020\/#breadcrumb\",\"itemListElement\":[{\"@type\":\"ListItem\",\"position\":1,\"name\":\"Accueil\",\"item\":\"https:\/\/grillette.ch\/de\/startseite\/\"},{\"@type\":\"ListItem\",\"position\":2,\"name\":\"Die Boutique\",\"item\":\"https:\/\/grillette.ch\/de\/die-boutique\/\"},{\"@type\":\"ListItem\",\"position\":3,\"name\":\"Syrah Vernissage \u00ab\u00a0Les Treilles\u00a0\u00bb 2020\"}]},{\"@type\":\"WebSite\",\"@id\":\"https:\/\/grillette.ch\/#website\",\"url\":\"https:\/\/grillette.ch\/\",\"name\":\"Grillette Domaine De Cressier\",\"description\":\"Les horlogers du vin\",\"publisher\":{\"@id\":\"https:\/\/grillette.ch\/#organization\"},\"potentialAction\":[{\"@type\":\"SearchAction\",\"target\":{\"@type\":\"EntryPoint\",\"urlTemplate\":\"https:\/\/grillette.ch\/?s={search_term_string}\"},\"query-input\":{\"@type\":\"PropertyValueSpecification\",\"valueRequired\":true,\"valueName\":\"search_term_string\"}}],\"inLanguage\":\"de\"},{\"@type\":\"Organization\",\"@id\":\"https:\/\/grillette.ch\/#organization\",\"name\":\"Grillette Domaine De Cressier\",\"url\":\"https:\/\/grillette.ch\/\",\"logo\":{\"@type\":\"ImageObject\",\"inLanguage\":\"de\",\"@id\":\"https:\/\/grillette.ch\/#\/schema\/logo\/image\/\",\"url\":\"https:\/\/grillette.ch\/wp-content\/uploads\/2020\/02\/cropped-Grillette-Horlogers-positif_R-2.jpg\",\"contentUrl\":\"https:\/\/grillette.ch\/wp-content\/uploads\/2020\/02\/cropped-Grillette-Horlogers-positif_R-2.jpg\",\"width\":1325,\"height\":415,\"caption\":\"Grillette Domaine De Cressier\"},\"image\":{\"@id\":\"https:\/\/grillette.ch\/#\/schema\/logo\/image\/\"},\"sameAs\":[\"https:\/\/www.instagram.com\/lagrillette\"]}]}<\/script>\n<!-- \/ Yoast SEO plugin. -->","yoast_head_json":{"title":"Syrah Vernissage \"Les Treilles\" 2020 - Grillette Domaine De Cressier","description":"ne micro-cuv\u00e9e d\u2019exception, un nectar rare et pr\u00e9cieux\u2026 Syrah Vernissage, 2020. Une syrah de Neuch\u00e2tel. Plongez dans l\u2019\u00e9l\u00e9gance absolue avec cette Syrah unique.","robots":{"index":"index","follow":"follow","max-snippet":"max-snippet:-1","max-image-preview":"max-image-preview:large","max-video-preview":"max-video-preview:-1"},"canonical":"https:\/\/grillette.ch\/produit\/syrah-vernissage-les-treilles-2020\/","og_locale":"de_DE","og_type":"article","og_title":"Syrah Vernissage \"Les Treilles\" 2020 - Grillette Domaine De Cressier","og_description":"ne micro-cuv\u00e9e d\u2019exception, un nectar rare et pr\u00e9cieux\u2026 Syrah Vernissage, 2020. Une syrah de Neuch\u00e2tel. Plongez dans l\u2019\u00e9l\u00e9gance absolue avec cette Syrah unique.","og_url":"https:\/\/grillette.ch\/produit\/syrah-vernissage-les-treilles-2020\/","og_site_name":"Grillette Domaine De Cressier","article_modified_time":"2025-11-26T19:18:35+00:00","og_image":[{"width":800,"height":1406,"url":"https:\/\/grillette.ch\/wp-content\/uploads\/2020\/05\/Syrah-Vernissage.jpg","type":"image\/jpeg"}],"twitter_card":"summary_large_image","twitter_misc":{"Gesch\u00e4tzte Lesezeit":"1\u00a0Minute"},"schema":{"@context":"https:\/\/schema.org","@graph":[{"@type":"WebPage","@id":"https:\/\/grillette.ch\/produit\/syrah-vernissage-les-treilles-2020\/","url":"https:\/\/grillette.ch\/produit\/syrah-vernissage-les-treilles-2020\/","name":"Syrah Vernissage \"Les Treilles\" 2020 - Grillette Domaine De Cressier","isPartOf":{"@id":"https:\/\/grillette.ch\/#website"},"primaryImageOfPage":{"@id":"https:\/\/grillette.ch\/produit\/syrah-vernissage-les-treilles-2020\/#primaryimage"},"image":{"@id":"https:\/\/grillette.ch\/produit\/syrah-vernissage-les-treilles-2020\/#primaryimage"},"thumbnailUrl":"https:\/\/grillette.ch\/wp-content\/uploads\/2020\/05\/Syrah-Vernissage.jpg","datePublished":"2025-03-14T07:13:40+00:00","dateModified":"2025-11-26T19:18:35+00:00","description":"ne micro-cuv\u00e9e d\u2019exception, un nectar rare et pr\u00e9cieux\u2026 Syrah Vernissage, 2020. Une syrah de Neuch\u00e2tel. Plongez dans l\u2019\u00e9l\u00e9gance absolue avec cette Syrah unique.","breadcrumb":{"@id":"https:\/\/grillette.ch\/produit\/syrah-vernissage-les-treilles-2020\/#breadcrumb"},"inLanguage":"de","potentialAction":[{"@type":"ReadAction","target":["https:\/\/grillette.ch\/produit\/syrah-vernissage-les-treilles-2020\/"]}]},{"@type":"ImageObject","inLanguage":"de","@id":"https:\/\/grillette.ch\/produit\/syrah-vernissage-les-treilles-2020\/#primaryimage","url":"https:\/\/grillette.ch\/wp-content\/uploads\/2020\/05\/Syrah-Vernissage.jpg","contentUrl":"https:\/\/grillette.ch\/wp-content\/uploads\/2020\/05\/Syrah-Vernissage.jpg","width":800,"height":1406},{"@type":"BreadcrumbList","@id":"https:\/\/grillette.ch\/produit\/syrah-vernissage-les-treilles-2020\/#breadcrumb","itemListElement":[{"@type":"ListItem","position":1,"name":"Accueil","item":"https:\/\/grillette.ch\/de\/startseite\/"},{"@type":"ListItem","position":2,"name":"Die Boutique","item":"https:\/\/grillette.ch\/de\/die-boutique\/"},{"@type":"ListItem","position":3,"name":"Syrah Vernissage \u00ab\u00a0Les Treilles\u00a0\u00bb 2020"}]},{"@type":"WebSite","@id":"https:\/\/grillette.ch\/#website","url":"https:\/\/grillette.ch\/","name":"Grillette Domaine De Cressier","description":"Les horlogers du vin","publisher":{"@id":"https:\/\/grillette.ch\/#organization"},"potentialAction":[{"@type":"SearchAction","target":{"@type":"EntryPoint","urlTemplate":"https:\/\/grillette.ch\/?s={search_term_string}"},"query-input":{"@type":"PropertyValueSpecification","valueRequired":true,"valueName":"search_term_string"}}],"inLanguage":"de"},{"@type":"Organization","@id":"https:\/\/grillette.ch\/#organization","name":"Grillette Domaine De Cressier","url":"https:\/\/grillette.ch\/","logo":{"@type":"ImageObject","inLanguage":"de","@id":"https:\/\/grillette.ch\/#\/schema\/logo\/image\/","url":"https:\/\/grillette.ch\/wp-content\/uploads\/2020\/02\/cropped-Grillette-Horlogers-positif_R-2.jpg","contentUrl":"https:\/\/grillette.ch\/wp-content\/uploads\/2020\/02\/cropped-Grillette-Horlogers-positif_R-2.jpg","width":1325,"height":415,"caption":"Grillette Domaine De Cressier"},"image":{"@id":"https:\/\/grillette.ch\/#\/schema\/logo\/image\/"},"sameAs":["https:\/\/www.instagram.com\/lagrillette"]}]}},"jetpack_sharing_enabled":true,"_links":{"self":[{"href":"https:\/\/grillette.ch\/de\/wp-json\/wp\/v2\/product\/34251"}],"collection":[{"href":"https:\/\/grillette.ch\/de\/wp-json\/wp\/v2\/product"}],"about":[{"href":"https:\/\/grillette.ch\/de\/wp-json\/wp\/v2\/types\/product"}],"wp:featuredmedia":[{"embeddable":true,"href":"https:\/\/grillette.ch\/de\/wp-json\/wp\/v2\/media\/30658"}],"wp:attachment":[{"href":"https:\/\/grillette.ch\/de\/wp-json\/wp\/v2\/media?parent=34251"}],"wp:term":[{"taxonomy":"product_brand","embeddable":true,"href":"https:\/\/grillette.ch\/de\/wp-json\/wp\/v2\/product_brand?post=34251"},{"taxonomy":"product_cat","embeddable":true,"href":"https:\/\/grillette.ch\/de\/wp-json\/wp\/v2\/product_cat?post=34251"},{"taxonomy":"product_tag","embeddable":true,"href":"https:\/\/grillette.ch\/de\/wp-json\/wp\/v2\/product_tag?post=34251"}],"curies":[{"name":"wp","href":"https:\/\/api.w.org\/{rel}","templated":true}]}}