{"id":34355,"date":"2021-11-23T22:02:05","date_gmt":"2021-11-23T21:02:05","guid":{"rendered":"https:\/\/grillette.ch\/produit\/malbec-vernissage-le-palin-jeroboam-2022\/"},"modified":"2025-10-10T10:16:43","modified_gmt":"2025-10-10T08:16:43","slug":"malbec-vernissage-le-palin-jeroboam-2022","status":"publish","type":"product","link":"https:\/\/grillette.ch\/de\/produit\/malbec-vernissage-le-palin-jeroboam-2022\/","title":{"rendered":"Malbec Vernissage &#8222;Le Palin&#8220; J\u00e9roboam 2023"},"content":{"rendered":"","protected":false},"excerpt":{"rendered":"<p>Jahrgang 2023.<\/p>\n<p>100 % Malbec, 18 Monate in Barriquef\u00e4ssern gereift.<\/p>\n<p>Tiefes, intensives Granatrot. Sch\u00f6ne Harmonie zwischen Noten von kleinen roten Beeren, schwarzem Holunder und Gew\u00fcrzen. Am Gaumen rund, vollmundig und geschmeidig, mit einer gro\u00dfen aromatischen F\u00fclle, die erneut rote Beeren und Gew\u00fcrze vereint.<\/p>\n<p>Er passt hervorragend zu rotem Fleisch, Wild und reifem K\u00e4se aller Art. Lagerpotenzial von 10 Jahren.<\/p>\n<p>Empfohlene Serviertemperatur: 14\u00b0-16\u00b0 Nat\u00fcrliche Weinbereitung ohne Zusatz von Sulfiten.<\/p>\n<p>Passt hervorragend zu rotem Fleisch, Wild, Wurstwaren und Wildbret.<\/p>\n<p>Serviertemperatur zwischen 15\u00b0C und 18\u00b0C.<\/p>\n<p>&nbsp;<\/p>\n<p><em>Enth\u00e4lt Sulfite \u2013 Vin de pays des trois-lacs\u00a0 \u2013 300cl &#8211; 13.5% vol.<\/em><\/p>\n","protected":false},"featured_media":31502,"template":"","meta":[],"product_brand":[],"product_cat":[91,90],"product_tag":[],"class_list":{"0":"post-34355","1":"product","2":"type-product","3":"status-publish","4":"has-post-thumbnail","6":"product_cat-rotweine","7":"product_cat-vernissage","9":"first","10":"instock","11":"taxable","12":"shipping-taxable","13":"purchasable","14":"product-type-simple"},"yoast_head":"<!-- This site is optimized with the Yoast SEO plugin v24.3 - https:\/\/yoast.com\/wordpress\/plugins\/seo\/ -->\n<title>Malbec Vernissage &quot;Le Palin&quot; J\u00e9roboam 2023 - Grillette Domaine De Cressier<\/title>\n<meta name=\"robots\" content=\"index, follow, max-snippet:-1, max-image-preview:large, max-video-preview:-1\" \/>\n<link rel=\"canonical\" href=\"https:\/\/grillette.ch\/de\/produit\/malbec-vernissage-le-palin-jeroboam-2022\/\" \/>\n<meta property=\"og:locale\" content=\"de_DE\" \/>\n<meta property=\"og:type\" content=\"article\" \/>\n<meta property=\"og:title\" content=\"Malbec Vernissage &quot;Le Palin&quot; J\u00e9roboam 2023 - Grillette Domaine De Cressier\" \/>\n<meta property=\"og:description\" content=\"Jahrgang 2023.  100 % Malbec, 18 Monate in Barriquef\u00e4ssern gereift.  Tiefes, intensives Granatrot. Sch\u00f6ne Harmonie zwischen Noten von kleinen roten Beeren, schwarzem Holunder und Gew\u00fcrzen. Am Gaumen rund, vollmundig und geschmeidig, mit einer gro\u00dfen aromatischen F\u00fclle, die erneut rote Beeren und Gew\u00fcrze vereint.  Er passt hervorragend zu rotem Fleisch, Wild und reifem K\u00e4se aller Art. Lagerpotenzial von 10 Jahren.  Empfohlene Serviertemperatur: 14\u00b0-16\u00b0 Nat\u00fcrliche Weinbereitung ohne Zusatz von Sulfiten.  Passt hervorragend zu rotem Fleisch, Wild, Wurstwaren und Wildbret.  Serviertemperatur zwischen 15\u00b0C und 18\u00b0C.  &nbsp;  Enth\u00e4lt Sulfite \u2013 Vin de pays des trois-lacs\u00a0 \u2013 300cl - 13.5% vol.\" \/>\n<meta property=\"og:url\" content=\"https:\/\/grillette.ch\/de\/produit\/malbec-vernissage-le-palin-jeroboam-2022\/\" \/>\n<meta property=\"og:site_name\" content=\"Grillette Domaine De Cressier\" \/>\n<meta property=\"article:modified_time\" content=\"2025-10-10T08:16:43+00:00\" \/>\n<meta property=\"og:image\" content=\"https:\/\/grillette.ch\/wp-content\/uploads\/2020\/05\/Malbec-Vernissage-Jeroboam.jpg\" \/>\n\t<meta property=\"og:image:width\" content=\"800\" \/>\n\t<meta property=\"og:image:height\" content=\"1406\" \/>\n\t<meta property=\"og:image:type\" content=\"image\/jpeg\" \/>\n<meta name=\"twitter:card\" content=\"summary_large_image\" \/>\n<script type=\"application\/ld+json\" class=\"yoast-schema-graph\">{\"@context\":\"https:\/\/schema.org\",\"@graph\":[{\"@type\":\"WebPage\",\"@id\":\"https:\/\/grillette.ch\/de\/produit\/malbec-vernissage-le-palin-jeroboam-2022\/\",\"url\":\"https:\/\/grillette.ch\/de\/produit\/malbec-vernissage-le-palin-jeroboam-2022\/\",\"name\":\"Malbec Vernissage \\\"Le Palin\\\" J\u00e9roboam 2023 - Grillette Domaine De Cressier\",\"isPartOf\":{\"@id\":\"https:\/\/grillette.ch\/#website\"},\"primaryImageOfPage\":{\"@id\":\"https:\/\/grillette.ch\/de\/produit\/malbec-vernissage-le-palin-jeroboam-2022\/#primaryimage\"},\"image\":{\"@id\":\"https:\/\/grillette.ch\/de\/produit\/malbec-vernissage-le-palin-jeroboam-2022\/#primaryimage\"},\"thumbnailUrl\":\"https:\/\/grillette.ch\/wp-content\/uploads\/2020\/05\/Malbec-Vernissage-Jeroboam.jpg\",\"datePublished\":\"2021-11-23T21:02:05+00:00\",\"dateModified\":\"2025-10-10T08:16:43+00:00\",\"breadcrumb\":{\"@id\":\"https:\/\/grillette.ch\/de\/produit\/malbec-vernissage-le-palin-jeroboam-2022\/#breadcrumb\"},\"inLanguage\":\"de\",\"potentialAction\":[{\"@type\":\"ReadAction\",\"target\":[\"https:\/\/grillette.ch\/de\/produit\/malbec-vernissage-le-palin-jeroboam-2022\/\"]}]},{\"@type\":\"ImageObject\",\"inLanguage\":\"de\",\"@id\":\"https:\/\/grillette.ch\/de\/produit\/malbec-vernissage-le-palin-jeroboam-2022\/#primaryimage\",\"url\":\"https:\/\/grillette.ch\/wp-content\/uploads\/2020\/05\/Malbec-Vernissage-Jeroboam.jpg\",\"contentUrl\":\"https:\/\/grillette.ch\/wp-content\/uploads\/2020\/05\/Malbec-Vernissage-Jeroboam.jpg\",\"width\":800,\"height\":1406},{\"@type\":\"BreadcrumbList\",\"@id\":\"https:\/\/grillette.ch\/de\/produit\/malbec-vernissage-le-palin-jeroboam-2022\/#breadcrumb\",\"itemListElement\":[{\"@type\":\"ListItem\",\"position\":1,\"name\":\"Accueil\",\"item\":\"https:\/\/grillette.ch\/de\/startseite\/\"},{\"@type\":\"ListItem\",\"position\":2,\"name\":\"Die Boutique\",\"item\":\"https:\/\/grillette.ch\/de\/die-boutique\/\"},{\"@type\":\"ListItem\",\"position\":3,\"name\":\"Malbec Vernissage &#8222;Le Palin&#8220; J\u00e9roboam 2023\"}]},{\"@type\":\"WebSite\",\"@id\":\"https:\/\/grillette.ch\/#website\",\"url\":\"https:\/\/grillette.ch\/\",\"name\":\"Grillette Domaine De Cressier\",\"description\":\"Les horlogers du vin\",\"publisher\":{\"@id\":\"https:\/\/grillette.ch\/#organization\"},\"potentialAction\":[{\"@type\":\"SearchAction\",\"target\":{\"@type\":\"EntryPoint\",\"urlTemplate\":\"https:\/\/grillette.ch\/?s={search_term_string}\"},\"query-input\":{\"@type\":\"PropertyValueSpecification\",\"valueRequired\":true,\"valueName\":\"search_term_string\"}}],\"inLanguage\":\"de\"},{\"@type\":\"Organization\",\"@id\":\"https:\/\/grillette.ch\/#organization\",\"name\":\"Grillette Domaine De Cressier\",\"url\":\"https:\/\/grillette.ch\/\",\"logo\":{\"@type\":\"ImageObject\",\"inLanguage\":\"de\",\"@id\":\"https:\/\/grillette.ch\/#\/schema\/logo\/image\/\",\"url\":\"https:\/\/grillette.ch\/wp-content\/uploads\/2020\/02\/cropped-Grillette-Horlogers-positif_R-2.jpg\",\"contentUrl\":\"https:\/\/grillette.ch\/wp-content\/uploads\/2020\/02\/cropped-Grillette-Horlogers-positif_R-2.jpg\",\"width\":1325,\"height\":415,\"caption\":\"Grillette Domaine De Cressier\"},\"image\":{\"@id\":\"https:\/\/grillette.ch\/#\/schema\/logo\/image\/\"},\"sameAs\":[\"https:\/\/www.instagram.com\/lagrillette\"]}]}<\/script>\n<!-- \/ Yoast SEO plugin. -->","yoast_head_json":{"title":"Malbec Vernissage \"Le Palin\" J\u00e9roboam 2023 - Grillette Domaine De Cressier","robots":{"index":"index","follow":"follow","max-snippet":"max-snippet:-1","max-image-preview":"max-image-preview:large","max-video-preview":"max-video-preview:-1"},"canonical":"https:\/\/grillette.ch\/de\/produit\/malbec-vernissage-le-palin-jeroboam-2022\/","og_locale":"de_DE","og_type":"article","og_title":"Malbec Vernissage \"Le Palin\" J\u00e9roboam 2023 - Grillette Domaine De Cressier","og_description":"Jahrgang 2023.  100 % Malbec, 18 Monate in Barriquef\u00e4ssern gereift.  Tiefes, intensives Granatrot. Sch\u00f6ne Harmonie zwischen Noten von kleinen roten Beeren, schwarzem Holunder und Gew\u00fcrzen. Am Gaumen rund, vollmundig und geschmeidig, mit einer gro\u00dfen aromatischen F\u00fclle, die erneut rote Beeren und Gew\u00fcrze vereint.  Er passt hervorragend zu rotem Fleisch, Wild und reifem K\u00e4se aller Art. Lagerpotenzial von 10 Jahren.  Empfohlene Serviertemperatur: 14\u00b0-16\u00b0 Nat\u00fcrliche Weinbereitung ohne Zusatz von Sulfiten.  Passt hervorragend zu rotem Fleisch, Wild, Wurstwaren und Wildbret.  Serviertemperatur zwischen 15\u00b0C und 18\u00b0C.  &nbsp;  Enth\u00e4lt Sulfite \u2013 Vin de pays des trois-lacs\u00a0 \u2013 300cl - 13.5% vol.","og_url":"https:\/\/grillette.ch\/de\/produit\/malbec-vernissage-le-palin-jeroboam-2022\/","og_site_name":"Grillette Domaine De Cressier","article_modified_time":"2025-10-10T08:16:43+00:00","og_image":[{"width":800,"height":1406,"url":"https:\/\/grillette.ch\/wp-content\/uploads\/2020\/05\/Malbec-Vernissage-Jeroboam.jpg","type":"image\/jpeg"}],"twitter_card":"summary_large_image","schema":{"@context":"https:\/\/schema.org","@graph":[{"@type":"WebPage","@id":"https:\/\/grillette.ch\/de\/produit\/malbec-vernissage-le-palin-jeroboam-2022\/","url":"https:\/\/grillette.ch\/de\/produit\/malbec-vernissage-le-palin-jeroboam-2022\/","name":"Malbec Vernissage \"Le Palin\" J\u00e9roboam 2023 - Grillette Domaine De Cressier","isPartOf":{"@id":"https:\/\/grillette.ch\/#website"},"primaryImageOfPage":{"@id":"https:\/\/grillette.ch\/de\/produit\/malbec-vernissage-le-palin-jeroboam-2022\/#primaryimage"},"image":{"@id":"https:\/\/grillette.ch\/de\/produit\/malbec-vernissage-le-palin-jeroboam-2022\/#primaryimage"},"thumbnailUrl":"https:\/\/grillette.ch\/wp-content\/uploads\/2020\/05\/Malbec-Vernissage-Jeroboam.jpg","datePublished":"2021-11-23T21:02:05+00:00","dateModified":"2025-10-10T08:16:43+00:00","breadcrumb":{"@id":"https:\/\/grillette.ch\/de\/produit\/malbec-vernissage-le-palin-jeroboam-2022\/#breadcrumb"},"inLanguage":"de","potentialAction":[{"@type":"ReadAction","target":["https:\/\/grillette.ch\/de\/produit\/malbec-vernissage-le-palin-jeroboam-2022\/"]}]},{"@type":"ImageObject","inLanguage":"de","@id":"https:\/\/grillette.ch\/de\/produit\/malbec-vernissage-le-palin-jeroboam-2022\/#primaryimage","url":"https:\/\/grillette.ch\/wp-content\/uploads\/2020\/05\/Malbec-Vernissage-Jeroboam.jpg","contentUrl":"https:\/\/grillette.ch\/wp-content\/uploads\/2020\/05\/Malbec-Vernissage-Jeroboam.jpg","width":800,"height":1406},{"@type":"BreadcrumbList","@id":"https:\/\/grillette.ch\/de\/produit\/malbec-vernissage-le-palin-jeroboam-2022\/#breadcrumb","itemListElement":[{"@type":"ListItem","position":1,"name":"Accueil","item":"https:\/\/grillette.ch\/de\/startseite\/"},{"@type":"ListItem","position":2,"name":"Die Boutique","item":"https:\/\/grillette.ch\/de\/die-boutique\/"},{"@type":"ListItem","position":3,"name":"Malbec Vernissage &#8222;Le Palin&#8220; J\u00e9roboam 2023"}]},{"@type":"WebSite","@id":"https:\/\/grillette.ch\/#website","url":"https:\/\/grillette.ch\/","name":"Grillette Domaine De Cressier","description":"Les horlogers du vin","publisher":{"@id":"https:\/\/grillette.ch\/#organization"},"potentialAction":[{"@type":"SearchAction","target":{"@type":"EntryPoint","urlTemplate":"https:\/\/grillette.ch\/?s={search_term_string}"},"query-input":{"@type":"PropertyValueSpecification","valueRequired":true,"valueName":"search_term_string"}}],"inLanguage":"de"},{"@type":"Organization","@id":"https:\/\/grillette.ch\/#organization","name":"Grillette Domaine De Cressier","url":"https:\/\/grillette.ch\/","logo":{"@type":"ImageObject","inLanguage":"de","@id":"https:\/\/grillette.ch\/#\/schema\/logo\/image\/","url":"https:\/\/grillette.ch\/wp-content\/uploads\/2020\/02\/cropped-Grillette-Horlogers-positif_R-2.jpg","contentUrl":"https:\/\/grillette.ch\/wp-content\/uploads\/2020\/02\/cropped-Grillette-Horlogers-positif_R-2.jpg","width":1325,"height":415,"caption":"Grillette Domaine De Cressier"},"image":{"@id":"https:\/\/grillette.ch\/#\/schema\/logo\/image\/"},"sameAs":["https:\/\/www.instagram.com\/lagrillette"]}]}},"jetpack_sharing_enabled":true,"_links":{"self":[{"href":"https:\/\/grillette.ch\/de\/wp-json\/wp\/v2\/product\/34355"}],"collection":[{"href":"https:\/\/grillette.ch\/de\/wp-json\/wp\/v2\/product"}],"about":[{"href":"https:\/\/grillette.ch\/de\/wp-json\/wp\/v2\/types\/product"}],"wp:featuredmedia":[{"embeddable":true,"href":"https:\/\/grillette.ch\/de\/wp-json\/wp\/v2\/media\/31502"}],"wp:attachment":[{"href":"https:\/\/grillette.ch\/de\/wp-json\/wp\/v2\/media?parent=34355"}],"wp:term":[{"taxonomy":"product_brand","embeddable":true,"href":"https:\/\/grillette.ch\/de\/wp-json\/wp\/v2\/product_brand?post=34355"},{"taxonomy":"product_cat","embeddable":true,"href":"https:\/\/grillette.ch\/de\/wp-json\/wp\/v2\/product_cat?post=34355"},{"taxonomy":"product_tag","embeddable":true,"href":"https:\/\/grillette.ch\/de\/wp-json\/wp\/v2\/product_tag?post=34355"}],"curies":[{"name":"wp","href":"https:\/\/api.w.org\/{rel}","templated":true}]}}