{"id":34356,"date":"2020-09-18T14:22:19","date_gmt":"2020-09-18T12:22:19","guid":{"rendered":"https:\/\/grillette.ch\/produit\/merlot-vernissage-le-clou-jeroboam-2023\/"},"modified":"2025-08-08T10:28:40","modified_gmt":"2025-08-08T08:28:40","slug":"merlot-vernissage-le-clou-jeroboam-2023","status":"publish","type":"product","link":"https:\/\/grillette.ch\/de\/produit\/merlot-vernissage-le-clou-jeroboam-2023\/","title":{"rendered":"Merlot Vernissage &#8222;Le Clou&#8220; J\u00e9roboam 2023"},"content":{"rendered":"","protected":false},"excerpt":{"rendered":"<p>Jahrgang 2023.<\/p>\n<p>100 % Merlot, 18 Monate in Barriquef\u00e4ssern gereift. VDP der drei Seen<\/p>\n<p>Tief granatrote Farbe. In der Nase entwickeln sich Aromen von kleinen roten Fr\u00fcchten, neuem Leder und Pflaumen, die sich mit subtilen Gew\u00fcrznoten vermischen. Sehr vollmundig, die Tannine sind pr\u00e4sent, aber seidig.<\/p>\n<p>Passt hervorragend zu rotem Fleisch, Wild und charakterstarken K\u00e4sesorten. Lagerpotenzial von 10 Jahren.<\/p>\n<p>Empfohlene Serviertemperatur: 14\u00b0-16\u00b0<\/p>\n<p>&nbsp;<\/p>\n<p><em>Enth\u00e4lt Sulfite \u2013 Vin de pays des trois-lacs\u00a0 \u2013 300cl &#8211; 14% vol.<\/em><\/p>\n","protected":false},"featured_media":30646,"template":"","meta":[],"product_brand":[],"product_cat":[91,90],"product_tag":[],"class_list":{"0":"post-34356","1":"product","2":"type-product","3":"status-publish","4":"has-post-thumbnail","6":"product_cat-rotweine","7":"product_cat-vernissage","9":"first","10":"instock","11":"taxable","12":"shipping-taxable","13":"purchasable","14":"product-type-simple"},"yoast_head":"<!-- This site is optimized with the Yoast SEO plugin v24.3 - https:\/\/yoast.com\/wordpress\/plugins\/seo\/ -->\n<title>Merlot Vernissage &quot;Le Clou&quot; J\u00e9roboam 2023 - Grillette Domaine De Cressier<\/title>\n<meta name=\"robots\" content=\"index, follow, max-snippet:-1, max-image-preview:large, max-video-preview:-1\" \/>\n<link rel=\"canonical\" href=\"https:\/\/grillette.ch\/de\/produit\/merlot-vernissage-le-clou-jeroboam-2023\/\" \/>\n<meta property=\"og:locale\" content=\"de_DE\" \/>\n<meta property=\"og:type\" content=\"article\" \/>\n<meta property=\"og:title\" content=\"Merlot Vernissage &quot;Le Clou&quot; J\u00e9roboam 2023 - Grillette Domaine De Cressier\" \/>\n<meta property=\"og:description\" content=\"Jahrgang 2023.  100 % Merlot, 18 Monate in Barriquef\u00e4ssern gereift. VDP der drei Seen  Tief granatrote Farbe. In der Nase entwickeln sich Aromen von kleinen roten Fr\u00fcchten, neuem Leder und Pflaumen, die sich mit subtilen Gew\u00fcrznoten vermischen. Sehr vollmundig, die Tannine sind pr\u00e4sent, aber seidig.  Passt hervorragend zu rotem Fleisch, Wild und charakterstarken K\u00e4sesorten. Lagerpotenzial von 10 Jahren.  Empfohlene Serviertemperatur: 14\u00b0-16\u00b0  &nbsp;  Enth\u00e4lt Sulfite \u2013 Vin de pays des trois-lacs\u00a0 \u2013 300cl - 14% vol.\" \/>\n<meta property=\"og:url\" content=\"https:\/\/grillette.ch\/de\/produit\/merlot-vernissage-le-clou-jeroboam-2023\/\" \/>\n<meta property=\"og:site_name\" content=\"Grillette Domaine De Cressier\" \/>\n<meta property=\"article:modified_time\" content=\"2025-08-08T08:28:40+00:00\" \/>\n<meta name=\"twitter:card\" content=\"summary_large_image\" \/>\n<script type=\"application\/ld+json\" class=\"yoast-schema-graph\">{\"@context\":\"https:\/\/schema.org\",\"@graph\":[{\"@type\":\"WebPage\",\"@id\":\"https:\/\/grillette.ch\/de\/produit\/merlot-vernissage-le-clou-jeroboam-2023\/\",\"url\":\"https:\/\/grillette.ch\/de\/produit\/merlot-vernissage-le-clou-jeroboam-2023\/\",\"name\":\"Merlot Vernissage \\\"Le Clou\\\" J\u00e9roboam 2023 - Grillette Domaine De Cressier\",\"isPartOf\":{\"@id\":\"https:\/\/grillette.ch\/#website\"},\"primaryImageOfPage\":{\"@id\":\"https:\/\/grillette.ch\/de\/produit\/merlot-vernissage-le-clou-jeroboam-2023\/#primaryimage\"},\"image\":{\"@id\":\"https:\/\/grillette.ch\/de\/produit\/merlot-vernissage-le-clou-jeroboam-2023\/#primaryimage\"},\"thumbnailUrl\":\"https:\/\/grillette.ch\/wp-content\/uploads\/2020\/05\/Merlot-Vernissage-Jeroboam.jpg\",\"datePublished\":\"2020-09-18T12:22:19+00:00\",\"dateModified\":\"2025-08-08T08:28:40+00:00\",\"breadcrumb\":{\"@id\":\"https:\/\/grillette.ch\/de\/produit\/merlot-vernissage-le-clou-jeroboam-2023\/#breadcrumb\"},\"inLanguage\":\"de\",\"potentialAction\":[{\"@type\":\"ReadAction\",\"target\":[\"https:\/\/grillette.ch\/de\/produit\/merlot-vernissage-le-clou-jeroboam-2023\/\"]}]},{\"@type\":\"ImageObject\",\"inLanguage\":\"de\",\"@id\":\"https:\/\/grillette.ch\/de\/produit\/merlot-vernissage-le-clou-jeroboam-2023\/#primaryimage\",\"url\":\"https:\/\/grillette.ch\/wp-content\/uploads\/2020\/05\/Merlot-Vernissage-Jeroboam.jpg\",\"contentUrl\":\"https:\/\/grillette.ch\/wp-content\/uploads\/2020\/05\/Merlot-Vernissage-Jeroboam.jpg\",\"width\":800,\"height\":1406},{\"@type\":\"BreadcrumbList\",\"@id\":\"https:\/\/grillette.ch\/de\/produit\/merlot-vernissage-le-clou-jeroboam-2023\/#breadcrumb\",\"itemListElement\":[{\"@type\":\"ListItem\",\"position\":1,\"name\":\"Accueil\",\"item\":\"https:\/\/grillette.ch\/de\/startseite\/\"},{\"@type\":\"ListItem\",\"position\":2,\"name\":\"Die Boutique\",\"item\":\"https:\/\/grillette.ch\/de\/die-boutique\/\"},{\"@type\":\"ListItem\",\"position\":3,\"name\":\"Merlot Vernissage &#8222;Le Clou&#8220; J\u00e9roboam 2023\"}]},{\"@type\":\"WebSite\",\"@id\":\"https:\/\/grillette.ch\/#website\",\"url\":\"https:\/\/grillette.ch\/\",\"name\":\"Grillette Domaine De Cressier\",\"description\":\"Les horlogers du vin\",\"publisher\":{\"@id\":\"https:\/\/grillette.ch\/#organization\"},\"potentialAction\":[{\"@type\":\"SearchAction\",\"target\":{\"@type\":\"EntryPoint\",\"urlTemplate\":\"https:\/\/grillette.ch\/?s={search_term_string}\"},\"query-input\":{\"@type\":\"PropertyValueSpecification\",\"valueRequired\":true,\"valueName\":\"search_term_string\"}}],\"inLanguage\":\"de\"},{\"@type\":\"Organization\",\"@id\":\"https:\/\/grillette.ch\/#organization\",\"name\":\"Grillette Domaine De Cressier\",\"url\":\"https:\/\/grillette.ch\/\",\"logo\":{\"@type\":\"ImageObject\",\"inLanguage\":\"de\",\"@id\":\"https:\/\/grillette.ch\/#\/schema\/logo\/image\/\",\"url\":\"https:\/\/grillette.ch\/wp-content\/uploads\/2020\/02\/cropped-Grillette-Horlogers-positif_R-2.jpg\",\"contentUrl\":\"https:\/\/grillette.ch\/wp-content\/uploads\/2020\/02\/cropped-Grillette-Horlogers-positif_R-2.jpg\",\"width\":1325,\"height\":415,\"caption\":\"Grillette Domaine De Cressier\"},\"image\":{\"@id\":\"https:\/\/grillette.ch\/#\/schema\/logo\/image\/\"},\"sameAs\":[\"https:\/\/www.instagram.com\/lagrillette\"]}]}<\/script>\n<!-- \/ Yoast SEO plugin. -->","yoast_head_json":{"title":"Merlot Vernissage \"Le Clou\" J\u00e9roboam 2023 - Grillette Domaine De Cressier","robots":{"index":"index","follow":"follow","max-snippet":"max-snippet:-1","max-image-preview":"max-image-preview:large","max-video-preview":"max-video-preview:-1"},"canonical":"https:\/\/grillette.ch\/de\/produit\/merlot-vernissage-le-clou-jeroboam-2023\/","og_locale":"de_DE","og_type":"article","og_title":"Merlot Vernissage \"Le Clou\" J\u00e9roboam 2023 - Grillette Domaine De Cressier","og_description":"Jahrgang 2023.  100 % Merlot, 18 Monate in Barriquef\u00e4ssern gereift. VDP der drei Seen  Tief granatrote Farbe. In der Nase entwickeln sich Aromen von kleinen roten Fr\u00fcchten, neuem Leder und Pflaumen, die sich mit subtilen Gew\u00fcrznoten vermischen. Sehr vollmundig, die Tannine sind pr\u00e4sent, aber seidig.  Passt hervorragend zu rotem Fleisch, Wild und charakterstarken K\u00e4sesorten. Lagerpotenzial von 10 Jahren.  Empfohlene Serviertemperatur: 14\u00b0-16\u00b0  &nbsp;  Enth\u00e4lt Sulfite \u2013 Vin de pays des trois-lacs\u00a0 \u2013 300cl - 14% vol.","og_url":"https:\/\/grillette.ch\/de\/produit\/merlot-vernissage-le-clou-jeroboam-2023\/","og_site_name":"Grillette Domaine De Cressier","article_modified_time":"2025-08-08T08:28:40+00:00","twitter_card":"summary_large_image","schema":{"@context":"https:\/\/schema.org","@graph":[{"@type":"WebPage","@id":"https:\/\/grillette.ch\/de\/produit\/merlot-vernissage-le-clou-jeroboam-2023\/","url":"https:\/\/grillette.ch\/de\/produit\/merlot-vernissage-le-clou-jeroboam-2023\/","name":"Merlot Vernissage \"Le Clou\" J\u00e9roboam 2023 - Grillette Domaine De Cressier","isPartOf":{"@id":"https:\/\/grillette.ch\/#website"},"primaryImageOfPage":{"@id":"https:\/\/grillette.ch\/de\/produit\/merlot-vernissage-le-clou-jeroboam-2023\/#primaryimage"},"image":{"@id":"https:\/\/grillette.ch\/de\/produit\/merlot-vernissage-le-clou-jeroboam-2023\/#primaryimage"},"thumbnailUrl":"https:\/\/grillette.ch\/wp-content\/uploads\/2020\/05\/Merlot-Vernissage-Jeroboam.jpg","datePublished":"2020-09-18T12:22:19+00:00","dateModified":"2025-08-08T08:28:40+00:00","breadcrumb":{"@id":"https:\/\/grillette.ch\/de\/produit\/merlot-vernissage-le-clou-jeroboam-2023\/#breadcrumb"},"inLanguage":"de","potentialAction":[{"@type":"ReadAction","target":["https:\/\/grillette.ch\/de\/produit\/merlot-vernissage-le-clou-jeroboam-2023\/"]}]},{"@type":"ImageObject","inLanguage":"de","@id":"https:\/\/grillette.ch\/de\/produit\/merlot-vernissage-le-clou-jeroboam-2023\/#primaryimage","url":"https:\/\/grillette.ch\/wp-content\/uploads\/2020\/05\/Merlot-Vernissage-Jeroboam.jpg","contentUrl":"https:\/\/grillette.ch\/wp-content\/uploads\/2020\/05\/Merlot-Vernissage-Jeroboam.jpg","width":800,"height":1406},{"@type":"BreadcrumbList","@id":"https:\/\/grillette.ch\/de\/produit\/merlot-vernissage-le-clou-jeroboam-2023\/#breadcrumb","itemListElement":[{"@type":"ListItem","position":1,"name":"Accueil","item":"https:\/\/grillette.ch\/de\/startseite\/"},{"@type":"ListItem","position":2,"name":"Die Boutique","item":"https:\/\/grillette.ch\/de\/die-boutique\/"},{"@type":"ListItem","position":3,"name":"Merlot Vernissage &#8222;Le Clou&#8220; J\u00e9roboam 2023"}]},{"@type":"WebSite","@id":"https:\/\/grillette.ch\/#website","url":"https:\/\/grillette.ch\/","name":"Grillette Domaine De Cressier","description":"Les horlogers du vin","publisher":{"@id":"https:\/\/grillette.ch\/#organization"},"potentialAction":[{"@type":"SearchAction","target":{"@type":"EntryPoint","urlTemplate":"https:\/\/grillette.ch\/?s={search_term_string}"},"query-input":{"@type":"PropertyValueSpecification","valueRequired":true,"valueName":"search_term_string"}}],"inLanguage":"de"},{"@type":"Organization","@id":"https:\/\/grillette.ch\/#organization","name":"Grillette Domaine De Cressier","url":"https:\/\/grillette.ch\/","logo":{"@type":"ImageObject","inLanguage":"de","@id":"https:\/\/grillette.ch\/#\/schema\/logo\/image\/","url":"https:\/\/grillette.ch\/wp-content\/uploads\/2020\/02\/cropped-Grillette-Horlogers-positif_R-2.jpg","contentUrl":"https:\/\/grillette.ch\/wp-content\/uploads\/2020\/02\/cropped-Grillette-Horlogers-positif_R-2.jpg","width":1325,"height":415,"caption":"Grillette Domaine De Cressier"},"image":{"@id":"https:\/\/grillette.ch\/#\/schema\/logo\/image\/"},"sameAs":["https:\/\/www.instagram.com\/lagrillette"]}]}},"jetpack_sharing_enabled":true,"_links":{"self":[{"href":"https:\/\/grillette.ch\/de\/wp-json\/wp\/v2\/product\/34356"}],"collection":[{"href":"https:\/\/grillette.ch\/de\/wp-json\/wp\/v2\/product"}],"about":[{"href":"https:\/\/grillette.ch\/de\/wp-json\/wp\/v2\/types\/product"}],"wp:featuredmedia":[{"embeddable":true,"href":"https:\/\/grillette.ch\/de\/wp-json\/wp\/v2\/media\/30646"}],"wp:attachment":[{"href":"https:\/\/grillette.ch\/de\/wp-json\/wp\/v2\/media?parent=34356"}],"wp:term":[{"taxonomy":"product_brand","embeddable":true,"href":"https:\/\/grillette.ch\/de\/wp-json\/wp\/v2\/product_brand?post=34356"},{"taxonomy":"product_cat","embeddable":true,"href":"https:\/\/grillette.ch\/de\/wp-json\/wp\/v2\/product_cat?post=34356"},{"taxonomy":"product_tag","embeddable":true,"href":"https:\/\/grillette.ch\/de\/wp-json\/wp\/v2\/product_tag?post=34356"}],"curies":[{"name":"wp","href":"https:\/\/api.w.org\/{rel}","templated":true}]}}